{"id":110554,"date":"2026-03-18T00:00:00","date_gmt":"2026-03-18T05:00:00","guid":{"rendered":"http:\/\/gpl-love.com\/es\/producto\/listingpro-wordpress-directory-theme\/"},"modified":"2026-03-18T23:15:52","modified_gmt":"2026-03-19T04:15:52","slug":"listingpro-wordpress-directory-theme","status":"publish","type":"product","link":"https:\/\/gpl-love.com\/es\/producto\/listingpro-wordpress-directory-theme\/","title":{"rendered":"ListingPro WordPress Directory Theme 2.9.11"},"content":{"rendered":"<h3>ListingPro WordPress Directory Theme Caracteristicas<\/h3>\n<p>ListingPro WordPress Directory Temo es un tema de directorio robusto y que lo abarca todo que ha sido meticulosamente elaborado para ayudar a las empresas a establecer r\u00e1pidamente y sin esfuerzo a establecer directorios profesionales y f\u00e1ciles de usar. Este tema excepcional cuenta con una mir\u00edada de caracter\u00edsticas y herramientas notables que capacitan a los usuarios para adaptar sus directorios de acuerdo con sus preferencias individuales, que abarca la integraci\u00f3n de campos personalizados, funcionalidades de b\u00fasqueda avanzadas y capacidades de filtrado extremadamente potentes. Adem\u00e1s, este tema se ha optimizado perfectamente para la optimizaci\u00f3n de motores de b\u00fasqueda (SEO), lo que facilita a las empresas para generar un tr\u00e1fico sustancial a sus directorios y aumentar su prominencia digital. Con una interfaz elegante y contempor\u00e1nea junto con una extensa gama de opciones de personalizaci\u00f3n, enumerando el tema del directorio de WordPress de Word, innegablemente surge como la opci\u00f3n definitiva e incomparable para las empresas que aspiran a seleccionar directorios de nivel superior capaz de atraer y retener una base de clientes leyal.<\/p>\n<ul>\n<li>Tema de sitio web de directorio profesional y atractivo para WordPress<\/li>\n<li>Las caracter\u00edsticas incluyen listados, mapas, revisiones, calificaciones y funcionalidad de b\u00fasqueda<\/li>\n<li>F\u00e1cil de personalizar y receptivo por completo para dispositivos m\u00f3viles<\/li>\n<li>Opciones de monetizaci\u00f3n incorporadas, como listados de pagos, pancartas de anuncios y paquetes de membres\u00eda<\/li>\n<li>Se integra con complementos populares de terceros como WooCommerce, Contact Form 7 y Yoast SEO<\/li>\n<li>Optimizado para SEO e integraci\u00f3n con Google Maps<\/li>\n<li>Incluye un creador de p\u00e1ginas de arrastrar y soltar para una f\u00e1cil personalizaci\u00f3n del sitio<\/li>\n<li>Admite m\u00faltiples idiomas e incluye contenido de demostraci\u00f3n para una f\u00e1cil configuraci\u00f3n<\/li>\n<li>Viene con actualizaciones regulares y atenci\u00f3n al cliente dedicada<\/li>\n<li>Recomendado para empresas, organizaciones o personas que buscan crear un sitio web de directorio profesional.<\/li>\n<\/ul>\n","protected":false},"excerpt":{"rendered":"<p>El tema del directorio ListingPro WordPress es una herramienta incre\u00edblemente potente que faculta a los usuarios a construir sitios web de directorio integrales sin esfuerzo. A trav\u00e9s de este tema, las personas tienen la capacidad de generar un directorio muy robusto que abarca una amplia gama de negocios, servicios e incluso eventos. El tema en s\u00ed ofrece una amplia gama de caracter\u00edsticas avanzadas, que incluyen, entre otros, un proceso de env\u00edo de contenido sin problemas, integraci\u00f3n con varios complementos, opciones de filtrado vers\u00e1tiles y oportunidades lucrativas para la monetizaci\u00f3n. Sorprendentemente, el tema ListingPro cuenta con SEO y la amigable m\u00f3vil, lo que lo convierte en una selecci\u00f3n excepcional para las empresas con el objetivo de expandir su base de clientes o personas que aspiran a establecer un directorio de nicho pr\u00f3spero. Al emplear este tema, los usuarios pueden dise\u00f1ar r\u00e1pidamente un sitio de directorio est\u00e9ticamente agradable, f\u00e1cil de usar y excepcionalmente rico en funciones.<\/p>\n","protected":false},"featured_media":166624,"comment_status":"open","ping_status":"open","template":"","meta":[],"product_brand":[2337],"product_cat":[1267,1237,1238],"product_tag":[1391],"class_list":{"0":"post-110554","1":"product","2":"type-product","3":"status-publish","4":"has-post-thumbnail","6":"product_brand-themeforest","7":"product_cat-creativo","8":"product_cat-temas","9":"product_cat-wordpress-temas","10":"product_tag-themeforest","11":"member-discount","12":"discount-restricted","14":"first","15":"instock","16":"sale","17":"downloadable","18":"virtual","19":"sold-individually","20":"purchasable","21":"product-type-simple"},"_links":{"self":[{"href":"https:\/\/gpl-love.com\/es\/wp-json\/wp\/v2\/product\/110554","targetHints":{"allow":["GET"]}}],"collection":[{"href":"https:\/\/gpl-love.com\/es\/wp-json\/wp\/v2\/product"}],"about":[{"href":"https:\/\/gpl-love.com\/es\/wp-json\/wp\/v2\/types\/product"}],"replies":[{"embeddable":true,"href":"https:\/\/gpl-love.com\/es\/wp-json\/wp\/v2\/comments?post=110554"}],"wp:featuredmedia":[{"embeddable":true,"href":"https:\/\/gpl-love.com\/es\/wp-json\/wp\/v2\/media\/166624"}],"wp:attachment":[{"href":"https:\/\/gpl-love.com\/es\/wp-json\/wp\/v2\/media?parent=110554"}],"wp:term":[{"taxonomy":"product_brand","embeddable":true,"href":"https:\/\/gpl-love.com\/es\/wp-json\/wp\/v2\/product_brand?post=110554"},{"taxonomy":"product_cat","embeddable":true,"href":"https:\/\/gpl-love.com\/es\/wp-json\/wp\/v2\/product_cat?post=110554"},{"taxonomy":"product_tag","embeddable":true,"href":"https:\/\/gpl-love.com\/es\/wp-json\/wp\/v2\/product_tag?post=110554"}],"curies":[{"name":"wp","href":"https:\/\/api.w.org\/{rel}","templated":true}]}}