{"id":110550,"date":"2023-08-09T00:00:00","date_gmt":"2023-08-09T05:00:00","guid":{"rendered":"http:\/\/gpl-love.com\/es\/producto\/ciyashop-woocommerce-wordpress-theme\/"},"modified":"2026-03-13T17:17:43","modified_gmt":"2026-03-13T22:17:43","slug":"ciyashop-woocommerce-wordpress-theme","status":"publish","type":"product","link":"https:\/\/gpl-love.com\/es\/producto\/ciyashop-woocommerce-wordpress-theme\/","title":{"rendered":"CiyaShop Responsive Multi-Purpose WooCommerce WordPress Theme 4.13.0"},"content":{"rendered":"<h3>CiyaShop Responsive Multi-Purpose WooCommerce WordPress Theme Caracteristicas<\/h3>\n<p>El tema de WordPress multiprop\u00f3sito de CIYASHOP RESPONSE ofrece una gran cantidad de capacidades y adaptabilidad, lo que lo convierte en una opci\u00f3n ideal para empresas en l\u00ednea de varios tipos y escalas. Este tema cuenta con un conjunto de caracter\u00edsticas potentes y una interfaz intuitiva que faculta a los usuarios para crear sitios web de comercio electr\u00f3nico visualmente impresionantes y completamente funcionales que est\u00e1n optimizados para el rendimiento de primer nivel, la rapidez y la optimizaci\u00f3n de los motores de b\u00fasqueda. Adem\u00e1s, Ciyashop proporciona una amplia gama de plantillas y dise\u00f1os predise\u00f1ados que se pueden personalizar sin esfuerzo utilizando el conveniente constructor de arrastrar y soltar, eliminando la necesidad de cualquier experiencia de codificaci\u00f3n. Adem\u00e1s, el tema se integra perfectamente con WooCommerce, garantizando una fusi\u00f3n perfecta de funcionalidades de la tienda en l\u00ednea con su sitio web. A fin de cuentas, Ciyashop demuestra ser una opci\u00f3n excepcional para las empresas con el objetivo de establecer una presencia s\u00f3lida en l\u00ednea y mejorar sus cifras de ventas.<\/p>\n<ul>\n<li>Dise\u00f1o totalmente receptivo para una visualizaci\u00f3n \u00f3ptima en cualquier dispositivo<\/li>\n<li>20 dise\u00f1os de demostraci\u00f3n prefabricados para elegir<\/li>\n<li>Compatible con WooCommerce para una f\u00e1cil configuraci\u00f3n y gesti\u00f3n de la tienda en l\u00ednea<\/li>\n<li>Integrado con complementos populares como Slider Revolution y Contact Forma 7<\/li>\n<li>Panel de opciones de tema potentes para una f\u00e1cil personalizaci\u00f3n del dise\u00f1o, fuentes, colores y m\u00e1s<\/li>\n<li>M\u00faltiples opciones de encabezado y pie de p\u00e1gina para marca personalizada<\/li>\n<li>SEO optimizado para mejorar las clasificaciones de los motores de b\u00fasqueda<\/li>\n<li>Traducci\u00f3n lista para usar en cualquier idioma<\/li>\n<li>Importaci\u00f3n de demostraci\u00f3n de un solo clic para una f\u00e1cil configuraci\u00f3n<\/li>\n<li>Documentaci\u00f3n y apoyo integral del equipo de Ciyashop.<\/li>\n<\/ul>\n","protected":false},"excerpt":{"rendered":"<p>Experimente las capacidades robustas de Ciyashop, un tema de WordPress de WordPress de WooCommerce m\u00faltiple receptivo. Este tema est\u00e1 dise\u00f1ado con el usuario en mente y ofrece una variedad de caracter\u00edsticas vers\u00e1tiles, asegurando una experiencia digital perfecta. Con Ciyashop, puede construir sin esfuerzo su tienda de comercio electr\u00f3nico y disparar su presencia en l\u00ednea. Ya sea que sea un novato o un experto, la interfaz intuitiva de Ciyashop hace que sea f\u00e1cil navegar y personalizar su sitio al contenido de su coraz\u00f3n. Con su dise\u00f1o de m\u00faltiples usos, puede atender a cualquier nicho comercial, asegurando que su sitio web se destaque entre la multitud. El tema es totalmente receptivo, lo que significa que se adapta a cualquier tama\u00f1o de pantalla para una experiencia de visualizaci\u00f3n \u00f3ptima. Adem\u00e1s, est\u00e1 listo para WooCommerce, lo que le permite vender productos y administrar su tienda en l\u00ednea con facilidad. Aumente su negocio con Ciyashop, el mejor tema de WordPress.<\/p>\n","protected":false},"featured_media":165625,"comment_status":"open","ping_status":"open","template":"","meta":[],"product_brand":[2337],"product_cat":[1263,1397,1237],"product_tag":[1391],"class_list":{"0":"post-110550","1":"product","2":"type-product","3":"status-publish","4":"has-post-thumbnail","6":"product_brand-themeforest","7":"product_cat-comercio-electronico-temas","8":"product_cat-de-multiples-fines-comercio-electronico-temas","9":"product_cat-temas","10":"product_tag-themeforest","11":"member-discount","12":"discount-restricted","14":"first","15":"instock","16":"sale","17":"downloadable","18":"virtual","19":"sold-individually","20":"purchasable","21":"product-type-simple"},"_links":{"self":[{"href":"https:\/\/gpl-love.com\/es\/wp-json\/wp\/v2\/product\/110550","targetHints":{"allow":["GET"]}}],"collection":[{"href":"https:\/\/gpl-love.com\/es\/wp-json\/wp\/v2\/product"}],"about":[{"href":"https:\/\/gpl-love.com\/es\/wp-json\/wp\/v2\/types\/product"}],"replies":[{"embeddable":true,"href":"https:\/\/gpl-love.com\/es\/wp-json\/wp\/v2\/comments?post=110550"}],"wp:featuredmedia":[{"embeddable":true,"href":"https:\/\/gpl-love.com\/es\/wp-json\/wp\/v2\/media\/165625"}],"wp:attachment":[{"href":"https:\/\/gpl-love.com\/es\/wp-json\/wp\/v2\/media?parent=110550"}],"wp:term":[{"taxonomy":"product_brand","embeddable":true,"href":"https:\/\/gpl-love.com\/es\/wp-json\/wp\/v2\/product_brand?post=110550"},{"taxonomy":"product_cat","embeddable":true,"href":"https:\/\/gpl-love.com\/es\/wp-json\/wp\/v2\/product_cat?post=110550"},{"taxonomy":"product_tag","embeddable":true,"href":"https:\/\/gpl-love.com\/es\/wp-json\/wp\/v2\/product_tag?post=110550"}],"curies":[{"name":"wp","href":"https:\/\/api.w.org\/{rel}","templated":true}]}}