{"id":110548,"date":"2024-01-15T00:00:00","date_gmt":"2024-01-15T05:00:00","guid":{"rendered":"http:\/\/gpl-love.com\/es\/producto\/essentials-multipurpose-wordpress-theme\/"},"modified":"2026-03-13T17:20:33","modified_gmt":"2026-03-13T22:20:33","slug":"essentials-multipurpose-wordpress-theme","status":"publish","type":"product","link":"https:\/\/gpl-love.com\/es\/producto\/essentials-multipurpose-wordpress-theme\/","title":{"rendered":"Essentials Multipurpose WordPress Theme 3.1.9"},"content":{"rendered":"<h3>Essentials Multipurpose WordPress Theme Caracteristicas<\/h3>\n<p>El tema esencial de WordPress multiprop\u00f3sito, con su innumerable opciones personalizables y dise\u00f1os preconstruidos, se presenta como una opci\u00f3n notablemente vers\u00e1til y f\u00e1cil de usar para las personas que buscan establecer una presencia profesional en l\u00ednea. Independientemente de la naturaleza del sitio web comercial o personal de uno, este tema puede adaptarse sin esfuerzo para satisfacer las demandas y requisitos \u00fanicos de cualquier proyecto. Su dise\u00f1o receptivo garantiza una accesibilidad \u00f3ptima en una amplia gama de dispositivos, mientras que sus funcionalidades de optimizaci\u00f3n de motores de b\u00fasqueda funcionan diligentemente para reforzar la visibilidad en l\u00ednea de uno. Adem\u00e1s, el tema integra perfectamente varios complementos, incluidos, entre otros, WooCommerce y el Formulario de contacto 7, mejorando as\u00ed la funcionalidad general y facilitando la gesti\u00f3n de sitios web simplificada. Por lo tanto, es evidente que el tema esencial de WordPress multiprop\u00f3sito emerge como una soluci\u00f3n confiable y que lo abarca todo para las personas que se embarcan en cualquier empresa de sitios web.<\/p>\n<ul>\n<li>Tema vers\u00e1til de WordPress Multipurpose Adecuado para varios tipos de sitios web<\/li>\n<li>F\u00e1cil de personalizar y usar, incluso para principiantes con poco o ning\u00fan conocimiento de codificaci\u00f3n<\/li>\n<li>Dise\u00f1o totalmente receptivo para garantizar una experiencia de visualizaci\u00f3n \u00f3ptima en diferentes dispositivos<\/li>\n<li>Integraci\u00f3n con complementos populares como WooCommerce, Yoast SEO y el Formulario de contacto 7<\/li>\n<li>M\u00faltiples demostraciones predise\u00f1adas disponibles para iniciar el dise\u00f1o de su sitio web<\/li>\n<li>Opciones para encabezados, pies, dise\u00f1os y tipograf\u00eda personalizables<\/li>\n<li>Builder de p\u00e1gina de arrastre y soldado incorporado para crear p\u00e1ginas web \u00fanicas sin codificar<\/li>\n<li>SEO optimizado con c\u00f3digo limpio, velocidad de carga r\u00e1pida e integraci\u00f3n de esquemas<\/li>\n<li>Actualizaciones continuas y soporte dedicado para garantizar que el tema est\u00e9 actualizado y funcione sin problemas<\/li>\n<li>Compatible con constructores de p\u00e1ginas de WordPress populares como Elementor, Divi y Beaver Builder.<\/li>\n<\/ul>\n","protected":false},"excerpt":{"rendered":"<p>El tema de WordPress multiprop\u00f3sito de entrada esencial, con sus innumerables funcionalidades y gran cantidad de caracter\u00edsticas, surge como la selecci\u00f3n final y \u00f3ptima para cualquier empresa de sitios web. En virtud de su dise\u00f1o contempor\u00e1neo y vers\u00e1til junto con sus opciones de personalizaci\u00f3n sin esfuerzo y f\u00e1cil de usar, la construcci\u00f3n de un sitio web exclusivo y profesional se convierte en una cuesti\u00f3n de minutos. Los atributos notables, como un dise\u00f1o totalmente receptivo, una tipograf\u00eda personalizable y una gran cantidad de variaciones de la p\u00e1gina de inicio, contribuyen a conferir a su sitio web una apariencia pr\u00edstina y pulida garantizada para cautivar y dejar una impresi\u00f3n indeleble a sus apreciados visitantes. Adem\u00e1s, la incorporaci\u00f3n de un constructor de p\u00e1ginas incorporado facilita la creaci\u00f3n de dise\u00f1os distintivos y la adici\u00f3n perfecta de elementos personalizados con facilidad y simplicidad incomparables. Independientemente de si su objetivo implica la creaci\u00f3n de un sitio web corporativo, de cartera o comercio electr\u00f3nico, el tema de entrada esencial, sin duda, asume el estado de un activo indispensable y no negociable para cualquier usuario de WordPress indiscutible y astuto.<\/p>\n","protected":false},"featured_media":166021,"comment_status":"open","ping_status":"open","template":"","meta":[],"product_brand":[2337],"product_cat":[1239,1237,1238],"product_tag":[1391],"class_list":{"0":"post-110548","1":"product","2":"type-product","3":"status-publish","4":"has-post-thumbnail","6":"product_brand-themeforest","7":"product_cat-de-multiples-fines","8":"product_cat-temas","9":"product_cat-wordpress-temas","10":"product_tag-themeforest","11":"member-discount","12":"discount-restricted","14":"first","15":"instock","16":"sale","17":"downloadable","18":"virtual","19":"sold-individually","20":"purchasable","21":"product-type-simple"},"_links":{"self":[{"href":"https:\/\/gpl-love.com\/es\/wp-json\/wp\/v2\/product\/110548","targetHints":{"allow":["GET"]}}],"collection":[{"href":"https:\/\/gpl-love.com\/es\/wp-json\/wp\/v2\/product"}],"about":[{"href":"https:\/\/gpl-love.com\/es\/wp-json\/wp\/v2\/types\/product"}],"replies":[{"embeddable":true,"href":"https:\/\/gpl-love.com\/es\/wp-json\/wp\/v2\/comments?post=110548"}],"wp:featuredmedia":[{"embeddable":true,"href":"https:\/\/gpl-love.com\/es\/wp-json\/wp\/v2\/media\/166021"}],"wp:attachment":[{"href":"https:\/\/gpl-love.com\/es\/wp-json\/wp\/v2\/media?parent=110548"}],"wp:term":[{"taxonomy":"product_brand","embeddable":true,"href":"https:\/\/gpl-love.com\/es\/wp-json\/wp\/v2\/product_brand?post=110548"},{"taxonomy":"product_cat","embeddable":true,"href":"https:\/\/gpl-love.com\/es\/wp-json\/wp\/v2\/product_cat?post=110548"},{"taxonomy":"product_tag","embeddable":true,"href":"https:\/\/gpl-love.com\/es\/wp-json\/wp\/v2\/product_tag?post=110548"}],"curies":[{"name":"wp","href":"https:\/\/api.w.org\/{rel}","templated":true}]}}