{"id":110546,"date":"2025-10-18T00:00:00","date_gmt":"2025-10-18T05:00:00","guid":{"rendered":"http:\/\/gpl-love.com\/es\/producto\/divi-ghoster-white-label-divi-plugin\/"},"modified":"2026-03-09T07:27:26","modified_gmt":"2026-03-09T12:27:26","slug":"divi-ghoster-white-label-divi-plugin","status":"publish","type":"product","link":"https:\/\/gpl-love.com\/es\/producto\/divi-ghoster-white-label-divi-plugin\/","title":{"rendered":"Divi Ghoster White Label Divi Plugin 5.0.58"},"content":{"rendered":"<h3>Divi Ghoster White Label Divi Plugin Caracteristicas<\/h3>\n<p>El complemento Divi Ghoster White Label Divi es una herramienta incre\u00edblemente poderosa que ofrece a los usuarios la capacidad de personalizar sin esfuerzo su tema y marca Divi. Al utilizar este complemento, los usuarios pueden modificar f\u00e1cil y sin problemas su tema Divi, transform\u00e1ndolo en una representaci\u00f3n \u00fanica de su propio estilo personal. Este complemento proporciona una amplia gama de opciones de personalizaci\u00f3n, que van desde la capacidad de cambiar los colores y las fuentes hasta la opci\u00f3n de insertar logotipos y pies personalizados, lo que permite a los usuarios personalizar realmente su sitio web al contenido de su coraz\u00f3n. Adem\u00e1s, el complemento Divi Ghoster White Label Divi tambi\u00e9n proporciona a los usuarios la capacidad de crear p\u00e1ginas de inicio de sesi\u00f3n personalizadas, asegurando que cada aspecto de su sitio web est\u00e9 adaptado a sus necesidades y deseos individuales. En resumen, este complemento es una opci\u00f3n excepcional para las personas que buscan elevar la marca de su sitio web al siguiente nivel y lograr una presencia en l\u00ednea verdaderamente distintiva.<\/p>\n<ul>\n<li>Le permite cambiar completamente el tema del Divi y ocultar todas las referencias a \u00e9l<\/li>\n<li>Reemplace el nombre del tema Divi con su propia marca o marca de clientes<\/li>\n<li>Elimina el enlace \u00abdise\u00f1ado por temas elegantes\u00bb del pie de p\u00e1gina<\/li>\n<li>Permite m\u00e1s transferencias de clientes profesionales y sin problemas<\/li>\n<li>Incluye opciones adicionales para personalizar la interfaz Divi Builder y eliminar elementos innecesarios<\/li>\n<li>Proporciona tranquilidad a los desarrolladores que no quieren que sus clientes tengan acceso a la marca Divi<\/li>\n<li>Uno de los complementos Divi m\u00e1s potentes y flexibles para eliminar la marca Divi<\/li>\n<\/ul>\n","protected":false},"excerpt":{"rendered":"<p>Aproveche el poder de la personalizaci\u00f3n con el complemento Divi Ghoster White Label Divi. Este complemento de alto rendimiento le permite personalizar completamente el entorno Divi, por lo que es suyo. Ofrece una gama de caracter\u00edsticas, como ocultar el Divi o el tema adicional del c\u00f3digo fuente, los sitios del detector de temas e incluso el tablero de WordPress. El complemento Divi Ghoster allana el camino para una experiencia de usuario perfecta y un alto nivel de personalizaci\u00f3n que generalmente es inalcanzable. Es perfecto para desarrolladores, agencias y trabajadores independientes que buscan ofrecer una experiencia m\u00e1s personalizada, \u00fanica y centrada en la marca a sus clientes. Aumente su profesionalismo y cause una impresi\u00f3n duradera con el complemento Divi Ghoster White Label Divi.<\/p>\n","protected":false},"featured_media":165785,"comment_status":"open","ping_status":"open","template":"","meta":[],"product_brand":[2418],"product_cat":[1214,1206,1211],"product_tag":[1623],"class_list":{"0":"post-110546","1":"product","2":"type-product","3":"status-publish","4":"has-post-thumbnail","6":"product_brand-aspen","7":"product_cat-personalizacion","8":"product_cat-plugins","9":"product_cat-wordpress-plugins","10":"product_tag-aspen","11":"member-discount","12":"discount-restricted","14":"first","15":"instock","16":"sale","17":"downloadable","18":"virtual","19":"sold-individually","20":"purchasable","21":"product-type-simple"},"_links":{"self":[{"href":"https:\/\/gpl-love.com\/es\/wp-json\/wp\/v2\/product\/110546","targetHints":{"allow":["GET"]}}],"collection":[{"href":"https:\/\/gpl-love.com\/es\/wp-json\/wp\/v2\/product"}],"about":[{"href":"https:\/\/gpl-love.com\/es\/wp-json\/wp\/v2\/types\/product"}],"replies":[{"embeddable":true,"href":"https:\/\/gpl-love.com\/es\/wp-json\/wp\/v2\/comments?post=110546"}],"wp:featuredmedia":[{"embeddable":true,"href":"https:\/\/gpl-love.com\/es\/wp-json\/wp\/v2\/media\/165785"}],"wp:attachment":[{"href":"https:\/\/gpl-love.com\/es\/wp-json\/wp\/v2\/media?parent=110546"}],"wp:term":[{"taxonomy":"product_brand","embeddable":true,"href":"https:\/\/gpl-love.com\/es\/wp-json\/wp\/v2\/product_brand?post=110546"},{"taxonomy":"product_cat","embeddable":true,"href":"https:\/\/gpl-love.com\/es\/wp-json\/wp\/v2\/product_cat?post=110546"},{"taxonomy":"product_tag","embeddable":true,"href":"https:\/\/gpl-love.com\/es\/wp-json\/wp\/v2\/product_tag?post=110546"}],"curies":[{"name":"wp","href":"https:\/\/api.w.org\/{rel}","templated":true}]}}