{"id":110543,"date":"2024-11-27T00:00:00","date_gmt":"2024-11-27T05:00:00","guid":{"rendered":"http:\/\/gpl-love.com\/es\/producto\/4-9-0\/"},"modified":"2026-03-09T07:27:20","modified_gmt":"2026-03-09T12:27:20","slug":"divi-builder","status":"publish","type":"product","link":"https:\/\/gpl-love.com\/es\/producto\/divi-builder\/","title":{"rendered":"Divi Builder 4.27.4"},"content":{"rendered":"<h3>Divi Builder Caracteristicas<\/h3>\n<p>El complemento Divi Builder, que es una herramienta muy poderosa, est\u00e1 espec\u00edficamente dise\u00f1ado para proporcionar a los usuarios la capacidad de crear p\u00e1ginas web sin esfuerzo que no solo son visualmente impresionantes sino tambi\u00e9n altamente funcionales. Al utilizar su interfaz de arrastrar y soltar, los usuarios pueden incorporar sin esfuerzo varios elementos en sus dise\u00f1os y adaptarlos para satisfacer sus necesidades individualizadas. Adem\u00e1s, este complemento cuenta con una amplia gama de m\u00f3dulos, desde texto hasta im\u00e1genes, videos, botones y mucho m\u00e1s, facilitando as\u00ed la creaci\u00f3n de contenido cautivador sin ninguna dificultad. Adem\u00e1s, el complemento Divi Builder es ampliamente considerado por su excepcional personalizaci\u00f3n, brindando a los usuarios la oportunidad de ajustar las fuentes, los colores, los dise\u00f1os y las innumerables otras caracter\u00edsticas. Al aprovechar el poder de esta herramienta, las personas pueden desarrollar sitios web de manera r\u00e1pida y sin esfuerzo que exuden un sentido de profesionalismo, todo sin requerir ning\u00fan conocimiento en la codificaci\u00f3n. En esencia, el complemento Divi Builder sirve como una inversi\u00f3n sobresaliente para las personas que buscan aumentar la eficacia y la experiencia general del usuario de sus sitios web.<\/p>\n<ul>\n<li>Arrastre y suelte el constructor de p\u00e1ginas para WordPress<\/li>\n<li>Crea dise\u00f1os personalizados y receptivos sin codificar<\/li>\n<li>Se integra con m\u00e1s de 40 m\u00f3dulos de contenido, incluidos Slider, Galer\u00eda y Video<\/li>\n<li>Ahorra tiempo replicando dise\u00f1os y m\u00f3dulos en p\u00e1ginas<\/li>\n<li>Ofrece avances previos de dise\u00f1o en tiempo real y edici\u00f3n en l\u00ednea<\/li>\n<li>Proporciona opciones avanzadas para tipograf\u00eda, animaciones y personalizaci\u00f3n.<\/li>\n<li>Viene con m\u00e1s de 800 dise\u00f1os y dise\u00f1os prefabricados<\/li>\n<li>Ofrece compatibilidad con temas y complementos de terceros de WordPress de terceros<\/li>\n<li>Proporciona atenci\u00f3n al cliente y actualizaciones para la vida<\/li>\n<li>Aumenta la velocidad y el rendimiento del sitio web con la optimizaci\u00f3n del c\u00f3digo<\/li>\n<li>Habilita la colaboraci\u00f3n del equipo con capacidades de edici\u00f3n de m\u00faltiples usuarios.<\/li>\n<\/ul>\n","protected":false},"excerpt":{"rendered":"<p>\u00a1Experimente el poder de construir su sitio web con total facilidad utilizando Divi Builder! Esta herramienta superior le ofrece una incre\u00edble flexibilidad que le permite crear y dise\u00f1ar su sitio con precisi\u00f3n y creatividad.<\/p>\n<p>Las caracter\u00edsticas clave de Divi Builder incluyen un editor visual que le permite ver cambios en los m\u00f3dulos personalizables en tiempo real para varios tipos de contenido y configuraciones de dise\u00f1o avanzadas para ajustar cada elemento al contenido de su coraz\u00f3n. Es perfecto para aquellos que valoran una interfaz f\u00e1cil de usar sin comprometer las opciones avanzadas.<\/p>\n<p>Con Divi Builder, puedes despedirte de las limitaciones de los dise\u00f1os tradicionales. Su funci\u00f3n de arrastrar y soltar significa que puede ajustar y reorganizar su dise\u00f1o como desee. Adem\u00e1s, con m\u00e1s de 40 elementos de contenido como controles deslizantes, galer\u00edas y formularios, tendr\u00e1 todo lo que necesita para crear un sitio web impresionante y funcional.<\/p>\n<p>Divi Builder tambi\u00e9n ofrece un control completo de dise\u00f1o, con la capacidad de importar y exportar dise\u00f1os, guardar dise\u00f1os para m\u00e1s adelante e incluso acceder a una biblioteca de dise\u00f1os prefabricados. Esta caracter\u00edstica le ahorra tiempo y esfuerzo,<\/p>\n","protected":false},"featured_media":165781,"comment_status":"open","ping_status":"closed","template":"","meta":[],"product_brand":[2415],"product_cat":[1214,1206,1211],"product_tag":[1286],"class_list":{"0":"post-110543","1":"product","2":"type-product","3":"status-publish","4":"has-post-thumbnail","6":"product_brand-elegant-themes","7":"product_cat-personalizacion","8":"product_cat-plugins","9":"product_cat-wordpress-plugins","10":"product_tag-elegant-themes","11":"member-discount","12":"discount-restricted","14":"first","15":"instock","16":"sale","17":"downloadable","18":"virtual","19":"sold-individually","20":"purchasable","21":"product-type-simple"},"_links":{"self":[{"href":"https:\/\/gpl-love.com\/es\/wp-json\/wp\/v2\/product\/110543","targetHints":{"allow":["GET"]}}],"collection":[{"href":"https:\/\/gpl-love.com\/es\/wp-json\/wp\/v2\/product"}],"about":[{"href":"https:\/\/gpl-love.com\/es\/wp-json\/wp\/v2\/types\/product"}],"replies":[{"embeddable":true,"href":"https:\/\/gpl-love.com\/es\/wp-json\/wp\/v2\/comments?post=110543"}],"wp:featuredmedia":[{"embeddable":true,"href":"https:\/\/gpl-love.com\/es\/wp-json\/wp\/v2\/media\/165781"}],"wp:attachment":[{"href":"https:\/\/gpl-love.com\/es\/wp-json\/wp\/v2\/media?parent=110543"}],"wp:term":[{"taxonomy":"product_brand","embeddable":true,"href":"https:\/\/gpl-love.com\/es\/wp-json\/wp\/v2\/product_brand?post=110543"},{"taxonomy":"product_cat","embeddable":true,"href":"https:\/\/gpl-love.com\/es\/wp-json\/wp\/v2\/product_cat?post=110543"},{"taxonomy":"product_tag","embeddable":true,"href":"https:\/\/gpl-love.com\/es\/wp-json\/wp\/v2\/product_tag?post=110543"}],"curies":[{"name":"wp","href":"https:\/\/api.w.org\/{rel}","templated":true}]}}