{"id":110541,"date":"2025-08-30T00:00:00","date_gmt":"2025-08-30T05:00:00","guid":{"rendered":"http:\/\/gpl-love.com\/es\/producto\/coins-marketcap-wordpress-cryptocurrency-plugin\/"},"modified":"2026-03-31T17:15:21","modified_gmt":"2026-03-31T22:15:21","slug":"coins-marketcap-wordpress-cryptocurrency-plugin","status":"publish","type":"product","link":"https:\/\/gpl-love.com\/es\/producto\/coins-marketcap-wordpress-cryptocurrency-plugin\/","title":{"rendered":"Coins MarketCap WordPress Cryptocurrency Plugin 5.8.0"},"content":{"rendered":"<h3>Coins MarketCap WordPress Cryptocurrency Plugin Caracteristicas<\/h3>\n<p>El complemento de criptomonedas de WordPress de monedas de monedas demuestra ser un recurso formidable que permite a los usuarios exhibir datos actuales y din\u00e1micos del mercado de criptomonedas en sus sitios web de WordPress. Este notable complemento permite a los usuarios mostrar sin esfuerzo una variedad de informaci\u00f3n crucial, incluidos los precios de las criptomonedas, la capitalizaci\u00f3n de mercado, el volumen de negociaci\u00f3n y otros puntos de datos pertinentes. Adem\u00e1s, el complemento cuenta con un nivel excepcional de personalizaci\u00f3n, lo que brinda a los usuarios la libertad de seleccionar las criptomonedas deseadas para que se presenten, as\u00ed como decidir c\u00f3mo se presentan estos datos invaluables. Adem\u00e1s, abarca una multitud de caracter\u00edsticas notables, abarcando gr\u00e1ficos de precios hist\u00f3ricos, noticias e alertas de precios incluso. En esencia, la adquisici\u00f3n del complemento de criptomonedas de WordPress de monedas de monedas es un activo indispensable para cualquier persona que busque proporcionar a los visitantes de su sitio web la informaci\u00f3n m\u00e1s actualizada e integral relacionada con el \u00e1mbito din\u00e1mico del mercado de criptomonedas.<\/p>\n<ul>\n<li>Permite una f\u00e1cil integraci\u00f3n de los datos del mercado de criptomonedas en sitios web de WordPress<\/li>\n<li>Proporciona datos en tiempo real para m\u00e1s de 5,000 criptomonedas<\/li>\n<li>Ofrece opciones de personalizaci\u00f3n para mostrar datos como gr\u00e1ficos, gr\u00e1ficos y tablas<\/li>\n<li>Actualiza autom\u00e1ticamente los datos cada minuto para obtener informaci\u00f3n precisa<\/li>\n<li>Se puede utilizar para mostrar informaci\u00f3n espec\u00edfica de criptomonedas o una descripci\u00f3n general del mercado<\/li>\n<li>Incluye m\u00faltiples widgets para varias opciones de visualizaci\u00f3n de datos<\/li>\n<li>Admite m\u00faltiples traducciones de idiomas para uso global<\/li>\n<li>Ofrece un dise\u00f1o receptivo para una integraci\u00f3n perfecta con cualquier tema de WordPress<\/li>\n<li>Se puede utilizar con fines personales o comerciales<\/li>\n<li>Proporciona documentaci\u00f3n \u00fatil y soporte para la instalaci\u00f3n y uso.<\/li>\n<\/ul>\n","protected":false},"excerpt":{"rendered":"<p>Experimente la conveniencia de rastrear sus inversiones de criptomonedas con nuestro complemento de criptomonedas de WordPress de monedas de monedas. Esta herramienta innovadora le permite monitorear el valor de varias criptomonedas en tiempo real. Con una interfaz f\u00e1cil de usar, puede acceder a informaci\u00f3n sobre la capitalizaci\u00f3n de mercado de cada criptomoneda, ofreciendo una visi\u00f3n integral de sus inversiones. Integrado con WordPress, este complemento encaja perfectamente en su sitio web, proporcionando una experiencia profesional y f\u00e1cil de usar. El complemento Coins MarketCap es perfecto para clientes potenciales que buscan mantenerse actualizados en el mercado de criptomonedas fluctuantes.<\/p>\n","protected":false},"featured_media":165643,"comment_status":"open","ping_status":"open","template":"","meta":[],"product_brand":[2339],"product_cat":[1214,1206,1211],"product_tag":[1256],"class_list":{"0":"post-110541","1":"product","2":"type-product","3":"status-publish","4":"has-post-thumbnail","6":"product_brand-codecanyon","7":"product_cat-personalizacion","8":"product_cat-plugins","9":"product_cat-wordpress-plugins","10":"product_tag-codecanyon","11":"member-discount","12":"discount-restricted","14":"first","15":"instock","16":"sale","17":"downloadable","18":"virtual","19":"sold-individually","20":"purchasable","21":"product-type-simple"},"_links":{"self":[{"href":"https:\/\/gpl-love.com\/es\/wp-json\/wp\/v2\/product\/110541","targetHints":{"allow":["GET"]}}],"collection":[{"href":"https:\/\/gpl-love.com\/es\/wp-json\/wp\/v2\/product"}],"about":[{"href":"https:\/\/gpl-love.com\/es\/wp-json\/wp\/v2\/types\/product"}],"replies":[{"embeddable":true,"href":"https:\/\/gpl-love.com\/es\/wp-json\/wp\/v2\/comments?post=110541"}],"wp:featuredmedia":[{"embeddable":true,"href":"https:\/\/gpl-love.com\/es\/wp-json\/wp\/v2\/media\/165643"}],"wp:attachment":[{"href":"https:\/\/gpl-love.com\/es\/wp-json\/wp\/v2\/media?parent=110541"}],"wp:term":[{"taxonomy":"product_brand","embeddable":true,"href":"https:\/\/gpl-love.com\/es\/wp-json\/wp\/v2\/product_brand?post=110541"},{"taxonomy":"product_cat","embeddable":true,"href":"https:\/\/gpl-love.com\/es\/wp-json\/wp\/v2\/product_cat?post=110541"},{"taxonomy":"product_tag","embeddable":true,"href":"https:\/\/gpl-love.com\/es\/wp-json\/wp\/v2\/product_tag?post=110541"}],"curies":[{"name":"wp","href":"https:\/\/api.w.org\/{rel}","templated":true}]}}