{"id":110539,"date":"2025-06-16T00:00:00","date_gmt":"2025-06-16T05:00:00","guid":{"rendered":"http:\/\/gpl-love.com\/es\/producto\/hero-shoutcast-and-icecast-radio-player\/"},"modified":"2026-03-09T07:42:14","modified_gmt":"2026-03-09T12:42:14","slug":"hero-shoutcast-and-icecast-radio-player","status":"publish","type":"product","link":"https:\/\/gpl-love.com\/es\/producto\/hero-shoutcast-and-icecast-radio-player\/","title":{"rendered":"Hero Shoutcast y Icecast Radio Player 4.4.8"},"content":{"rendered":"<h3>Hero Shoutcast y Icecast Radio Player Caracteristicas<\/h3>\n<p>Hero Shoutcast y Icecast Radio Player es una aplicaci\u00f3n de software excepcionalmente potente que permite a las personas transmitir sin esfuerzo y participar en experiencias auditivas con sus estaciones de radio preferidas a trav\u00e9s de Internet. Este dise\u00f1o de software de vanguardia cuenta con una interfaz incre\u00edblemente intuitiva, facilitando as\u00ed la navegaci\u00f3n y la selecci\u00f3n de una extensa variedad de estaciones de radio. Adem\u00e1s, permite a los usuarios aumentar sus viajes auditivos incorporando estaciones de radio curadas personalmente. El reproductor est\u00e1 equipado con protocolos de transmisi\u00f3n altamente adaptables y vers\u00e1tiles, a saber, Shoutcast y Icecast, lo que garantiza la m\u00e1xima compatibilidad con una multitud diversa de estaciones de radio. Adem\u00e1s, el repertorio del jugador se extiende m\u00e1s all\u00e1 de las funcionalidades b\u00e1sicas, encapsulando una variedad de caracter\u00edsticas avanzadas, incluidos, entre otros, los controles de ecualizador dise\u00f1ados para adaptar la experiencia ac\u00fastica, las opciones de solicitud de canciones para comprometerse activamente con la programaci\u00f3n y la capacidad de personalizar Logos de estaci\u00f3n para un toque m\u00e1s personalizado. En consecuencia, se hace evidente que obtener el Hero Shoutcast y el reproductor de radio Icecast es un imperativo para las personas que poseen una pasi\u00f3n inquebrantable por descubrir melod\u00edas novedosas o relajarse con sus queridas estaciones de radio, independientemente de su ubicaci\u00f3n geogr\u00e1fica.<\/p>\n<ul>\n<li>Transmisi\u00f3n de audio de alta calidad de estaciones de radio Shoutcast y Icecast<\/li>\n<li>Interfaz f\u00e1cil de usar con opciones de dise\u00f1o personalizables<\/li>\n<li>Capacidad para agregar y guardar estaciones favoritas para facilitar el acceso<\/li>\n<li>Equalizador incorporado para ajustar la calidad del sonido<\/li>\n<li>Admite formatos de transmisi\u00f3n MP3 y AAC<\/li>\n<li>Compatible con todos los principales navegadores web y dispositivos m\u00f3viles<\/li>\n<li>C\u00f3digo de incrustaci\u00f3n opcional para una integraci\u00f3n perfecta en sitios web<\/li>\n<li>Soporte t\u00e9cnico dedicado disponible para cualquier problema o pregunta.<\/li>\n<\/ul>\n","protected":false},"excerpt":{"rendered":"<p>Hero Shoutcast y Icecast Radio Player es un dispositivo incre\u00edblemente vers\u00e1til y excepcionalmente f\u00e1cil de usar que le otorga la notable oportunidad de sintonizar sin problemas con sus estaciones de radio m\u00e1s queridas con la m\u00e1xima calidad. Con su interfaz sin esfuerzo navegable y f\u00e1cil de usar, se le otorga el privilegio de acceder a una amplia gama de estaciones que abarcan el mundo, que abarcan estaciones de radio por Internet y podcasts fascinantes por igual. Este jugador de vanguardia realmente va m\u00e1s all\u00e1 al apoyar tanto el prestigioso Shoutcast como los estimados protocolos de transmisi\u00f3n de ICECast, lo que garantiza que disfrutar\u00e1 de una reproducci\u00f3n ininterrumpida de sus canales favoritos. Independientemente de si te encuentras c\u00f3modamente ubicado en los confines de tu propia morada o aventura en movimiento, el Hero Shoutcast y el reproductor de radio ICECast representan el pin\u00e1culo de la perfecci\u00f3n para aquellos que atesoran y aprecian la experiencia encantadora de disfrutar de sinfon\u00edas melodiosas.<\/p>\n","protected":false},"featured_media":166414,"comment_status":"open","ping_status":"open","template":"","meta":[],"product_brand":[2339],"product_cat":[1214,1206,1211],"product_tag":[1256],"class_list":{"0":"post-110539","1":"product","2":"type-product","3":"status-publish","4":"has-post-thumbnail","6":"product_brand-codecanyon","7":"product_cat-personalizacion","8":"product_cat-plugins","9":"product_cat-wordpress-plugins","10":"product_tag-codecanyon","11":"member-discount","12":"discount-restricted","14":"first","15":"instock","16":"sale","17":"downloadable","18":"virtual","19":"sold-individually","20":"purchasable","21":"product-type-simple"},"_links":{"self":[{"href":"https:\/\/gpl-love.com\/es\/wp-json\/wp\/v2\/product\/110539","targetHints":{"allow":["GET"]}}],"collection":[{"href":"https:\/\/gpl-love.com\/es\/wp-json\/wp\/v2\/product"}],"about":[{"href":"https:\/\/gpl-love.com\/es\/wp-json\/wp\/v2\/types\/product"}],"replies":[{"embeddable":true,"href":"https:\/\/gpl-love.com\/es\/wp-json\/wp\/v2\/comments?post=110539"}],"wp:featuredmedia":[{"embeddable":true,"href":"https:\/\/gpl-love.com\/es\/wp-json\/wp\/v2\/media\/166414"}],"wp:attachment":[{"href":"https:\/\/gpl-love.com\/es\/wp-json\/wp\/v2\/media?parent=110539"}],"wp:term":[{"taxonomy":"product_brand","embeddable":true,"href":"https:\/\/gpl-love.com\/es\/wp-json\/wp\/v2\/product_brand?post=110539"},{"taxonomy":"product_cat","embeddable":true,"href":"https:\/\/gpl-love.com\/es\/wp-json\/wp\/v2\/product_cat?post=110539"},{"taxonomy":"product_tag","embeddable":true,"href":"https:\/\/gpl-love.com\/es\/wp-json\/wp\/v2\/product_tag?post=110539"}],"curies":[{"name":"wp","href":"https:\/\/api.w.org\/{rel}","templated":true}]}}