{"id":110537,"date":"2024-07-25T00:00:00","date_gmt":"2024-07-25T05:00:00","guid":{"rendered":"http:\/\/gpl-love.com\/es\/producto\/anymag-magazine-style-wordpress-blog\/"},"modified":"2026-03-13T17:15:44","modified_gmt":"2026-03-13T22:15:44","slug":"anymag-magazine-style-wordpress-blog","status":"publish","type":"product","link":"https:\/\/gpl-love.com\/es\/producto\/anymag-magazine-style-wordpress-blog\/","title":{"rendered":"Anymag Magazine Style WordPress Blog 2.9.7"},"content":{"rendered":"<h3>Anymag Magazine Style WordPress Blog Caracteristicas<\/h3>\n<p>El blog de WordPress de estilo Anymag Magazine se presenta como la soluci\u00f3n definitiva para los bloggers que aspiran a poseer un sitio web visualmente atractivo y dise\u00f1ado profesionalmente. Su dise\u00f1o elegante y moderno lo hace ideal para la visualizaci\u00f3n de contenido en un formato de estilo revista. Este tema cuenta con una variedad de opciones personalizables, lo que permite a los bloggers personalizar sus sitios de acuerdo con sus demandas espec\u00edficas. Construido sobre la base de WordPress, el blog de WordPress de WordPress de la revista Anymag garantiza la facilidad de uso y ofrece una amplia gama de caracter\u00edsticas, como el dise\u00f1o receptivo, una abundancia de opciones de color, widgets personalizados y mucho m\u00e1s. Independientemente de si uno es un blogger experimentado o un novato que acaba de comenzar su viaje en l\u00ednea, el blog de WordPress de la revista Anymag sirve como la elecci\u00f3n por excelencia para establecer una notable presencia digital.<\/p>\n<ul>\n<li>Dise\u00f1o de revistas moderno y elegante<\/li>\n<li>Dise\u00f1o totalmente receptivo y amigable para m\u00f3viles<\/li>\n<li>Optimizaci\u00f3n de SEO incorporada para una mejor clasificaci\u00f3n de motores de b\u00fasqueda<\/li>\n<li>Opciones de personalizaci\u00f3n f\u00e1cil para colores, fuentes y dise\u00f1o<\/li>\n<li>M\u00faltiples opciones de dise\u00f1o de la p\u00e1gina de inicio para elegir<\/li>\n<li>Compatible con complementos populares de WordPress para una funcionalidad adicional<\/li>\n<li>Integraci\u00f3n con plataformas de redes sociales para compartir f\u00e1cilmente el contenido<\/li>\n<li>Espacios publicitarios incorporados para monetizar su blog<\/li>\n<li>Incluye una variedad de formatos de publicaci\u00f3n, como video y galer\u00eda<\/li>\n<li>Equipo de apoyo dedicado para cualquier problema o inquietud<\/li>\n<\/ul>\n","protected":false},"excerpt":{"rendered":"<p>Experimente un nuevo nivel de publicaci\u00f3n digital con AnyMag, un blog de WordPress de estilo revista que ofrece una plataforma \u00fanica, moderna y altamente personalizable para todo su contenido. Sus potentes caracter\u00edsticas incluyen una interfaz f\u00e1cil de usar, una navegaci\u00f3n sin costura y una variedad de opciones personalizables que lo convierten en una opci\u00f3n ideal para bloggers, editores digitales y creadores de contenido por igual. Con AnyMag, puede adaptar f\u00e1cilmente su sitio para adaptarse a sus preferencias est\u00e9ticas, gracias a las extensas opciones de temas y la configuraci\u00f3n de tipograf\u00eda avanzada. El dise\u00f1o receptivo del blog garantiza una visualizaci\u00f3n \u00f3ptima en cualquier dispositivo, que ofrece una experiencia de usuario superior. Anymag tambi\u00e9n admite la funcionalidad de varios idiomas, por lo que es una excelente opci\u00f3n para una audiencia global. Eleve su contenido digital con AnyMag, la soluci\u00f3n definitiva para un blog din\u00e1mico, atractivo y visualmente impresionante de WordPress.<\/p>\n","protected":false},"featured_media":165376,"comment_status":"open","ping_status":"open","template":"","meta":[],"product_brand":[2337],"product_cat":[1245,1237,1238],"product_tag":[1391],"class_list":{"0":"post-110537","1":"product","2":"type-product","3":"status-publish","4":"has-post-thumbnail","6":"product_brand-themeforest","7":"product_cat-blog-revista","8":"product_cat-temas","9":"product_cat-wordpress-temas","10":"product_tag-themeforest","11":"member-discount","12":"discount-restricted","14":"first","15":"instock","16":"sale","17":"downloadable","18":"virtual","19":"sold-individually","20":"purchasable","21":"product-type-simple"},"_links":{"self":[{"href":"https:\/\/gpl-love.com\/es\/wp-json\/wp\/v2\/product\/110537","targetHints":{"allow":["GET"]}}],"collection":[{"href":"https:\/\/gpl-love.com\/es\/wp-json\/wp\/v2\/product"}],"about":[{"href":"https:\/\/gpl-love.com\/es\/wp-json\/wp\/v2\/types\/product"}],"replies":[{"embeddable":true,"href":"https:\/\/gpl-love.com\/es\/wp-json\/wp\/v2\/comments?post=110537"}],"wp:featuredmedia":[{"embeddable":true,"href":"https:\/\/gpl-love.com\/es\/wp-json\/wp\/v2\/media\/165376"}],"wp:attachment":[{"href":"https:\/\/gpl-love.com\/es\/wp-json\/wp\/v2\/media?parent=110537"}],"wp:term":[{"taxonomy":"product_brand","embeddable":true,"href":"https:\/\/gpl-love.com\/es\/wp-json\/wp\/v2\/product_brand?post=110537"},{"taxonomy":"product_cat","embeddable":true,"href":"https:\/\/gpl-love.com\/es\/wp-json\/wp\/v2\/product_cat?post=110537"},{"taxonomy":"product_tag","embeddable":true,"href":"https:\/\/gpl-love.com\/es\/wp-json\/wp\/v2\/product_tag?post=110537"}],"curies":[{"name":"wp","href":"https:\/\/api.w.org\/{rel}","templated":true}]}}