{"id":110535,"date":"2024-12-22T00:00:00","date_gmt":"2024-12-22T05:00:00","guid":{"rendered":"http:\/\/gpl-love.com\/es\/producto\/avante-business-consulting-wordpress-theme\/"},"modified":"2026-03-13T17:16:12","modified_gmt":"2026-03-13T22:16:12","slug":"avante-business-consulting-wordpress-theme","status":"publish","type":"product","link":"https:\/\/gpl-love.com\/es\/producto\/avante-business-consulting-wordpress-theme\/","title":{"rendered":"Avante Business Consulting WordPress Theme 3.0"},"content":{"rendered":"<h3>Avante Business Consulting WordPress Theme Caracteristicas<\/h3>\n<p>El tema de WordPress de Avante Business Consulting es una herramienta altamente sofisticada y de vanguardia que ha sido dise\u00f1ada espec\u00edficamente para ayudar a las empresas y empresas consultoras a mostrar efectivamente sus servicios y experiencia en Internet. Este tema excepcional ofrece una amplia gama de caracter\u00edsticas personalizables que permiten a los usuarios personalizar su sitio web para alinearse perfectamente con su marca y estilo. Con su interfaz notablemente f\u00e1cil de usar y su navegaci\u00f3n intuitiva sin esfuerzo, el tema de WordPress de Avante Business Consulting crea una experiencia \u00f3ptima para los visitantes a medida que exploran su sitio y obtienen informaci\u00f3n valiosa sobre su empresa. Adem\u00e1s, este tema excepcional tambi\u00e9n abarca una selecci\u00f3n diversa de plantillas preconstruidas, como dise\u00f1os de p\u00e1ginas de inicio personalizadas, p\u00e1ginas de servicios y p\u00e1ginas de cartera, simplificando as\u00ed el proceso de lanzamiento de su sitio web y le permite crear r\u00e1pidamente una presencia en l\u00ednea altamente profesional. Independientemente de si opera una peque\u00f1a empresa o una gran firma de consultor\u00eda, el tema de WordPress de consultor\u00eda de Avante Business le equipa con todas las herramientas y recursos necesarios para establecer una plataforma en l\u00ednea comandante y atraer a nuevos clientes sin esfuerzo.<\/p>\n<ul>\n<li>Tema de WordPress dise\u00f1ado profesionalmente para sitios web de consultor\u00eda de negocios<\/li>\n<li>Viene con seis dise\u00f1os de p\u00e1gina de inicio preconstruidos para elegir<\/li>\n<li>Incluye una variedad de widgets personalizados para exhibir miembros del equipo, servicios y testimonios de clientes<\/li>\n<li>Esquema de color totalmente personalizable y opciones de tipograf\u00eda<\/li>\n<li>Dise\u00f1o receptivo para una visualizaci\u00f3n \u00f3ptima en todos los dispositivos<\/li>\n<li>Compatible con complementos populares de WordPress como Yoast SEO y el Formulario de contacto 7<\/li>\n<li>Construido con c\u00f3digo limpio y optimizado para una velocidad y rendimiento \u00f3ptimos del sitio<\/li>\n<li>Incluye una documentaci\u00f3n integral y un equipo de apoyo dedicado para asistencia<\/li>\n<li>Actualizado regularmente con nuevas funciones y correcciones de errores<\/li>\n<\/ul>\n","protected":false},"excerpt":{"rendered":"<p>El tema de WordPress de Avante Business Consulting es una soluci\u00f3n din\u00e1mica y profesional para todas sus necesidades comerciales en l\u00ednea. Este robusto tema de WordPress est\u00e1 espec\u00edficamente dise\u00f1ado para consultor\u00eda comercial, asesores financieros y entidades corporativas. Con Avante, puede exhibir f\u00e1cilmente sus servicios, mostrar su trabajo y construir su marca en l\u00ednea. El tema viene con una interfaz intuitiva y f\u00e1cil de usar, lo que hace que sea f\u00e1cil personalizar y administrar su sitio web. El dise\u00f1o amigable con SEO asegura que su sitio web se ubique bien en los resultados del motor de b\u00fasqueda. Tambi\u00e9n presenta un dise\u00f1o receptivo, que proporciona una experiencia de visualizaci\u00f3n \u00f3ptima en varios dispositivos. Avante tambi\u00e9n est\u00e1 listo para la traducci\u00f3n, lo que le permite llegar a una audiencia global. Con su r\u00e1pido tiempo de carga y su excelente soporte t\u00e9cnico, el tema de WordPress de Avante Business Consulting es una herramienta valiosa para cualquier negocio que busque establecer una fuerte presencia en l\u00ednea. Experimente los beneficios de Avante y lleve su negocio a nuevas alturas.<\/p>\n","protected":false},"featured_media":165444,"comment_status":"open","ping_status":"open","template":"","meta":[],"product_brand":[2337],"product_cat":[1307,1237,1238],"product_tag":[1391],"class_list":{"0":"post-110535","1":"product","2":"type-product","3":"status-publish","4":"has-post-thumbnail","6":"product_brand-themeforest","7":"product_cat-negocio-wordpress-temas","8":"product_cat-temas","9":"product_cat-wordpress-temas","10":"product_tag-themeforest","11":"member-discount","12":"discount-restricted","14":"first","15":"instock","16":"sale","17":"downloadable","18":"virtual","19":"sold-individually","20":"purchasable","21":"product-type-simple"},"_links":{"self":[{"href":"https:\/\/gpl-love.com\/es\/wp-json\/wp\/v2\/product\/110535","targetHints":{"allow":["GET"]}}],"collection":[{"href":"https:\/\/gpl-love.com\/es\/wp-json\/wp\/v2\/product"}],"about":[{"href":"https:\/\/gpl-love.com\/es\/wp-json\/wp\/v2\/types\/product"}],"replies":[{"embeddable":true,"href":"https:\/\/gpl-love.com\/es\/wp-json\/wp\/v2\/comments?post=110535"}],"wp:featuredmedia":[{"embeddable":true,"href":"https:\/\/gpl-love.com\/es\/wp-json\/wp\/v2\/media\/165444"}],"wp:attachment":[{"href":"https:\/\/gpl-love.com\/es\/wp-json\/wp\/v2\/media?parent=110535"}],"wp:term":[{"taxonomy":"product_brand","embeddable":true,"href":"https:\/\/gpl-love.com\/es\/wp-json\/wp\/v2\/product_brand?post=110535"},{"taxonomy":"product_cat","embeddable":true,"href":"https:\/\/gpl-love.com\/es\/wp-json\/wp\/v2\/product_cat?post=110535"},{"taxonomy":"product_tag","embeddable":true,"href":"https:\/\/gpl-love.com\/es\/wp-json\/wp\/v2\/product_tag?post=110535"}],"curies":[{"name":"wp","href":"https:\/\/api.w.org\/{rel}","templated":true}]}}