{"id":110529,"date":"2026-03-23T00:00:00","date_gmt":"2026-03-23T05:00:00","guid":{"rendered":"http:\/\/gpl-love.com\/es\/producto\/acf-frontend-form-element-pro\/"},"modified":"2026-03-23T17:15:18","modified_gmt":"2026-03-23T22:15:18","slug":"acf-frontend-form-element-pro","status":"publish","type":"product","link":"https:\/\/gpl-love.com\/es\/producto\/acf-frontend-form-element-pro\/","title":{"rendered":"ACF Frontend Admin Pro 3.28.32"},"content":{"rendered":"<h3>ACF Frontend Admin Pro Caracteristicas<\/h3>\n<p>ACF Frontend Pro es un complemento incre\u00edblemente robusto y rico en caracter\u00edsticas que le otorga la capacidad de generar formas personalizadas sin esfuerzo, realizar edici\u00f3n de frontend y facilitar la funcionalidad de env\u00edo de frontend para sus campos personalizados avanzados (ACF) dentro de su sitio web de WordPress. A trav\u00e9s de la utilizaci\u00f3n de ACF Frontend Pro, sus estimados usuarios podr\u00e1n enviar y modificar sin esfuerzo sus publicaciones, p\u00e1ginas e incluso publicaciones personalizadas directamente desde el frontend f\u00e1cil de usar de su sitio web, todo sin la necesidad de acceder al backend de WordPress . Es importante tener en cuenta que este complemento tambi\u00e9n ofrece una amplia gama de opciones de personalizaci\u00f3n, que incluye, entre otros, la integraci\u00f3n de campos personalizados, la implementaci\u00f3n de la l\u00f3gica condicional y el establecimiento de reglas de validaci\u00f3n, asegurando que la experiencia del usuario est\u00e9 perfectamente adaptada a cumplir con sus requisitos \u00fanicos y espec\u00edficos. Adem\u00e1s, vale la pena mencionar que ACF Frontend Pro se integra perfectamente con algunos de los constructores de p\u00e1ginas m\u00e1s populares y ampliamente utilizados, como Elementor, Beaver Builder y Divi, transform\u00e1ndolo efectivamente en una herramienta excepcionalmente vers\u00e1til e indispensable para cualquier sitio web de WordPress.<\/p>\n<ul>\n<li>Permite a los usuarios no t\u00e9cnicos editar campos personalizados avanzados (ACF) directamente desde el frontend de su sitio de WordPress<\/li>\n<li>Altamente personalizable con opciones de arrastrar y soltar para crear dise\u00f1os personalizados<\/li>\n<li>M\u00faltiples tipos de campo que incluyen texto, imagen, selecci\u00f3n de fecha y m\u00e1s<\/li>\n<li>Se integra con constructores de p\u00e1ginas populares como Beaver Builder y Elementor<\/li>\n<li>Admite la l\u00f3gica condicional para crear formularios y contenido din\u00e1micos<\/li>\n<li>Proporciona control granular sobre los permisos de los usuarios para editar y ver los campos ACF<\/li>\n<li>Compatible con ACF Pro y ACF V5 y superior<\/li>\n<li>Incluye una variedad de ganchos y filtros para que los desarrolladores extiendan la funcionalidad.<\/li>\n<li>Actualizado regularmente con mejoras de caracter\u00edsticas y correcciones de errores<\/li>\n<li>Interfaz f\u00e1cil de usar e intuitiva para la creaci\u00f3n y actualizaciones de contenido sin problemas.<\/li>\n<\/ul>\n","protected":false},"excerpt":{"rendered":"<p>ACF Frontend Pro, un complemento excepcionalmente f\u00e1cil de usar para formularios personalizados, le otorga la alimentaci\u00f3n de generar formularios front-end personalizados sin esfuerzo. Este complemento dise\u00f1ado h\u00e1bilmente se integra perfectamente con campos personalizados avanzados, lo que le permite exhibir campos personalizados en su sitio web con facilidad. Con las funcionalidades excepcionales de ACF Frontend Pro, puede mejorar la funcionalidad de su sitio web creando una variedad de formularios, incluidos los formularios de registro, los formularios de contacto e incluso los formularios de pago.<\/p>\n<p>El complemento ACF Frontend Pro no solo optimiza la productividad, sino que tambi\u00e9n elimina la necesidad de codificaci\u00f3n, ofreciendo un enfoque m\u00e1s directo para la generaci\u00f3n de formularios. Su integraci\u00f3n con campos personalizados avanzados, junto con su capacidad para exhibir campos personalizados, lo convierte en una herramienta indispensable para desarrolladores y dise\u00f1adores web.<\/p>\n<p>Use ACF Frontend Pro para campos personalizados y vea c\u00f3mo impulsa su sitio web a la excelencia. Con la generaci\u00f3n de formularios sin esfuerzo con ACF Frontend Pro, puede concentrarse en mejorar la funcionalidad y la experiencia del usuario de su sitio web. Entonces, evite el tedioso proceso de codificaci\u00f3n con ACF<\/p>\n","protected":false},"featured_media":165252,"comment_status":"open","ping_status":"open","template":"","meta":[],"product_brand":[2341],"product_cat":[1214,1206,1211],"product_tag":[2162],"class_list":{"0":"post-110529","1":"product","2":"type-product","3":"status-publish","4":"has-post-thumbnail","6":"product_brand-acf-frontend","7":"product_cat-personalizacion","8":"product_cat-plugins","9":"product_cat-wordpress-plugins","10":"product_tag-acf-frontend","11":"member-discount","12":"discount-restricted","14":"first","15":"instock","16":"sale","17":"downloadable","18":"virtual","19":"sold-individually","20":"purchasable","21":"product-type-simple"},"_links":{"self":[{"href":"https:\/\/gpl-love.com\/es\/wp-json\/wp\/v2\/product\/110529","targetHints":{"allow":["GET"]}}],"collection":[{"href":"https:\/\/gpl-love.com\/es\/wp-json\/wp\/v2\/product"}],"about":[{"href":"https:\/\/gpl-love.com\/es\/wp-json\/wp\/v2\/types\/product"}],"replies":[{"embeddable":true,"href":"https:\/\/gpl-love.com\/es\/wp-json\/wp\/v2\/comments?post=110529"}],"wp:featuredmedia":[{"embeddable":true,"href":"https:\/\/gpl-love.com\/es\/wp-json\/wp\/v2\/media\/165252"}],"wp:attachment":[{"href":"https:\/\/gpl-love.com\/es\/wp-json\/wp\/v2\/media?parent=110529"}],"wp:term":[{"taxonomy":"product_brand","embeddable":true,"href":"https:\/\/gpl-love.com\/es\/wp-json\/wp\/v2\/product_brand?post=110529"},{"taxonomy":"product_cat","embeddable":true,"href":"https:\/\/gpl-love.com\/es\/wp-json\/wp\/v2\/product_cat?post=110529"},{"taxonomy":"product_tag","embeddable":true,"href":"https:\/\/gpl-love.com\/es\/wp-json\/wp\/v2\/product_tag?post=110529"}],"curies":[{"name":"wp","href":"https:\/\/api.w.org\/{rel}","templated":true}]}}