{"id":110525,"date":"2025-09-01T00:00:00","date_gmt":"2025-09-01T05:00:00","guid":{"rendered":"http:\/\/gpl-love.com\/es\/producto\/yith-woocommerce-recovered-abandoned-cart-premium\/"},"modified":"2026-03-13T17:34:57","modified_gmt":"2026-03-13T22:34:57","slug":"yith-woocommerce-recovered-abandoned-cart-premium","status":"publish","type":"product","link":"https:\/\/gpl-love.com\/es\/producto\/yith-woocommerce-recovered-abandoned-cart-premium\/","title":{"rendered":"YITH Recover Abandoned Cart Premium 3.12.0"},"content":{"rendered":"<h3>YITH Recover Abandoned Cart Premium Caracteristicas<\/h3>\n<p>La Premio de carrito abandonado de recuperaci\u00f3n es una herramienta incre\u00edblemente robusta y altamente eficiente que se ha creado y adaptada espec\u00edficamente para satisfacer las necesidades de los propietarios de tiendas en l\u00ednea, y el objetivo principal es la recuperaci\u00f3n de carros abandonados, lo que lleva a un impulso sustancial en las ventas. Este ingenioso complemento ofrece la capacidad fenomenal para enviar sin esfuerzo y sin problemas recordatorios de correo electr\u00f3nico automatizados a aquellos clientes que, por cualquier raz\u00f3n, han optado por abandonar sus carritos sin completar el proceso de compra. Adem\u00e1s, este complemento notable le brinda la oportunidad \u00fanica e incomparable para personalizar y adaptar personalmente las plantillas de correo electr\u00f3nico de acuerdo con sus propias preferencias distintivas e individuales, lo que le permite crear una interacci\u00f3n verdaderamente personalizada e \u00edntima con sus clientes valiosos. Adem\u00e1s, el complemento en s\u00ed tambi\u00e9n brinda a los usuarios un tablero integral y abarrotable, que est\u00e1 espec\u00edficamente dise\u00f1ado y dise\u00f1ado para proporcionar a los usuarios ideas, estad\u00edsticas e informes invaluables y al final de los minutos relacionados con los carros abandonados y el posterior. Recuperaci\u00f3n de ventas. En consecuencia, al emplear y recuperar la prima del carro abandonado, los propietarios de tiendas en l\u00ednea pueden elevar sin esfuerzo y mejorar sustancialmente las tasas de retenci\u00f3n de clientes y las tasas generales de conversi\u00f3n, que invariablemente culminan en un aumento significativo en los ingresos, todo con un esfuerzo m\u00ednimo y una facilidad absoluta.<\/p>\n<ul>\n<li>Un complemento de WordPress dise\u00f1ado para recuperar carros abandonados y aumentar las ventas en su tienda en l\u00ednea<\/li>\n<li>Sigue autom\u00e1ticamente a los clientes que abandonan sus carros, record\u00e1ndoles que regresen y completen su compra<\/li>\n<li>Permite plantillas de correo electr\u00f3nico personalizables y programaci\u00f3n de correos electr\u00f3nicos de seguimiento<\/li>\n<li>Proporciona an\u00e1lisis y datos en carros abandonados, lo que le permite rastrear el \u00e9xito del complemento y hacer las optimizaciones necesarias<\/li>\n<li>Cuenta con un tablero f\u00e1cil de usar y un proceso de instalaci\u00f3n f\u00e1cil<\/li>\n<li>Compatible con una amplia gama de complementos populares de comercio electr\u00f3nico de WordPress, que incluyen WooCommerce y descargas digitales f\u00e1ciles<\/li>\n<li>Ofrece una gama de caracter\u00edsticas avanzadas, incluida la capacidad de ofrecer cupones personalizados para incentivar a los clientes a regresar a su carrito abandonado<\/li>\n<li>Lo ayuda a recuperar los ingresos perdidos y mejorar las tasas de conversi\u00f3n al convertir los carros abandonados en ventas<\/li>\n<li>Proporciona una excelente atenci\u00f3n al cliente y actualizaciones regulares para garantizar que el complemento est\u00e9 siempre actualizado y efectivo.<\/li>\n<\/ul>\n","protected":false},"excerpt":{"rendered":"<p>Recupere el carrito abandonado Premium, un complemento robusto desarrollado para ayudar a las empresas en l\u00ednea a recuperar las ventas perdonadas resultantes de carros abandonados, cuenta con una gran cantidad de caracter\u00edsticas poderosas, incluidas, entre otros, notificaciones por correo electr\u00f3nico, capacidades de seguimiento en tiempo real y correos electr\u00f3nicos automatizados de seguimiento . Al aprovechar el potencial de este complemento, las empresas no solo pueden aumentar sus fuentes de ingresos, sino tambi\u00e9n establecer una firme lealtad del cliente. Adem\u00e1s, la naturaleza f\u00e1cil de usar de este complemento lo hace compatible sin esfuerzo con estimadas plataformas de comercio electr\u00f3nico como WooCommerce, Shopify y Magento. No pierda tiempo en capitalizar esta herramienta transformadora, ya que le permite recuperar las ventas perdidas y, en \u00faltima instancia, impulsar su rentabilidad general a alturas sin precedentes.<\/p>\n","protected":false},"featured_media":168663,"comment_status":"open","ping_status":"open","template":"","meta":[],"product_brand":[2391],"product_cat":[1207,1225,1206],"product_tag":[1462],"class_list":{"0":"post-110525","1":"product","2":"type-product","3":"status-publish","4":"has-post-thumbnail","6":"product_brand-yith","7":"product_cat-comercio-electronico-plugins","8":"product_cat-marketing","9":"product_cat-plugins","10":"product_tag-yith","11":"member-discount","12":"discount-restricted","14":"first","15":"instock","16":"sale","17":"downloadable","18":"virtual","19":"sold-individually","20":"purchasable","21":"product-type-simple"},"_links":{"self":[{"href":"https:\/\/gpl-love.com\/es\/wp-json\/wp\/v2\/product\/110525","targetHints":{"allow":["GET"]}}],"collection":[{"href":"https:\/\/gpl-love.com\/es\/wp-json\/wp\/v2\/product"}],"about":[{"href":"https:\/\/gpl-love.com\/es\/wp-json\/wp\/v2\/types\/product"}],"replies":[{"embeddable":true,"href":"https:\/\/gpl-love.com\/es\/wp-json\/wp\/v2\/comments?post=110525"}],"wp:featuredmedia":[{"embeddable":true,"href":"https:\/\/gpl-love.com\/es\/wp-json\/wp\/v2\/media\/168663"}],"wp:attachment":[{"href":"https:\/\/gpl-love.com\/es\/wp-json\/wp\/v2\/media?parent=110525"}],"wp:term":[{"taxonomy":"product_brand","embeddable":true,"href":"https:\/\/gpl-love.com\/es\/wp-json\/wp\/v2\/product_brand?post=110525"},{"taxonomy":"product_cat","embeddable":true,"href":"https:\/\/gpl-love.com\/es\/wp-json\/wp\/v2\/product_cat?post=110525"},{"taxonomy":"product_tag","embeddable":true,"href":"https:\/\/gpl-love.com\/es\/wp-json\/wp\/v2\/product_tag?post=110525"}],"curies":[{"name":"wp","href":"https:\/\/api.w.org\/{rel}","templated":true}]}}