{"id":110523,"date":"2026-02-23T00:00:00","date_gmt":"2026-02-23T05:00:00","guid":{"rendered":"http:\/\/gpl-love.com\/es\/producto\/woothumbs-for-woocommerce\/"},"modified":"2026-03-09T08:27:03","modified_gmt":"2026-03-09T13:27:03","slug":"woothumbs-for-woocommerce","status":"publish","type":"product","link":"https:\/\/gpl-love.com\/es\/producto\/woothumbs-for-woocommerce\/","title":{"rendered":"WooThumbs para WooCommerce 5.13.2"},"content":{"rendered":"<h3>WooThumbs para WooCommerce Caracteristicas<\/h3>\n<p>Woothumbs para WooCommerce es un complemento inmensamente poderoso que ha sido meticulosamente dise\u00f1ado para optimizar y elevar las im\u00e1genes del producto dentro de su tienda WooCommerce. Al aprovechar el potencial ilimitado de este notable complemento, tiene la capacidad excepcional de dise\u00f1ar una experiencia de compra extremadamente cautivadora e interactiva para su estimada clientela. El complemento est\u00e1 repleto de una extensa gama de caracter\u00edsticas de vanguardia, que abarca la invaluable capacidad de incorporar a la perfecci\u00f3n m\u00faltiples im\u00e1genes en una galer\u00eda de productos singularmente hipnotizante, una funcionalidad de zoom incomparable que permite que sus patrocinadores puedan escudri\u00f1ar incluso los detalles m\u00e1s minuciosos, y una excedente personalizable. Imagen Slider que le otorga el privilegio de mostrar ingeniosamente su diversa gama de productos en una mir\u00edada de modales fascinantes, dotando as\u00ed a sus estimados clientes una mayor claridad y discernimiento a medida que hacen sus compras. Adem\u00e1s, Woothumbs armoniza impecablemente su inmenso poder y funcionalidad con una extraordinaria facilidad de uso, asegurando que cada propietario de la tienda de WooCommerce pueda navegar sin esfuerzo sus complejidades. Adem\u00e1s, el complemento se acompa\u00f1a de un sistema de apoyo integral e inquebrantable, lo que consolidan su estado como una opci\u00f3n inquebrantable y firme para cualquier propietario de la tienda WooCommerce exigente que aspira a aumentar y refinar sustancialmente la calidad de sus im\u00e1genes de productos.<\/p>\n<ul>\n<li>Un complemento esencial para los propietarios de tiendas de WooCommerce que desean exhibir sus productos con im\u00e1genes cautivadoras y galer\u00edas interactivas<\/li>\n<li>Proporciona varias opciones de dise\u00f1o para im\u00e1genes que incluyen tama\u00f1o de ancho completo, miniaturas y funcionalidad de zoom<\/li>\n<li>Permite a los usuarios agregar m\u00faltiples im\u00e1genes a las galer\u00edas de productos y mostrarlas de manera intuitiva y receptiva<\/li>\n<li>Ofrece una gama de opciones de personalizaci\u00f3n para que las galer\u00edas de im\u00e1genes coincidan con el dise\u00f1o y la marca de la tienda<\/li>\n<li>Aumenta el compromiso y las conversiones al permitir a los clientes ver productos desde m\u00faltiples \u00e1ngulos y ampliar las caracter\u00edsticas \u00fanicas<\/li>\n<li>F\u00e1cil de instalar y usar, con documentaci\u00f3n detallada y soporte proporcionado por el equipo de Woothumbs<\/li>\n<li>Altamente compatible con todos los temas y complementos populares de WooCommerce<\/li>\n<li>Aumenta las clasificaciones de SEO al proporcionar una experiencia de usuario \u00fanica con la que los clientes potenciales tienen m\u00e1s probabilidades de participar y compartir en las redes sociales.<\/li>\n<\/ul>\n","protected":false},"excerpt":{"rendered":"<p>Actualice y mejore la calidad general de su tienda en l\u00ednea incorporando woothumbs para wooCommerce, una extensi\u00f3n de galer\u00eda de im\u00e1genes excepcional y autorizada que le otorga la capacidad de exhibir numerosas im\u00e1genes de productos, ampliar eficientemente en detalles intrincados y presentar variaciones de productos en una cautivaci\u00f3n visualmente cautivadora y cautivadora y cautivadores visuales manera fascinante. Esta notable herramienta ofrece una variedad de caracter\u00edsticas f\u00e1ciles de usar como soporte de video, un modo de pantalla completa, una innovadora opci\u00f3n de visualizaci\u00f3n de 360 \u200b\u200bgrados, as\u00ed como estilos personalizables, amplificando la simplicidad y la facilidad con la que puede crear una asombro y visualmente visualmente Fascinante experiencia de compra que sin duda cautivar\u00e1 y convertir\u00e1 y convertir\u00e1 a sus estimados clientes. No dude en elevar el calibre de su tienda WooCommerce hoy incorporando la notable funcionalidad y las capacidades excepcionales de Woothumbs.<\/p>\n","protected":false},"featured_media":168334,"comment_status":"open","ping_status":"open","template":"","meta":[],"product_brand":[2476],"product_cat":[1207,1225,1206],"product_tag":[1603],"class_list":{"0":"post-110523","1":"product","2":"type-product","3":"status-publish","4":"has-post-thumbnail","6":"product_brand-iconic","7":"product_cat-comercio-electronico-plugins","8":"product_cat-marketing","9":"product_cat-plugins","10":"product_tag-iconic","11":"member-discount","12":"discount-restricted","14":"first","15":"instock","16":"sale","17":"downloadable","18":"virtual","19":"sold-individually","20":"purchasable","21":"product-type-simple"},"_links":{"self":[{"href":"https:\/\/gpl-love.com\/es\/wp-json\/wp\/v2\/product\/110523","targetHints":{"allow":["GET"]}}],"collection":[{"href":"https:\/\/gpl-love.com\/es\/wp-json\/wp\/v2\/product"}],"about":[{"href":"https:\/\/gpl-love.com\/es\/wp-json\/wp\/v2\/types\/product"}],"replies":[{"embeddable":true,"href":"https:\/\/gpl-love.com\/es\/wp-json\/wp\/v2\/comments?post=110523"}],"wp:featuredmedia":[{"embeddable":true,"href":"https:\/\/gpl-love.com\/es\/wp-json\/wp\/v2\/media\/168334"}],"wp:attachment":[{"href":"https:\/\/gpl-love.com\/es\/wp-json\/wp\/v2\/media?parent=110523"}],"wp:term":[{"taxonomy":"product_brand","embeddable":true,"href":"https:\/\/gpl-love.com\/es\/wp-json\/wp\/v2\/product_brand?post=110523"},{"taxonomy":"product_cat","embeddable":true,"href":"https:\/\/gpl-love.com\/es\/wp-json\/wp\/v2\/product_cat?post=110523"},{"taxonomy":"product_tag","embeddable":true,"href":"https:\/\/gpl-love.com\/es\/wp-json\/wp\/v2\/product_tag?post=110523"}],"curies":[{"name":"wp","href":"https:\/\/api.w.org\/{rel}","templated":true}]}}