{"id":110521,"date":"2026-02-14T00:00:00","date_gmt":"2026-02-14T05:00:00","guid":{"rendered":"http:\/\/gpl-love.com\/es\/producto\/woocommerce-variation-swatches-pro\/"},"modified":"2026-03-09T08:26:21","modified_gmt":"2026-03-09T13:26:21","slug":"woocommerce-variation-swatches-pro","status":"publish","type":"product","link":"https:\/\/gpl-love.com\/es\/producto\/woocommerce-variation-swatches-pro\/","title":{"rendered":"WooCommerce Variation Swatches Pro 2.2.3"},"content":{"rendered":"<h3>WooCommerce Variation Swatches Pro Caracteristicas<\/h3>\n<p>WooCommerce Variation Swatches Pro, un complemento incre\u00edblemente potente, presenta un medio sin esfuerzo para mejorar la experiencia del usuario de sus p\u00e1ginas de productos WooCommerce al incorporar muestras atractivas y personalizables. A trav\u00e9s de la utilizaci\u00f3n de este complemento, posee la capacidad de exhibir de manera efectiva las variaciones de su producto, facilitando as\u00ed la facilidad de sus clientes para localizar y seleccionar sus opciones deseadas. En particular, este complemento le otorga la oportunidad de exhibir una amplia gama de estilos y formas de muestra, mientras que permite la personalizaci\u00f3n de su color, tama\u00f1o y texto de informaci\u00f3n sobre herramientas. Adem\u00e1s, la opci\u00f3n de emplear im\u00e1genes o iconos como muestras, e incluso mostrar m\u00faltiples muestras para cada atributo de producto, sirve como un testimonio de la mir\u00edada de posibilidades que este complemento ofrece. Adem\u00e1s, la capacidad de respuesta excepcional de la variaci\u00f3n de WooCommerce Pro, junto con su compatibilidad en un espectro de dispositivos y temas, asegura que sus muestras exuden la magnificencia, independientemente de la pantalla en la que se muestren. Al incorporar este complemento, podr\u00e1 elevar sus p\u00e1ginas de productos de WooCommerce a alturas sin precedentes, proporcionando as\u00ed a sus clientes una experiencia de compra interactiva e interactiva.<\/p>\n<ul>\n<li>Proporciona muestras personalizables para variaciones de productos en las tiendas de WooCommerce<\/li>\n<li>Ofrece diferentes tipos de muestras, incluidas las opciones de color, imagen y etiqueta.<\/li>\n<li>Permite a los clientes seleccionar f\u00e1cilmente las variaciones del producto haciendo clic en la muestra correspondiente<\/li>\n<li>Incluye opciones para mostrar muestras en archivos de productos y p\u00e1ginas de productos individuales<\/li>\n<li>Compatible con temas y complementos populares de WooCommerce<\/li>\n<li>F\u00e1cil de instalar y configurar con configuraciones e interfaces intuitivas<\/li>\n<li>Optimizar el proceso de compra y mejora la experiencia del usuario en su tienda en l\u00ednea<\/li>\n<li>Ayuda a reducir la confusi\u00f3n del cliente y los rendimientos de los productos al dejar en claro qu\u00e9 variaciones est\u00e1n disponibles y en stock<\/li>\n<li>Proporciona documentaci\u00f3n detallada y soporte para la resoluci\u00f3n de problemas y personalizaci\u00f3n<\/li>\n<\/ul>\n","protected":false},"excerpt":{"rendered":"<p>WooCommerce Variation Swatches Pro, un complemento muy robusto, proporciona los medios para exhibir variaciones de productos de una manera est\u00e9ticamente agradable y f\u00e1cil de usar. Al utilizar este complemento, los clientes pueden examinar sin esfuerzo la gran cantidad de opciones disponibles para cada producto, como colores o tama\u00f1os variables, y sin esfuerzo hacer sus selecciones con un simple clic. El complemento abarca una extensa variedad de posibilidades de personalizaci\u00f3n, incluida la opci\u00f3n de cargar im\u00e1genes de muestra a medida o utilizar los patrones e iconos preexistentes. Adem\u00e1s, su interfaz est\u00e1 dise\u00f1ada con la m\u00e1xima facilidad de uso en mente, asegurando un proceso de configuraci\u00f3n y utilizaci\u00f3n sin esfuerzo y sin esfuerzo. En su totalidad, WooCommerce Variation Swatches Pro se erige como una herramienta indispensable para cualquier tienda en l\u00ednea que busque mejorar la presentaci\u00f3n de sus productos y amplificar la satisfacci\u00f3n del cliente.<\/p>\n","protected":false},"featured_media":168301,"comment_status":"open","ping_status":"open","template":"","meta":[],"product_brand":[2343],"product_cat":[1207,1248,1206],"product_tag":[1601],"class_list":{"0":"post-110521","1":"product","2":"type-product","3":"status-publish","4":"has-post-thumbnail","6":"product_brand-getwooplugins","7":"product_cat-comercio-electronico-plugins","8":"product_cat-personalizacion-comercio-electronico-plugins","9":"product_cat-plugins","10":"product_tag-getwooplugins","11":"member-discount","12":"discount-restricted","14":"first","15":"instock","16":"sale","17":"downloadable","18":"virtual","19":"sold-individually","20":"purchasable","21":"product-type-simple"},"_links":{"self":[{"href":"https:\/\/gpl-love.com\/es\/wp-json\/wp\/v2\/product\/110521","targetHints":{"allow":["GET"]}}],"collection":[{"href":"https:\/\/gpl-love.com\/es\/wp-json\/wp\/v2\/product"}],"about":[{"href":"https:\/\/gpl-love.com\/es\/wp-json\/wp\/v2\/types\/product"}],"replies":[{"embeddable":true,"href":"https:\/\/gpl-love.com\/es\/wp-json\/wp\/v2\/comments?post=110521"}],"wp:featuredmedia":[{"embeddable":true,"href":"https:\/\/gpl-love.com\/es\/wp-json\/wp\/v2\/media\/168301"}],"wp:attachment":[{"href":"https:\/\/gpl-love.com\/es\/wp-json\/wp\/v2\/media?parent=110521"}],"wp:term":[{"taxonomy":"product_brand","embeddable":true,"href":"https:\/\/gpl-love.com\/es\/wp-json\/wp\/v2\/product_brand?post=110521"},{"taxonomy":"product_cat","embeddable":true,"href":"https:\/\/gpl-love.com\/es\/wp-json\/wp\/v2\/product_cat?post=110521"},{"taxonomy":"product_tag","embeddable":true,"href":"https:\/\/gpl-love.com\/es\/wp-json\/wp\/v2\/product_tag?post=110521"}],"curies":[{"name":"wp","href":"https:\/\/api.w.org\/{rel}","templated":true}]}}