{"id":110519,"date":"2023-03-29T00:00:00","date_gmt":"2023-03-29T05:00:00","guid":{"rendered":"http:\/\/gpl-love.com\/es\/producto\/woocommerce-reward-points\/"},"modified":"2026-03-09T08:25:01","modified_gmt":"2026-03-09T13:25:01","slug":"woocommerce-reward-points","status":"publish","type":"product","link":"https:\/\/gpl-love.com\/es\/producto\/woocommerce-reward-points\/","title":{"rendered":"WooCommerce Reward Points 1.1.17"},"content":{"rendered":"<h3>WooCommerce Reward Points Caracteristicas<\/h3>\n<p>El complemento de puntos de recompensa de WooCommerce es una herramienta inmensamente robusta y potente, lo que permite a los propietarios de tiendas en l\u00ednea motivar e incentivar efectivamente la lealtad del cliente a trav\u00e9s de la provisi\u00f3n de puntos de recompensa para las compras. Este notable complemento permite a los clientes acumular puntos valiosos no solo para sus compras, sino tambi\u00e9n por sus referencias y esfuerzos de intercambio social, entre otras actividades. Posteriormente, estos puntos acumulados pueden ser redimidos por los clientes para aprovechar descuentos significativos en sus futuras compras. El impacto positivo de esta funcionalidad trasciende el mero est\u00edmulo de los clientes para patrocinar repetidamente su tienda; Adem\u00e1s, sirve como catalizador para aumentar sus ventas e ingresos generales. La instalaci\u00f3n y configuraci\u00f3n sin esfuerzo de este complemento, junto con su provisi\u00f3n de valores de puntos personalizables y reglas de reembolso, acent\u00faan a\u00fan m\u00e1s su naturaleza f\u00e1cil de usar. Adem\u00e1s, la inclusi\u00f3n de un tablero integral facilita el monitoreo perfecto de la actividad del cliente y los saldos de puntos, mientras que su funci\u00f3n de notificaci\u00f3n autom\u00e1tica de correo electr\u00f3nico garantiza que los clientes permanezcan bien informados sobre su estado de punto actual. En esencia, el complemento de puntos de recompensa de WooCommerce surge indiscutiblemente como una herramienta indispensable e indispensable para cualquier tienda en l\u00ednea exigente que busque mejorar la lealtad del cliente e impulsar el crecimiento exponencial de las ventas.<\/p>\n<ul>\n<li>Gamifique su tienda de comercio electr\u00f3nico con puntos de recompensa de WooCommerce<\/li>\n<li>Fomentar la lealtad ofreciendo puntos de los clientes por compras y otras acciones<\/li>\n<li>Personalizar valores de puntos, reglas de ingresos y opciones de redenci\u00f3n<\/li>\n<li>Realice un seguimiento de los puntos del cliente y administre f\u00e1cilmente las recompensas dentro de su tablero de WooCommerce<\/li>\n<li>Aumentar la participaci\u00f3n del cliente y repetir los negocios con una experiencia divertida y gratificante<\/li>\n<\/ul>\n","protected":false},"excerpt":{"rendered":"<p>Los puntos de recompensa de WooCommerce son un complemento muy potente y efectivo, dise\u00f1ado meticulosamente para permitirle ofrecer incentivos y elogios atractivos a sus estimados clientes en reconocimiento a sus invaluables compras. A trav\u00e9s de la integraci\u00f3n perfecta de este complemento excepcional, est\u00e1 facultado para establecer e implementar sin esfuerzo un programa de lealtad incomparable, en el que su clientela apreciada se otorgar\u00e1 puntos invaluables por cada d\u00f3lar que gasten concienzudamente dentro de su estimado emporio en l\u00ednea. Estos puntos codiciados, que son acumulados minuciosamente por sus estimados clientes, pueden ser redimidos lucrativamente por una variedad de recompensas excepcionalmente atractivas, incluidos, entre otros, descuentos generosos, mercanc\u00edas complementarias y una mir\u00edada de otros beneficios meticulosamente curados. El profundo impacto de este complemento notable se extiende m\u00e1s all\u00e1 de la mera retenci\u00f3n de clientes, ya que estimula y fomenta de manera vertical una atm\u00f3sfera propicio para el gasto aumentado en su estimado sitio web, impulsando as\u00ed sus ventas a alturas sin precedentes. Es imperativo tener en cuenta que la instalaci\u00f3n y la utilizaci\u00f3n de este complemento extraordinario es notablemente f\u00e1cil, lo que genera una experiencia f\u00e1cil de usar para todas las partes interesadas involucradas. Adem\u00e1s, las opciones de personalizaci\u00f3n indispensables que ofrecen este complemento fenomenal aseguran una alineaci\u00f3n \u00f3ptima con los requisitos distintivos de su estimada marca. \u00a1Comience este impresionante viaje de apreciaci\u00f3n del cliente sin demora y se deleite con la transformaci\u00f3n inequ\u00edvoca de su trayectoria de ventas!<\/p>\n","protected":false},"featured_media":168248,"comment_status":"open","ping_status":"open","template":"","meta":[],"product_brand":[2339],"product_cat":[1207,1225,1206],"product_tag":[1256],"class_list":{"0":"post-110519","1":"product","2":"type-product","3":"status-publish","4":"has-post-thumbnail","6":"product_brand-codecanyon","7":"product_cat-comercio-electronico-plugins","8":"product_cat-marketing","9":"product_cat-plugins","10":"product_tag-codecanyon","11":"member-discount","12":"discount-restricted","14":"first","15":"instock","16":"sale","17":"downloadable","18":"virtual","19":"sold-individually","20":"purchasable","21":"product-type-simple"},"_links":{"self":[{"href":"https:\/\/gpl-love.com\/es\/wp-json\/wp\/v2\/product\/110519","targetHints":{"allow":["GET"]}}],"collection":[{"href":"https:\/\/gpl-love.com\/es\/wp-json\/wp\/v2\/product"}],"about":[{"href":"https:\/\/gpl-love.com\/es\/wp-json\/wp\/v2\/types\/product"}],"replies":[{"embeddable":true,"href":"https:\/\/gpl-love.com\/es\/wp-json\/wp\/v2\/comments?post=110519"}],"wp:featuredmedia":[{"embeddable":true,"href":"https:\/\/gpl-love.com\/es\/wp-json\/wp\/v2\/media\/168248"}],"wp:attachment":[{"href":"https:\/\/gpl-love.com\/es\/wp-json\/wp\/v2\/media?parent=110519"}],"wp:term":[{"taxonomy":"product_brand","embeddable":true,"href":"https:\/\/gpl-love.com\/es\/wp-json\/wp\/v2\/product_brand?post=110519"},{"taxonomy":"product_cat","embeddable":true,"href":"https:\/\/gpl-love.com\/es\/wp-json\/wp\/v2\/product_cat?post=110519"},{"taxonomy":"product_tag","embeddable":true,"href":"https:\/\/gpl-love.com\/es\/wp-json\/wp\/v2\/product_tag?post=110519"}],"curies":[{"name":"wp","href":"https:\/\/api.w.org\/{rel}","templated":true}]}}