{"id":110513,"date":"2024-12-07T00:00:00","date_gmt":"2024-12-07T05:00:00","guid":{"rendered":"http:\/\/gpl-love.com\/es\/producto\/themify-wumblr-wordpress-theme\/"},"modified":"2026-04-10T11:28:27","modified_gmt":"2026-04-10T16:28:27","slug":"themify-wumblr-wordpress-theme","status":"publish","type":"product","link":"https:\/\/gpl-love.com\/es\/producto\/themify-wumblr-wordpress-theme\/","title":{"rendered":"Themify Wumblr Theme 7.5.5"},"content":{"rendered":"<h3>Themify Wumblr Theme Caracteristicas<\/h3>\n<p>El tema Themify Wumblr, un tema de WordPress adaptado para bloggers y creativos, cuenta con un impresionante nivel de versatilidad y personalizaci\u00f3n. Con su dise\u00f1o elegante y moderno, este tema muestra el contenido sin esfuerzo de una manera visualmente impresionante, que atiende a quienes desean un atractivo est\u00e9tico. Adem\u00e1s, este tema es totalmente receptivo y optimizado para todos los dispositivos, lo que garantiza que su sitio web exude excelencia en cualquier tama\u00f1o de pantalla. En particular, la amplia gama de opciones de personalizaci\u00f3n disponibles le permite adaptar meticulosamente todo, desde el dise\u00f1o hasta la tipograf\u00eda, lo que lo permite crear una presencia en l\u00ednea distintiva y cautivadora que sin duda lo diferenciar\u00e1 de las masas.<\/p>\n<ul>\n<li>Un tema de WordPress moderno y elegante dise\u00f1ado espec\u00edficamente para crear un sitio web estilo tumblelog<\/li>\n<li>Formatos de publicaci\u00f3n incorporados para diferentes tipos de contenido, que incluyen texto, fotos, galer\u00edas, videos, citas y enlaces<\/li>\n<li>Esquemas de color totalmente personalizables, fuentes y fondos para que coincidan con su marca o estilo personal<\/li>\n<li>Dise\u00f1o receptivo que se ve muy bien en cualquier dispositivo, con dise\u00f1os opcionales espec\u00edficos de dispositivos m\u00f3viles<\/li>\n<li>Panel de opciones de temas avanzados con f\u00e1cil control sobre el dise\u00f1o, la tipograf\u00eda y otras configuraciones<\/li>\n<li>Widgets personalizados para mostrar las redes sociales, publicaciones populares, comentarios recientes y m\u00e1s<\/li>\n<li>Integraci\u00f3n con complementos populares de WordPress como JetPack, Contact Form 7 y WooCommerce<\/li>\n<li>C\u00f3digo amigable para SEO y tiempos de carga de p\u00e1gina r\u00e1pidos para una mejor clasificaci\u00f3n de motores de b\u00fasqueda y experiencia de usuario<\/li>\n<li>Actualizaciones regulares y soporte del equipo de Themify para mantener su sitio funcionando sin problemas y de forma segura.<\/li>\n<\/ul>\n","protected":false},"excerpt":{"rendered":"<p>El tema Themify Wumblr es un tema de WordPress notablemente vers\u00e1til e innegablemente moderno que proporciona a los bloggers y creativos una apariencia impecablemente limpia e incre\u00edblemente creativa. Con su dise\u00f1o innovador de la cuadr\u00edcula, dise\u00f1o sin problemas y la capacidad de personalizar sin esfuerzo, este tema realmente est\u00e1 por encima de la competencia. Adem\u00e1s, ofrece una amplia selecci\u00f3n de opciones de color vibrantes y va m\u00e1s all\u00e1 al admitir completamente una gran cantidad de diversos formatos de publicaci\u00f3n. Independientemente de si est\u00e1 mostrando con orgullo su escritura cautivadora, impresionante fotograf\u00eda o asombrosos proyectos personales, el tema Themify WumBlr ofrece una plataforma impecable e incomparable que se adapta perfectamente a las necesidades y deseos \u00fanicos de su estimado blog o sitio web.<\/p>\n","protected":false},"featured_media":167801,"comment_status":"open","ping_status":"open","template":"","meta":[],"product_brand":[2578],"product_cat":[1267,1237,1238],"product_tag":[1400],"class_list":{"0":"post-110513","1":"product","2":"type-product","3":"status-publish","4":"has-post-thumbnail","6":"product_brand-themify","7":"product_cat-creativo","8":"product_cat-temas","9":"product_cat-wordpress-temas","10":"product_tag-themify","11":"member-discount","12":"discount-restricted","14":"first","15":"instock","16":"sale","17":"downloadable","18":"virtual","19":"sold-individually","20":"purchasable","21":"product-type-simple"},"_links":{"self":[{"href":"https:\/\/gpl-love.com\/es\/wp-json\/wp\/v2\/product\/110513","targetHints":{"allow":["GET"]}}],"collection":[{"href":"https:\/\/gpl-love.com\/es\/wp-json\/wp\/v2\/product"}],"about":[{"href":"https:\/\/gpl-love.com\/es\/wp-json\/wp\/v2\/types\/product"}],"replies":[{"embeddable":true,"href":"https:\/\/gpl-love.com\/es\/wp-json\/wp\/v2\/comments?post=110513"}],"wp:featuredmedia":[{"embeddable":true,"href":"https:\/\/gpl-love.com\/es\/wp-json\/wp\/v2\/media\/167801"}],"wp:attachment":[{"href":"https:\/\/gpl-love.com\/es\/wp-json\/wp\/v2\/media?parent=110513"}],"wp:term":[{"taxonomy":"product_brand","embeddable":true,"href":"https:\/\/gpl-love.com\/es\/wp-json\/wp\/v2\/product_brand?post=110513"},{"taxonomy":"product_cat","embeddable":true,"href":"https:\/\/gpl-love.com\/es\/wp-json\/wp\/v2\/product_cat?post=110513"},{"taxonomy":"product_tag","embeddable":true,"href":"https:\/\/gpl-love.com\/es\/wp-json\/wp\/v2\/product_tag?post=110513"}],"curies":[{"name":"wp","href":"https:\/\/api.w.org\/{rel}","templated":true}]}}