{"id":110511,"date":"2026-03-13T00:00:00","date_gmt":"2026-03-13T05:00:00","guid":{"rendered":"http:\/\/gpl-love.com\/es\/producto\/the-fox-responsive-multi-purpose-wordpress-theme\/"},"modified":"2026-04-10T11:27:29","modified_gmt":"2026-04-10T16:27:29","slug":"the-fox-responsive-multi-purpose-wordpress-theme","status":"publish","type":"product","link":"https:\/\/gpl-love.com\/es\/producto\/the-fox-responsive-multi-purpose-wordpress-theme\/","title":{"rendered":"The Fox Responsive Multi-Purpose WordPress Theme 3.9.79"},"content":{"rendered":"<h3>The Fox Responsive Multi-Purpose WordPress Theme Caracteristicas<\/h3>\n<p>El tema de WordPress multiprop\u00f3sito de Fox, con sus capacidades vers\u00e1tiles y poderosas, ofrece a las empresas e individuos la incre\u00edble oportunidad de dise\u00f1ar y desarrollar sitios web visualmente sorprendentes sin esfuerzo. Este tema incre\u00edblemente adaptable se ha creado meticulosamente para priorizar la flexibilidad y la personalizaci\u00f3n, lo que permite a los usuarios adaptar a su sitio web para que se alinee perfectamente con sus requisitos \u00fanicos y preferencias personales. Adem\u00e1s, vale la pena se\u00f1alar que el Fox posee una notable capacidad de respuesta, garantizando una experiencia de visualizaci\u00f3n perfecta en una mir\u00edada de dispositivos, que van desde computadoras de escritorio tradicionales hasta tel\u00e9fonos inteligentes de vanguardia. Ya sea que uno busque construir un sitio web profesional, contempor\u00e1neo o cautivador, el FOX ofrece una amplia gama de opciones relacionadas con el dise\u00f1o, el dise\u00f1o y la funcionalidad, lo que es una opci\u00f3n ejemplar para las personas que buscan establecer una presencia en l\u00ednea altamente sofisticada y atractiva.<\/p>\n<ul>\n<li>Dise\u00f1o totalmente personalizable y vers\u00e1til para adaptarse a cualquier sitio web o necesidades comerciales<\/li>\n<li>Dise\u00f1o receptivo que se adapta a cualquier tama\u00f1o de pantalla del dispositivo para una experiencia de usuario perfecta<\/li>\n<li>Incluye m\u00e1s de 15 demostraciones de p\u00e1gina de inicio predise\u00f1adas para impulsar el proceso de dise\u00f1o de su sitio web<\/li>\n<li>Constructor de p\u00e1ginas incorporado para una f\u00e1cil personalizaci\u00f3n y funcionalidad de arrastrar y soltar<\/li>\n<li>Panel de opciones de tema potentes para controlar todos los aspectos del estilo y la funcionalidad de su sitio web<\/li>\n<li>Compatible con complementos populares de WordPress como WooCommerce, Contact Form 7 y Yoast SEO<\/li>\n<li>Optimizado para la velocidad y el SEO, asegurando que su sitio web funcione bien y se ubique en los motores de b\u00fasqueda<\/li>\n<li>Documentaci\u00f3n extensa y tutoriales en video proporcionados para una f\u00e1cil configuraci\u00f3n y personalizaci\u00f3n<\/li>\n<li>Equipo de soporte dedicado disponible para ayudar con cualquier pregunta o problema que pueda tener<\/li>\n<li>Actualizaciones y mejoras peri\u00f3dicas para garantizar que el tema se mantenga actualizado con las \u00faltimas tecnolog\u00edas y est\u00e1ndares web.<\/li>\n<\/ul>\n","protected":false},"excerpt":{"rendered":"<p>El tema de WordPress multiprop\u00f3sito de Fox, reconocido por sus capacidades y versatilidad excepcionales, se presenta como la soluci\u00f3n definitiva para aquellos que se esfuerzan por establecer un sitio web visualmente llamativo y en pleno funcionamiento. Con una gran cantidad de caracter\u00edsticas de vanguardia, este tema trasciende los l\u00edmites y puede atender sin esfuerzo a una variedad de objetivos, que van desde el establecimiento de una plataforma de comercio electr\u00f3nico hasta el inicio de un blog o la creaci\u00f3n de una cartera ingeniosa. El zorro, dotado de su capacidad de respuesta ilimitada, se adapta sin esfuerzo a cualquier dispositivo, lo que hace una experiencia visualmente agradable y cohesiva en todas las pantallas. Adem\u00e1s, sus opciones de personalizaci\u00f3n flexibles le otorgan la libertad de adaptar meticulosamente la apariencia a sus especificaciones exactas. Adem\u00e1s de su destreza est\u00e9tica, el tema se ha optimizado meticulosamente para garantizar una experiencia de navegaci\u00f3n inigualable, con una velocidad y fluidez incomparables. Con el Fox a su disposici\u00f3n, puede estar seguro de que su sitio web no solo cautivar\u00e1 a sus visitantes, sino que tambi\u00e9n dejar\u00e1 una impresi\u00f3n indeleble y duradera.<\/p>\n","protected":false},"featured_media":167709,"comment_status":"open","ping_status":"open","template":"","meta":[],"product_brand":[2337],"product_cat":[1239,1237,1238],"product_tag":[1391],"class_list":{"0":"post-110511","1":"product","2":"type-product","3":"status-publish","4":"has-post-thumbnail","6":"product_brand-themeforest","7":"product_cat-de-multiples-fines","8":"product_cat-temas","9":"product_cat-wordpress-temas","10":"product_tag-themeforest","11":"member-discount","12":"discount-restricted","14":"first","15":"instock","16":"sale","17":"downloadable","18":"virtual","19":"sold-individually","20":"purchasable","21":"product-type-simple"},"_links":{"self":[{"href":"https:\/\/gpl-love.com\/es\/wp-json\/wp\/v2\/product\/110511","targetHints":{"allow":["GET"]}}],"collection":[{"href":"https:\/\/gpl-love.com\/es\/wp-json\/wp\/v2\/product"}],"about":[{"href":"https:\/\/gpl-love.com\/es\/wp-json\/wp\/v2\/types\/product"}],"replies":[{"embeddable":true,"href":"https:\/\/gpl-love.com\/es\/wp-json\/wp\/v2\/comments?post=110511"}],"wp:featuredmedia":[{"embeddable":true,"href":"https:\/\/gpl-love.com\/es\/wp-json\/wp\/v2\/media\/167709"}],"wp:attachment":[{"href":"https:\/\/gpl-love.com\/es\/wp-json\/wp\/v2\/media?parent=110511"}],"wp:term":[{"taxonomy":"product_brand","embeddable":true,"href":"https:\/\/gpl-love.com\/es\/wp-json\/wp\/v2\/product_brand?post=110511"},{"taxonomy":"product_cat","embeddable":true,"href":"https:\/\/gpl-love.com\/es\/wp-json\/wp\/v2\/product_cat?post=110511"},{"taxonomy":"product_tag","embeddable":true,"href":"https:\/\/gpl-love.com\/es\/wp-json\/wp\/v2\/product_tag?post=110511"}],"curies":[{"name":"wp","href":"https:\/\/api.w.org\/{rel}","templated":true}]}}