{"id":110510,"date":"2026-02-26T00:00:00","date_gmt":"2026-02-26T05:00:00","guid":{"rendered":"http:\/\/gpl-love.com\/es\/producto\/stackable-gutenberg-blocks-premium\/"},"modified":"2026-04-10T11:25:37","modified_gmt":"2026-04-10T16:25:37","slug":"stackable-gutenberg-blocks-premium","status":"publish","type":"product","link":"https:\/\/gpl-love.com\/es\/producto\/stackable-gutenberg-blocks-premium\/","title":{"rendered":"Stackable Gutenberg Blocks Premium 3.19.7"},"content":{"rendered":"<h3>Stackable Gutenberg Blocks Premium Caracteristicas<\/h3>\n<p>Los bloques de gutenberg apilables Premium es un complemento de WordPress extremadamente robusto que mejora significativamente la funcionalidad del editor de Gutenberg, una herramienta esencial para crear y editar contenido en sitios web de WordPress. Este complemento premium excepcional proporciona a los usuarios una variedad incre\u00edblemente vers\u00e1til de bloques predise\u00f1ados, meticulosamente elaborados para adaptarse y ajustarse sin esfuerzo a las preferencias individuales, facilitando as\u00ed la creaci\u00f3n perfecta de p\u00e1ginas, publicaciones y dise\u00f1o visualmente cautivadores que est\u00e1n obligados a dejar una impresi\u00f3n duradera en visitantes. El proceso de personalizaci\u00f3n sin esfuerzo de estos bloques niega el requisito de cualquier experiencia de codificaci\u00f3n previa, asegurando que los usuarios puedan crear dise\u00f1os web inmersivos e inmersivos sin esfuerzo que comprometan efectivamente a su p\u00fablico objetivo. La gama integral de opciones de dise\u00f1o disponibles dentro del complemento abarca una amplia selecci\u00f3n de tipograf\u00eda, color y configuraciones de dise\u00f1o, lo que permite a los usuarios la capacidad de adaptar meticulosamente cada elemento de su sitio web a la perfecci\u00f3n. La interfaz intuitiva de arrastrar y soltar aumenta a\u00fan m\u00e1s la experiencia del usuario, lo que hace que la utilizaci\u00f3n de bloques de gutenberg apilables sea una brisa absoluta tanto para los desarrolladores web experimentados como para los aspirantes a dise\u00f1adores. Al integrar a la perfecci\u00f3n esta herramienta indispensable en sus sitios web de WordPress, los desarrolladores y dise\u00f1adores web pueden elevar a la perfecci\u00f3n su presencia en l\u00ednea a alturas sin precedentes, proporcionando una experiencia de usuario incomparable que seguramente cautivar\u00eda e involucrar\u00e1 a su audiencia.<\/p>\n<ul>\n<li>Un conjunto de bloques de Gutenberg para WordPress que est\u00e1n dise\u00f1ados para funcionar perfectamente juntos y se apilan sin esfuerzo<\/li>\n<li>Ofrece m\u00e1s de 40 bloques \u00fanicos que se pueden personalizar para adaptarse a cualquier dise\u00f1o de sitio web<\/li>\n<li>Los bloques incluyen caracter\u00edsticas como controles deslizantes, testimonios, botones de llamada a acci\u00f3n y tablas de precios<\/li>\n<li>Construido con SEO y rendimiento en mente, asegurando que su sitio web se mantenga r\u00e1pido y optimizado<\/li>\n<li>Los bloques son f\u00e1ciles de usar, lo que facilita a cualquiera crear p\u00e1ginas hermosas y funcionales sin necesidad de habilidades de codificaci\u00f3n extensas<\/li>\n<li>Compatible con cualquier tema o complemento de WordPress, asegurando una integraci\u00f3n perfecta con su sitio web existente<\/li>\n<li>Totalmente receptivo, lo que significa que su sitio web se ver\u00e1 genial en cualquier dispositivo<\/li>\n<li>Actualizado regularmente con nuevos bloques y funciones, asegurando que su sitio web se mantenga actualizado y actualizado<\/li>\n<li>Viene con atenci\u00f3n al cliente de primer nivel, asegurando que siempre tenga ayuda cuando la necesite.<\/li>\n<\/ul>\n","protected":false},"excerpt":{"rendered":"<p>El apilable Gutenberg Blocks Premium, un complemento de WordPress indispensable, sirve como una herramienta de inmenso valor en su b\u00fasqueda para cautivar las p\u00e1ginas web de la moda dentro del reconocido editor de Gutenberg. Al equiparlo con la capacidad de incorporar bloques superiores que se adapten perfectamente a cualquier dispositivo, este complemento le permite crear un sitio web visualmente llamativo que se distingue de las masas. Adem\u00e1s, la premium apilable de Gutenberg tiene una gran cantidad de opciones de personalizaci\u00f3n, lo que le brinda la libertad de configurar una variedad de estilos, efectos y animaciones de acuerdo con sus preferencias. Adem\u00e1s, le otorga el privilegio de apilar bloques, facilitando as\u00ed la creaci\u00f3n de dise\u00f1os distintivos que transmiten efectivamente su mensaje a su audiencia prevista.<\/p>\n","protected":false},"featured_media":167559,"comment_status":"open","ping_status":"open","template":"","meta":[],"product_brand":[2568],"product_cat":[1214,1206,1211],"product_tag":[1597],"class_list":{"0":"post-110510","1":"product","2":"type-product","3":"status-publish","4":"has-post-thumbnail","6":"product_brand-stackable","7":"product_cat-personalizacion","8":"product_cat-plugins","9":"product_cat-wordpress-plugins","10":"product_tag-stackable","11":"member-discount","12":"discount-restricted","14":"first","15":"instock","16":"sale","17":"downloadable","18":"virtual","19":"sold-individually","20":"purchasable","21":"product-type-simple"},"_links":{"self":[{"href":"https:\/\/gpl-love.com\/es\/wp-json\/wp\/v2\/product\/110510","targetHints":{"allow":["GET"]}}],"collection":[{"href":"https:\/\/gpl-love.com\/es\/wp-json\/wp\/v2\/product"}],"about":[{"href":"https:\/\/gpl-love.com\/es\/wp-json\/wp\/v2\/types\/product"}],"replies":[{"embeddable":true,"href":"https:\/\/gpl-love.com\/es\/wp-json\/wp\/v2\/comments?post=110510"}],"wp:featuredmedia":[{"embeddable":true,"href":"https:\/\/gpl-love.com\/es\/wp-json\/wp\/v2\/media\/167559"}],"wp:attachment":[{"href":"https:\/\/gpl-love.com\/es\/wp-json\/wp\/v2\/media?parent=110510"}],"wp:term":[{"taxonomy":"product_brand","embeddable":true,"href":"https:\/\/gpl-love.com\/es\/wp-json\/wp\/v2\/product_brand?post=110510"},{"taxonomy":"product_cat","embeddable":true,"href":"https:\/\/gpl-love.com\/es\/wp-json\/wp\/v2\/product_cat?post=110510"},{"taxonomy":"product_tag","embeddable":true,"href":"https:\/\/gpl-love.com\/es\/wp-json\/wp\/v2\/product_tag?post=110510"}],"curies":[{"name":"wp","href":"https:\/\/api.w.org\/{rel}","templated":true}]}}