{"id":110506,"date":"2025-12-15T00:00:00","date_gmt":"2025-12-15T05:00:00","guid":{"rendered":"http:\/\/gpl-love.com\/es\/producto\/restrict-content-pro-restriction-timeouts\/"},"modified":"2026-03-09T08:04:20","modified_gmt":"2026-03-09T13:04:20","slug":"restrict-content-pro-restriction-timeouts","status":"publish","type":"product","link":"https:\/\/gpl-love.com\/es\/producto\/restrict-content-pro-restriction-timeouts\/","title":{"rendered":"Restrict Content Pro Restriction Timeouts 1.0.6"},"content":{"rendered":"<h3>Restrict Content Pro Restriction Timeouts Caracteristicas<\/h3>\n<p>El complemento de restricci\u00f3n de contenido de contenido Restringe el complemento es una herramienta muy potente y eficiente que otorga a los propietarios de sitios web la capacidad de establecer sin esfuerzo limitaciones de tiempo en su contenido restringido. Al utilizar este complemento excepcional, posee la capacidad de restringir el acceso a su contenido exclusivo para una duraci\u00f3n designada, posterior a la que posteriormente se har\u00e1 accesible para sus estimados usuarios. Esta notable caracter\u00edstica demuestra ser excepcionalmente ventajosa para sitios web que ofrecen contenido de naturaleza sensible al tiempo, como cursos en l\u00ednea, seminarios web y eventos. Lo que establece el complemento de restricciones de restricci\u00f3n de contenido de contenido que aparte es su notable facilidad de uso y su capacidad incomparable para adaptarse para cumplir con sus requisitos \u00fanicos y espec\u00edficos, lo que hace que un recurso indispensable e invaluable para cualquier propietario del sitio web exigente que busque monetizar efectivamente sus contenido valioso.<\/p>\n<ul>\n<li>Restringir los tiempos de espera de restricci\u00f3n de contenido PRO le permite establecer un l\u00edmite de tiempo en el acceso a su contenido<\/li>\n<li>Puede configurar f\u00e1cilmente el l\u00edmite de tiempo para cada nivel de membres\u00eda o miembro individual<\/li>\n<li>Una vez que se alcanza el l\u00edmite de tiempo, el usuario se bloquear\u00e1 del contenido hasta que renovar\u00e1 su suscripci\u00f3n o compre una nueva membres\u00eda<\/li>\n<li>Esta funci\u00f3n le ayuda a administrar el acceso a su contenido y asegurarse de que solo los miembros activos puedan acceder a ella.<\/li>\n<li>Tambi\u00e9n puede configurar correos electr\u00f3nicos autom\u00e1ticos para notificar a los miembros cuando su cuenta est\u00e1 a punto de expirar y pedirles que renovan<\/li>\n<li>Los tiempos de espera de restricci\u00f3n est\u00e1n completamente integrados con restringir contenido profesional, lo que facilita la configuraci\u00f3n y la administraci\u00f3n<\/li>\n<li>Con tiempos de espera de restricci\u00f3n, puede ofrecer acceso de tiempo limitado a su contenido sin tener que monitorear y administrar manualmente cada cuenta individual<\/li>\n<li>Esta caracter\u00edstica garantiza una experiencia de usuario fluida y perfecta para sus miembros, lo que hace que sea m\u00e1s probable que renovan sus suscripciones y contin\u00faen accediendo a su contenido.<\/li>\n<\/ul>\n","protected":false},"excerpt":{"rendered":"<p>Restringir los tiempos de espera de restricci\u00f3n de contenido Pro es una extensi\u00f3n absolutamente esencial para los sitios web que proporcionan contenido restringido o tienen un sistema de acceso basado en la membres\u00eda. Ofrece a los propietarios de sitios web la capacidad de establecer l\u00edmites de tiempo precisos y personalizados para otorgar acceso a miembros o usuarios que han comprado una suscripci\u00f3n. Como resultado, una vez que se alcanza un tiempo de espera de restricci\u00f3n espec\u00edfico, los usuarios ser\u00e1n privados de manera r\u00e1pida y autom\u00e1tica de su acceso al contenido restringido o los privilegios de membres\u00eda. Esta caracter\u00edstica invaluable ahorra a los propietarios del sitio de la tarea tediosa y lenta de monitorear y deshabilitar el acceso manualmente. En esencia, la implementaci\u00f3n de restricciones de restricci\u00f3n de contenido Tiempos de restricci\u00f3n de contenido sirve como un medio altamente eficiente y efectivo para racionalizar la gesti\u00f3n de acceso y mantener la seguridad y la usabilidad de cualquier sitio web determinado.<\/p>\n","protected":false},"featured_media":167364,"comment_status":"open","ping_status":"open","template":"","meta":[],"product_brand":[2548],"product_cat":[1212,1206,1211],"product_tag":[1513],"class_list":{"0":"post-110506","1":"product","2":"type-product","3":"status-publish","4":"has-post-thumbnail","6":"product_brand-restirct-content","7":"product_cat-administracion-wordpress-plugins","8":"product_cat-plugins","9":"product_cat-wordpress-plugins","10":"product_tag-restirct-content","11":"member-discount","12":"discount-restricted","14":"first","15":"instock","16":"sale","17":"downloadable","18":"virtual","19":"sold-individually","20":"purchasable","21":"product-type-simple"},"_links":{"self":[{"href":"https:\/\/gpl-love.com\/es\/wp-json\/wp\/v2\/product\/110506","targetHints":{"allow":["GET"]}}],"collection":[{"href":"https:\/\/gpl-love.com\/es\/wp-json\/wp\/v2\/product"}],"about":[{"href":"https:\/\/gpl-love.com\/es\/wp-json\/wp\/v2\/types\/product"}],"replies":[{"embeddable":true,"href":"https:\/\/gpl-love.com\/es\/wp-json\/wp\/v2\/comments?post=110506"}],"wp:featuredmedia":[{"embeddable":true,"href":"https:\/\/gpl-love.com\/es\/wp-json\/wp\/v2\/media\/167364"}],"wp:attachment":[{"href":"https:\/\/gpl-love.com\/es\/wp-json\/wp\/v2\/media?parent=110506"}],"wp:term":[{"taxonomy":"product_brand","embeddable":true,"href":"https:\/\/gpl-love.com\/es\/wp-json\/wp\/v2\/product_brand?post=110506"},{"taxonomy":"product_cat","embeddable":true,"href":"https:\/\/gpl-love.com\/es\/wp-json\/wp\/v2\/product_cat?post=110506"},{"taxonomy":"product_tag","embeddable":true,"href":"https:\/\/gpl-love.com\/es\/wp-json\/wp\/v2\/product_tag?post=110506"}],"curies":[{"name":"wp","href":"https:\/\/api.w.org\/{rel}","templated":true}]}}