{"id":110504,"date":"2021-02-09T00:00:00","date_gmt":"2021-02-09T05:00:00","guid":{"rendered":"http:\/\/gpl-love.com\/es\/producto\/restrict-content-pro-restriction-timelock\/"},"modified":"2026-04-10T11:23:21","modified_gmt":"2026-04-10T16:23:21","slug":"restrict-content-pro-restriction-timelock","status":"publish","type":"product","link":"https:\/\/gpl-love.com\/es\/producto\/restrict-content-pro-restriction-timelock\/","title":{"rendered":"Restrict Content Pro Restriction Timelock 1.1.1"},"content":{"rendered":"<h3>Restrict Content Pro Restriction Timelock Caracteristicas<\/h3>\n<p>El complemento Restrict Content Pro Restriction TimElock es una herramienta incre\u00edblemente robusta que le proporciona la capacidad de ejercer el control sobre la accesibilidad de su contenido en funci\u00f3n de los par\u00e1metros de tiempo espec\u00edficos. Al aprovechar esta notable caracter\u00edstica, est\u00e1 facultado para programar sin problemas la disponibilidad o restricci\u00f3n de su contenido para sus estimados usuarios. Esta funcionalidad demuestra ser particularmente ventajosa para varios tipos de contenido, como cursos, membres\u00edas y otro contenido que posee una disponibilidad finita o una duraci\u00f3n limitada del acceso. El proceso de instalaci\u00f3n y utilizaci\u00f3n para este complemento es directo y sin esfuerzo, al tiempo que ofrece una amplia gama de opciones de personalizaci\u00f3n que satisfacen sus preferencias de protecci\u00f3n precisas. Ya sea que est\u00e9 en el proceso de construir un sitio de membres\u00eda exclusivo o administrar eficazmente un curso educativo, el indispensable restringir el Timelock de restricci\u00f3n PRO de contenido sirve como un instrumento invaluable para garantizar la m\u00e1xima seguridad y accesibilidad \u00fanicamente a aquellas personas que realmente lo requieren.<\/p>\n<ul>\n<li>El complemento de restricci\u00f3n TimElock para restringir el complemento Content Pro<\/li>\n<li>Le permite establecer un per\u00edodo de tiempo espec\u00edfico durante el cual el acceso de un usuario al contenido restringido estar\u00e1 activo<\/li>\n<li>Ideal para ofertas de tiempo limitado o cursos con restricciones de tiempo<\/li>\n<li>Simple y f\u00e1cil de usar<\/li>\n<li>Se integra a la perfecci\u00f3n con restringir contenido pro<\/li>\n<li>Compatible con todos los temas de WordPress<\/li>\n<li>Proporciona una capa adicional de seguridad para su contenido<\/li>\n<li>Le ayuda a monetizar y controlar el acceso a su valioso contenido.<\/li>\n<\/ul>\n","protected":false},"excerpt":{"rendered":"<p>Restringe Content Pro Restriction TimeLock, una herramienta extremadamente potente, le otorga la capacidad de imponer limitaciones al acceso a su contenido para una duraci\u00f3n predeterminada. Al emplear este complemento, puede establecer sin esfuerzo restricciones limitadas en sus publicaciones, p\u00e1ginas, tipos de publicaciones personalizadas e incluso categor\u00edas. En consecuencia, tiene la libertad de hacer que su contenido sea accesible \u00fanicamente para un plazo espec\u00edfico y posteriormente impedir el acceso autom\u00e1ticamente una vez que el plazo transcurre. Ya sea que administre un sitio web basado en suscripci\u00f3n o simplemente aspira a defender la novedad y la exclusividad de su contenido, Restrict Content Pro Restriction TimeLock sirve como un instrumento indispensable que facilita la realizaci\u00f3n de sus objetivos.<\/p>\n","protected":false},"featured_media":167363,"comment_status":"open","ping_status":"open","template":"","meta":[],"product_brand":[2548],"product_cat":[1212,1206,1211],"product_tag":[1513],"class_list":{"0":"post-110504","1":"product","2":"type-product","3":"status-publish","4":"has-post-thumbnail","6":"product_brand-restirct-content","7":"product_cat-administracion-wordpress-plugins","8":"product_cat-plugins","9":"product_cat-wordpress-plugins","10":"product_tag-restirct-content","11":"member-discount","12":"discount-restricted","14":"first","15":"instock","16":"sale","17":"downloadable","18":"virtual","19":"sold-individually","20":"purchasable","21":"product-type-simple"},"_links":{"self":[{"href":"https:\/\/gpl-love.com\/es\/wp-json\/wp\/v2\/product\/110504","targetHints":{"allow":["GET"]}}],"collection":[{"href":"https:\/\/gpl-love.com\/es\/wp-json\/wp\/v2\/product"}],"about":[{"href":"https:\/\/gpl-love.com\/es\/wp-json\/wp\/v2\/types\/product"}],"replies":[{"embeddable":true,"href":"https:\/\/gpl-love.com\/es\/wp-json\/wp\/v2\/comments?post=110504"}],"wp:featuredmedia":[{"embeddable":true,"href":"https:\/\/gpl-love.com\/es\/wp-json\/wp\/v2\/media\/167363"}],"wp:attachment":[{"href":"https:\/\/gpl-love.com\/es\/wp-json\/wp\/v2\/media?parent=110504"}],"wp:term":[{"taxonomy":"product_brand","embeddable":true,"href":"https:\/\/gpl-love.com\/es\/wp-json\/wp\/v2\/product_brand?post=110504"},{"taxonomy":"product_cat","embeddable":true,"href":"https:\/\/gpl-love.com\/es\/wp-json\/wp\/v2\/product_cat?post=110504"},{"taxonomy":"product_tag","embeddable":true,"href":"https:\/\/gpl-love.com\/es\/wp-json\/wp\/v2\/product_tag?post=110504"}],"curies":[{"name":"wp","href":"https:\/\/api.w.org\/{rel}","templated":true}]}}