{"id":110502,"date":"2021-02-09T00:00:00","date_gmt":"2021-02-09T05:00:00","guid":{"rendered":"http:\/\/gpl-love.com\/es\/producto\/restrict-content-pro-restrict-past-content\/"},"modified":"2026-04-10T11:23:21","modified_gmt":"2026-04-10T16:23:21","slug":"restrict-content-pro-restrict-past-content","status":"publish","type":"product","link":"https:\/\/gpl-love.com\/es\/producto\/restrict-content-pro-restrict-past-content\/","title":{"rendered":"Restrict Content Pro Restrict Past Content 1.0.3"},"content":{"rendered":"<h3>Restrict Content Pro Restrict Past Content Caracteristicas<\/h3>\n<p>Restringe Content Pro Restring Restrict Content Content Plugin es una herramienta extremadamente potente y rica en caracter\u00edsticas que ha sido dise\u00f1ada espec\u00edficamente para proporcionar a los propietarios de sitios web la capacidad de limitar efectivamente el acceso a contenido pasado en sus sitios web. Al utilizar las diversas funcionalidades ofrecidas por esta herramienta, los propietarios de sitios web pueden restringir de manera f\u00e1cil y eficiente el acceso de los usuarios a publicaciones, p\u00e1ginas o incluso tipos de publicaciones personalizadas, asegurando as\u00ed que pueda evitar que cualquier persona acceda a cualquier contenido que se haya publicado antes de un fecha espec\u00edfica. Esta herramienta en particular demuestra ser especialmente valiosa para los sitios web que poseen contenido exclusivo al que es accesible para sus suscriptores o miembros. Con la implementaci\u00f3n del contenido restringido restringir el complemento de contenido pasado, los propietarios de sitios web pueden establecer reglas de acceso personalizadas, restringir el contenido basado en los roles de los usuarios e incluso generar contenido sensible al tiempo que se restringir\u00e1 autom\u00e1ticamente despu\u00e9s de un per\u00edodo de tiempo predeterminado. En esencia, este complemento sirve como una soluci\u00f3n notable para cualquier propietario del sitio web que desee ejercer el control sobre la accesibilidad de su contenido pasado al tiempo que mejora la seguridad general de su sitio.<\/p>\n<ul>\n<li>Restringir el contenido pasado en su sitio web con facilidad<\/li>\n<li>Capacidad para restringir el contenido por tipo de publicaci\u00f3n, categor\u00eda o publicaciones\/p\u00e1ginas espec\u00edficas<\/li>\n<li>Elija restringir el contenido de ciertos niveles de membres\u00eda o visitantes que no hayan iniciado sesi\u00f3n<\/li>\n<li>Proteger autom\u00e1ticamente el contenido una vez que se publique, o elija manualmente qu\u00e9 contenido restringir<\/li>\n<li>Mensaje personalizable para contenido restringido para informar a los usuarios c\u00f3mo obtener acceso<\/li>\n<li>Opci\u00f3n para redirigir a los usuarios a una p\u00e1gina personalizada cuando intentan acceder al contenido restringido<\/li>\n<li>Compatibilidad completa con restringir el complemento de administraci\u00f3n de membres\u00eda de contenido Pro<\/li>\n<li>Proceso de configuraci\u00f3n simple e intuitivo para comenzar f\u00e1cil y r\u00e1pidamente<\/li>\n<li>Opciones flexibles para adaptarse a sus necesidades, ya sea que sea un blogger, propietario de un negocio o administrador de sitios de membres\u00eda<\/li>\n<li>Atenci\u00f3n al cliente superior y actualizaciones peri\u00f3dicas para garantizar un rendimiento confiable con el tiempo<\/li>\n<\/ul>\n","protected":false},"excerpt":{"rendered":"<p>Restringe Content Pro Restring Restring And Content Add-On Sirve como una herramienta impecable para los propietarios de sitios web que desean imponer limitaciones a la accesibilidad del contenido publicado anteriormente. Al emplear este complemento, uno puede restringir efectivamente el acceso a contenido pasado en una publicaci\u00f3n, p\u00e1gina o tipo de publicaci\u00f3n personalizada. Dicha funcionalidad faculta al propietario del sitio web para obstaculizar el acceso a contenido anticuado o limitado por el tiempo, garantizando as\u00ed que solo las personas que poseen los permisos relevantes pueden verlo. En consecuencia, este complemento representa la soluci\u00f3n definitiva para los creadores de contenido que buscan limitar sus archivos \u00fanicamente a cohortes de usuarios espec\u00edficos o para proteger el contenido seleccionado del escrutinio p\u00fablico.<\/p>\n","protected":false},"featured_media":167362,"comment_status":"open","ping_status":"open","template":"","meta":[],"product_brand":[2548],"product_cat":[1212,1206,1211],"product_tag":[1513],"class_list":{"0":"post-110502","1":"product","2":"type-product","3":"status-publish","4":"has-post-thumbnail","6":"product_brand-restirct-content","7":"product_cat-administracion-wordpress-plugins","8":"product_cat-plugins","9":"product_cat-wordpress-plugins","10":"product_tag-restirct-content","11":"member-discount","12":"discount-restricted","14":"first","15":"instock","16":"sale","17":"downloadable","18":"virtual","19":"sold-individually","20":"purchasable","21":"product-type-simple"},"_links":{"self":[{"href":"https:\/\/gpl-love.com\/es\/wp-json\/wp\/v2\/product\/110502","targetHints":{"allow":["GET"]}}],"collection":[{"href":"https:\/\/gpl-love.com\/es\/wp-json\/wp\/v2\/product"}],"about":[{"href":"https:\/\/gpl-love.com\/es\/wp-json\/wp\/v2\/types\/product"}],"replies":[{"embeddable":true,"href":"https:\/\/gpl-love.com\/es\/wp-json\/wp\/v2\/comments?post=110502"}],"wp:featuredmedia":[{"embeddable":true,"href":"https:\/\/gpl-love.com\/es\/wp-json\/wp\/v2\/media\/167362"}],"wp:attachment":[{"href":"https:\/\/gpl-love.com\/es\/wp-json\/wp\/v2\/media?parent=110502"}],"wp:term":[{"taxonomy":"product_brand","embeddable":true,"href":"https:\/\/gpl-love.com\/es\/wp-json\/wp\/v2\/product_brand?post=110502"},{"taxonomy":"product_cat","embeddable":true,"href":"https:\/\/gpl-love.com\/es\/wp-json\/wp\/v2\/product_cat?post=110502"},{"taxonomy":"product_tag","embeddable":true,"href":"https:\/\/gpl-love.com\/es\/wp-json\/wp\/v2\/product_tag?post=110502"}],"curies":[{"name":"wp","href":"https:\/\/api.w.org\/{rel}","templated":true}]}}