{"id":110500,"date":"2026-02-26T00:00:00","date_gmt":"2026-02-26T05:00:00","guid":{"rendered":"http:\/\/gpl-love.com\/es\/producto\/restrict-content-pro-rest-api\/"},"modified":"2026-04-10T11:23:20","modified_gmt":"2026-04-10T16:23:20","slug":"restrict-content-pro-rest-api","status":"publish","type":"product","link":"https:\/\/gpl-love.com\/es\/producto\/restrict-content-pro-rest-api\/","title":{"rendered":"Restrict Content Pro REST API 1.2.4"},"content":{"rendered":"<h3>Restrict Content Pro REST API Caracteristicas<\/h3>\n<p>La API REST ofrecida por Restrict Content Pro es una herramienta incre\u00edblemente robusta y efectiva desarrollada espec\u00edficamente para empresas y asociaciones que buscan fortalecer su contenido en l\u00ednea. Al utilizar esta API, los usuarios est\u00e1n facultados para regular sin esfuerzo el acceso a su contenido a trav\u00e9s de la implementaci\u00f3n de varios criterios, incluidos los roles de los usuarios, los niveles de membres\u00eda o los planes de suscripci\u00f3n. La API REST facilita la integraci\u00f3n perfecta de restringir la funcionalidad de Content Pro directamente en las aplicaciones, agilizando as\u00ed la protecci\u00f3n del contenido y los procedimientos de autenticaci\u00f3n del usuario. Ya sea que est\u00e9 operando un sitio de membres\u00eda o supervisar un curso en l\u00ednea, la API Restrict Content Pro REST ofrece una soluci\u00f3n altamente adaptable y expandible para salvaguardar su invaluable contenido.<\/p>\n<ul>\n<li>Permite una f\u00e1cil integraci\u00f3n de restringir el contenido Pro con otras aplicaciones<\/li>\n<li>Proporciona una forma segura y eficiente para acceder y administrar suscripciones y datos de usuario<\/li>\n<li>Admite una variedad de m\u00e9todos HTTP para administrar recursos (obtener, publicar, poner, eliminar)<\/li>\n<li>Permite la creaci\u00f3n y gesti\u00f3n de suscripciones y membres\u00edas a trav\u00e9s de llamadas API<\/li>\n<li>Proporciona documentaci\u00f3n detallada y ejemplos para que los desarrolladores comiencen r\u00e1pidamente con la API REST<\/li>\n<li>Asegura la compatibilidad y la estabilidad con las \u00faltimas versiones de restricci\u00f3n de contenido pro<\/li>\n<li>Reduce los procesos de gesti\u00f3n de suscripci\u00f3n de datos manuales y la l\u00ednea<\/li>\n<li>Ofrece una mejor flexibilidad y personalizaci\u00f3n para las empresas que requieren flujos de trabajo de gesti\u00f3n de membres\u00eda \u00fanicos<\/li>\n<li>Habilita la sincronizaci\u00f3n en tiempo real de los datos de membres\u00eda en m\u00faltiples plataformas y aplicaciones<\/li>\n<li>Proporciona una herramienta poderosa para administrar el acceso y los permisos de los usuarios, y garantizar el cumplimiento de GDPR y otras regulaciones de privacidad de datos.<\/li>\n<\/ul>\n","protected":false},"excerpt":{"rendered":"<p>Al utilizar la API de restricci\u00f3n de contenido REST, los usuarios tienen la conveniencia de supervisar sin esfuerzo el contenido restringido de su sitio web a trav\u00e9s de plataformas externas. Esta API incre\u00edblemente vers\u00e1til facilita la integraci\u00f3n perfecta con los sistemas preexistentes, lo que permite la gesti\u00f3n simplificada del acceso de los usuarios, membres\u00edas y suscripciones. Preserve la seguridad y la organizaci\u00f3n de su sitio web a trav\u00e9s de la invaluable asistencia proporcionada por la API Restrict Content Pro REST.<\/p>\n","protected":false},"featured_media":167361,"comment_status":"open","ping_status":"open","template":"","meta":[],"product_brand":[2548],"product_cat":[1214,1206,1211],"product_tag":[1513],"class_list":{"0":"post-110500","1":"product","2":"type-product","3":"status-publish","4":"has-post-thumbnail","6":"product_brand-restirct-content","7":"product_cat-personalizacion","8":"product_cat-plugins","9":"product_cat-wordpress-plugins","10":"product_tag-restirct-content","11":"member-discount","12":"discount-restricted","14":"first","15":"instock","16":"sale","17":"downloadable","18":"virtual","19":"sold-individually","20":"purchasable","21":"product-type-simple"},"_links":{"self":[{"href":"https:\/\/gpl-love.com\/es\/wp-json\/wp\/v2\/product\/110500","targetHints":{"allow":["GET"]}}],"collection":[{"href":"https:\/\/gpl-love.com\/es\/wp-json\/wp\/v2\/product"}],"about":[{"href":"https:\/\/gpl-love.com\/es\/wp-json\/wp\/v2\/types\/product"}],"replies":[{"embeddable":true,"href":"https:\/\/gpl-love.com\/es\/wp-json\/wp\/v2\/comments?post=110500"}],"wp:featuredmedia":[{"embeddable":true,"href":"https:\/\/gpl-love.com\/es\/wp-json\/wp\/v2\/media\/167361"}],"wp:attachment":[{"href":"https:\/\/gpl-love.com\/es\/wp-json\/wp\/v2\/media?parent=110500"}],"wp:term":[{"taxonomy":"product_brand","embeddable":true,"href":"https:\/\/gpl-love.com\/es\/wp-json\/wp\/v2\/product_brand?post=110500"},{"taxonomy":"product_cat","embeddable":true,"href":"https:\/\/gpl-love.com\/es\/wp-json\/wp\/v2\/product_cat?post=110500"},{"taxonomy":"product_tag","embeddable":true,"href":"https:\/\/gpl-love.com\/es\/wp-json\/wp\/v2\/product_tag?post=110500"}],"curies":[{"name":"wp","href":"https:\/\/api.w.org\/{rel}","templated":true}]}}