{"id":110498,"date":"2021-02-09T00:00:00","date_gmt":"2021-02-09T05:00:00","guid":{"rendered":"http:\/\/gpl-love.com\/es\/producto\/restrict-content-pro-math-verification\/"},"modified":"2026-04-10T11:23:19","modified_gmt":"2026-04-10T16:23:19","slug":"restrict-content-pro-math-verification","status":"publish","type":"product","link":"https:\/\/gpl-love.com\/es\/producto\/restrict-content-pro-math-verification\/","title":{"rendered":"Restrict Content Pro Math Verification 1.0.5"},"content":{"rendered":"<h3>Restrict Content Pro Math Verification Caracteristicas<\/h3>\n<p>La verificaci\u00f3n de Math Restrict Content Pro es una herramienta incre\u00edblemente robusta y altamente efectiva que se ha dise\u00f1ado meticulosamente con el prop\u00f3sito espec\u00edfico de limitar la accesibilidad de contenido \u00fanicamente para los usuarios que han completado con \u00e9xito una prueba de verificaci\u00f3n matem\u00e1tica integral. Al implementar este complemento excepcional, los propietarios del sitio web est\u00e1n facultados para frustrar sin problemas y sin esfuerzo cualquier tr\u00e1fico no autorizado y no deseado, evitando as\u00ed que los bots de spam se infiltren y comprometan el valioso contenido de su sitio. Adem\u00e1s, este complemento cuenta con un nivel incomparable de facilidad de uso, lo que permite a los propietarios de sitios web adaptar sin esfuerzo su funcionalidad para satisfacer sus requisitos \u00fanicos e individualizados. Es de destacar que este complemento ofrece con orgullo una amplia gama de opciones de verificaci\u00f3n matem\u00e1tica, incluidas las operaciones aritm\u00e9ticas rudimentarias, la generaci\u00f3n de ecuaciones matem\u00e1ticas aleatorias e intrincadas, e incluso la integraci\u00f3n perfecta del sistema recaptcha altamente venerado. En consecuencia, una vez que un usuario ha superado con \u00e9xito los rigores de la prueba de verificaci\u00f3n, se les otorga r\u00e1pidamente el acceso sin restricciones y sin obst\u00e1culos al codiciado contenido, lo que, sin duda, garantiza una experiencia sin problemas, segura y completamente gratificante tanto para los propietarios de sitios web estimados como para los propietarios de sitios web y el estadio. Visitantes estimados. En resumen, es irrefutablemente evidente que la verificaci\u00f3n de Matem\u00e1ticas Restringente de Contenido Constituye una herramienta indispensable e invaluable para cualquier individuo exigente en busca de fortalecer la inviolabilidad del contenido de su estimado sitio web, al mismo tiempo que garantiza al mismo tiempo a un envoltorio de usuario absolutamente placentero e inequ\u00edvoco.<\/p>\n<ul>\n<li>Seguridad mejorada para el contenido del sitio web<\/li>\n<li>Tecnolog\u00eda avanzada de verificaci\u00f3n de matem\u00e1ticas para prevenir bots de spam y registros falsos<\/li>\n<li>Preguntas matem\u00e1ticas personalizables y niveles de dificultad para mayor seguridad<\/li>\n<li>F\u00e1cil integraci\u00f3n con restringir el complemento de membres\u00eda de contenido Pro<\/li>\n<li>Experiencia de usuario perfecta sin interrumpir el proceso de registro<\/li>\n<li>No se requiere conocimiento de codificaci\u00f3n, proceso de configuraci\u00f3n simple<\/li>\n<li>Atenci\u00f3n al cliente confiable y r\u00e1pida de restringir el equipo de contenido profesional<\/li>\n<li>Precios competitivos para una medida de seguridad altamente efectiva<\/li>\n<li>Compatible con una variedad de temas y complementos de WordPress.<\/li>\n<\/ul>\n","protected":false},"excerpt":{"rendered":"<p>El complemento de verificaci\u00f3n MATH Restrict Content Pro, a pesar de su simplicidad, posee un poder considerable que los propietarios de sitios web pueden aprovechar su contenido contra el spam y la entrada no autorizada. Al incorporar un elemento de verificaci\u00f3n de matem\u00e1ticas en sus formularios de inicio de sesi\u00f3n y registro, este complemento obliga a los usuarios a resolver un problema matem\u00e1tico rudimentario antes de recibir acceso a su contenido. Este paso fundamental frustra efectivamente los bots automatizados de la infiltraci\u00f3n de su sitio, asegurando as\u00ed que solo los usuarios humanos genuinos puedan leer su contenido. Con su interfaz f\u00e1cil de usar, opciones personalizables y funcionalidad inquebrantable, el complemento de verificaci\u00f3n MATH Restrict Content Pro surge como una opci\u00f3n excepcional para las personas ansiosas por fortalecer las medidas de seguridad de su sitio web y proteger su invaluable contenido de posibles amenazas.<\/p>\n","protected":false},"featured_media":167360,"comment_status":"open","ping_status":"open","template":"","meta":[],"product_brand":[2548],"product_cat":[1212,1206,1211],"product_tag":[1513],"class_list":{"0":"post-110498","1":"product","2":"type-product","3":"status-publish","4":"has-post-thumbnail","6":"product_brand-restirct-content","7":"product_cat-administracion-wordpress-plugins","8":"product_cat-plugins","9":"product_cat-wordpress-plugins","10":"product_tag-restirct-content","11":"member-discount","12":"discount-restricted","14":"first","15":"instock","16":"sale","17":"downloadable","18":"virtual","19":"sold-individually","20":"purchasable","21":"product-type-simple"},"_links":{"self":[{"href":"https:\/\/gpl-love.com\/es\/wp-json\/wp\/v2\/product\/110498","targetHints":{"allow":["GET"]}}],"collection":[{"href":"https:\/\/gpl-love.com\/es\/wp-json\/wp\/v2\/product"}],"about":[{"href":"https:\/\/gpl-love.com\/es\/wp-json\/wp\/v2\/types\/product"}],"replies":[{"embeddable":true,"href":"https:\/\/gpl-love.com\/es\/wp-json\/wp\/v2\/comments?post=110498"}],"wp:featuredmedia":[{"embeddable":true,"href":"https:\/\/gpl-love.com\/es\/wp-json\/wp\/v2\/media\/167360"}],"wp:attachment":[{"href":"https:\/\/gpl-love.com\/es\/wp-json\/wp\/v2\/media?parent=110498"}],"wp:term":[{"taxonomy":"product_brand","embeddable":true,"href":"https:\/\/gpl-love.com\/es\/wp-json\/wp\/v2\/product_brand?post=110498"},{"taxonomy":"product_cat","embeddable":true,"href":"https:\/\/gpl-love.com\/es\/wp-json\/wp\/v2\/product_cat?post=110498"},{"taxonomy":"product_tag","embeddable":true,"href":"https:\/\/gpl-love.com\/es\/wp-json\/wp\/v2\/product_tag?post=110498"}],"curies":[{"name":"wp","href":"https:\/\/api.w.org\/{rel}","templated":true}]}}