{"id":110496,"date":"2025-12-15T00:00:00","date_gmt":"2025-12-15T05:00:00","guid":{"rendered":"http:\/\/gpl-love.com\/es\/producto\/restrict-content-pro-mailchimp-pro\/"},"modified":"2026-03-09T08:04:12","modified_gmt":"2026-03-09T13:04:12","slug":"restrict-content-pro-mailchimp-pro","status":"publish","type":"product","link":"https:\/\/gpl-love.com\/es\/producto\/restrict-content-pro-mailchimp-pro\/","title":{"rendered":"Restrict Content Pro MailChimp Pro 1.5.3"},"content":{"rendered":"<h3>Restrict Content Pro MailChimp Pro Caracteristicas<\/h3>\n<p>Restringir MailChimp Pro de contenido Pro es una herramienta incre\u00edblemente robusta y eficiente que le brinda la capacidad de integrar sin problemas sus campa\u00f1as de marketing por correo electr\u00f3nico con su sistema de gesti\u00f3n de suscripci\u00f3n. Al utilizar este complemento, puede agregar sin esfuerzo y autom\u00e1ticamente sus valiosos suscriptores a sus listas de MailChimp, asegurando as\u00ed que se actualicen constantemente sobre las noticias y ofertas m\u00e1s recientes y pertinentes de su organizaci\u00f3n. Adem\u00e1s, este complemento excepcional tambi\u00e9n le permite establecer notificaciones de correo electr\u00f3nico personalizadas y personalizadas espec\u00edficamente adaptadas para sus suscriptores, teniendo en cuenta su estado o actividad de suscripci\u00f3n \u00fanica. Esta caracter\u00edstica invaluable no solo fomenta y mantiene el compromiso y el inter\u00e9s de sus suscriptores, sino que tambi\u00e9n le proporciona informaci\u00f3n invaluable sobre las preferencias y comportamientos de su estimada audiencia. Por lo tanto, independientemente de si usted es un blogger distinguido, un vendedor experimentado o un propietario de un negocio visionario, la utilizaci\u00f3n de MailChimp Pro es una necesidad absoluta para optimizar y maximizar el valor inherente y el potencial de su lista de suscriptores altamente preciada.<\/p>\n<ul>\n<li>Integre sin problemas restringir el contenido pro y MailChimp Pro<\/li>\n<li>Automatizar procesos de registro de usuarios y suscripci\u00f3n de correo electr\u00f3nico<\/li>\n<li>Dirija grupos de usuarios espec\u00edficos con contenido y campa\u00f1as personalizadas<\/li>\n<li>Guarde tiempo y esfuerzo automatizando la gesti\u00f3n de la lista de correo electr\u00f3nico<\/li>\n<li>Aumentar la participaci\u00f3n y retenci\u00f3n del usuario entregando contenido relevante<\/li>\n<li>Realice un seguimiento del rendimiento del correo electr\u00f3nico con an\u00e1lisis detallados e informes<\/li>\n<li>Personalizar plantillas y dise\u00f1os de correo electr\u00f3nico para reflejar la identidad y la mensajer\u00eda de la marca<\/li>\n<li>Mant\u00e9ngase cumpliendo con GDPR y otras regulaciones de protecci\u00f3n de datos<\/li>\n<li>Flexibilidad para habilitar\/deshabilitar las caracter\u00edsticas y la configuraci\u00f3n para que coincidan con sus necesidades<\/li>\n<\/ul>\n","protected":false},"excerpt":{"rendered":"<p>Nos complace presentar la herramienta altamente avanzada e integral conocida como restricci\u00f3n de contenido pro mailchimp Pro, que est\u00e1 espec\u00edficamente dise\u00f1ado para integrar perfectamente el marketing por correo electr\u00f3nico en su sitio de membres\u00eda. Al utilizar este complemento excepcional, podr\u00e1 establecer sin esfuerzo una conexi\u00f3n entre su cuenta de MailChimp y su sitio de membres\u00eda de contenido Pro Restring Content, lo que le permitir\u00e1 automatizar sus campa\u00f1as de correo electr\u00f3nico. Una de las caracter\u00edsticas notables de este complemento es su capacidad para enviar correos electr\u00f3nicos personalizados y espec\u00edficos a sus suscriptores, en funci\u00f3n de varios factores, como su nivel de membres\u00eda, progreso del curso o cualquier otro campo personalizado. Este complemento incomparable simplifica el proceso de mejorar la participaci\u00f3n, ampliar su lista de correo electr\u00f3nico y, en \u00faltima instancia, impulsar m\u00e1s ventas. No lo dude m\u00e1s, embarque en este emocionante viaje hoy y eleva sus esfuerzos de marketing por correo electr\u00f3nico a alturas sin precedentes con restricci\u00f3n de contenido Pro MailChimp Pro.<\/p>\n","protected":false},"featured_media":167359,"comment_status":"open","ping_status":"open","template":"","meta":[],"product_brand":[2548],"product_cat":[1214,1206,1211],"product_tag":[1513],"class_list":{"0":"post-110496","1":"product","2":"type-product","3":"status-publish","4":"has-post-thumbnail","6":"product_brand-restirct-content","7":"product_cat-personalizacion","8":"product_cat-plugins","9":"product_cat-wordpress-plugins","10":"product_tag-restirct-content","11":"member-discount","12":"discount-restricted","14":"first","15":"instock","16":"sale","17":"downloadable","18":"virtual","19":"sold-individually","20":"purchasable","21":"product-type-simple"},"_links":{"self":[{"href":"https:\/\/gpl-love.com\/es\/wp-json\/wp\/v2\/product\/110496","targetHints":{"allow":["GET"]}}],"collection":[{"href":"https:\/\/gpl-love.com\/es\/wp-json\/wp\/v2\/product"}],"about":[{"href":"https:\/\/gpl-love.com\/es\/wp-json\/wp\/v2\/types\/product"}],"replies":[{"embeddable":true,"href":"https:\/\/gpl-love.com\/es\/wp-json\/wp\/v2\/comments?post=110496"}],"wp:featuredmedia":[{"embeddable":true,"href":"https:\/\/gpl-love.com\/es\/wp-json\/wp\/v2\/media\/167359"}],"wp:attachment":[{"href":"https:\/\/gpl-love.com\/es\/wp-json\/wp\/v2\/media?parent=110496"}],"wp:term":[{"taxonomy":"product_brand","embeddable":true,"href":"https:\/\/gpl-love.com\/es\/wp-json\/wp\/v2\/product_brand?post=110496"},{"taxonomy":"product_cat","embeddable":true,"href":"https:\/\/gpl-love.com\/es\/wp-json\/wp\/v2\/product_cat?post=110496"},{"taxonomy":"product_tag","embeddable":true,"href":"https:\/\/gpl-love.com\/es\/wp-json\/wp\/v2\/product_tag?post=110496"}],"curies":[{"name":"wp","href":"https:\/\/api.w.org\/{rel}","templated":true}]}}