{"id":110494,"date":"2021-02-09T00:00:00","date_gmt":"2021-02-09T05:00:00","guid":{"rendered":"http:\/\/gpl-love.com\/es\/producto\/restrict-content-pro-ip-restriction\/"},"modified":"2026-04-10T11:23:18","modified_gmt":"2026-04-10T16:23:18","slug":"restrict-content-pro-ip-restriction","status":"publish","type":"product","link":"https:\/\/gpl-love.com\/es\/producto\/restrict-content-pro-ip-restriction\/","title":{"rendered":"Restrict Content Pro IP Restriction 1.2.8"},"content":{"rendered":"<h3>Restrict Content Pro IP Restriction Caracteristicas<\/h3>\n<p>La utilizaci\u00f3n de la restricci\u00f3n de contenido de contenido de contenido constituye una herramienta extremadamente formidable que empodera a los propietarios del sitio web con la capacidad de limitar el acceso a su preciado contenido de las direcciones IP designadas. Este complemento notablemente eficiente y robusto dotar\u00e1 al administrador del sitio web la capacidad de fabricar una lista meticulosa que consiste en direcciones IP que se proscriben inequ\u00edvocamente al acceder al contenido mencionado anteriormente. A trav\u00e9s de la implementaci\u00f3n de esta notable innovaci\u00f3n tecnol\u00f3gica, se puede evitar efectivamente la proliferaci\u00f3n maliciosa del contenido pirateado, frustrar los esfuerzos insidiosos de los bots o spammers superfluos, y salvaguardar los activos digitales invaluables que son una parte integral del sitio web de uno. Adem\u00e1s, la compatibilidad perfecta y la integraci\u00f3n sin esfuerzo con el complemento Restrict Content Pro contribuyen a su naturaleza f\u00e1cil de usar, lo que hace que sea extraordinariamente f\u00e1cil instalar y emplear. Al aprovechar este complemento de restricci\u00f3n de IP de vanguardia, se puede garantizar que los simples usuarios autorizados reciban el privilegio de participar en la abundante cornucopia de contenido valioso que se ofrece. Sin lugar a dudas, este aparato indispensable es un recurso invaluable para cualquier empresa comercial en l\u00ednea implacablemente comprometida a proteger la santidad de su contenido digital y defender su reputaci\u00f3n pr\u00edstina.<\/p>\n<ul>\n<li>Limita el acceso al contenido de su sitio web mediante direcciones IP especificadas<\/li>\n<li>Proporciona una capa adicional de seguridad para informaci\u00f3n y p\u00e1ginas confidenciales<\/li>\n<li>Permite la personalizaci\u00f3n de las restricciones de contenido por rango IP o direcciones individuales<\/li>\n<li>Se puede configurar f\u00e1cilmente a trav\u00e9s de la interfaz de complemento Restrict Content Pro Pro<\/li>\n<li>Compatible con una amplia variedad de temas y complementos de WordPress<\/li>\n<li>Proporciona mensajes de error detallados para los usuarios que est\u00e1n bloqueados para acceder a contenido restringido<\/li>\n<li>Ayuda a prevenir el acceso no autorizado al contenido de su sitio web por parte de las partes externas<\/li>\n<li>Se puede usar junto con otras medidas de seguridad para mayor protecci\u00f3n<\/li>\n<li>Muestre mensajes personalizados a los usuarios dependiendo de si se les permite o no acceder a contenido en funci\u00f3n de su direcci\u00f3n IP<\/li>\n<li>Proporciona control granular sobre qui\u00e9n puede acceder a ciertas partes de su sitio web, asegurando que solo las personas adecuadas puedan ver informaci\u00f3n confidencial.<\/li>\n<\/ul>\n","protected":false},"excerpt":{"rendered":"<p>La restricci\u00f3n Restrict Content Pro IP es una herramienta extremadamente valiosa que los administradores del sitio web pueden utilizar para aumentar sus medidas de seguridad de manera muy efectiva. Al aprovechar la destreza de este potente complemento, tiene la capacidad de ejercer un control completo sobre el acceso a su sitio web imponiendo restricciones estrictas en direcciones IP espec\u00edficas o incluso enormes rangos de los mismos. Un enfoque tan integral no solo sirve como una salvaguardia formidable contra el acceso no autorizado a su valioso contenido, sino que tambi\u00e9n le permite frustrar la infiltraci\u00f3n de spam y fortalecer sus defensas contra los piratas inform\u00e1ticos maliciosos que pueden buscar violar la santidad de su sitio. El proceso de instalaci\u00f3n de esta herramienta excepcional es expedito y directo, mientras que la interfaz f\u00e1cil de usar le otorga la flexibilidad para embarcarse en los esfuerzos de personalizaci\u00f3n avanzados. En esencia, la restricci\u00f3n de contenido de contenido de contenido es un complemento indispensable que merece la atenci\u00f3n y la consideraci\u00f3n de todas las personas exigentes que albergan un inter\u00e9s genuino en preservar la integridad y la seguridad de sus estimados sitios web.<\/p>\n","protected":false},"featured_media":167358,"comment_status":"open","ping_status":"open","template":"","meta":[],"product_brand":[2548],"product_cat":[1232,1206,1211],"product_tag":[1513],"class_list":{"0":"post-110494","1":"product","2":"type-product","3":"status-publish","4":"has-post-thumbnail","6":"product_brand-restirct-content","7":"product_cat-marketing-wordpress-plugins","8":"product_cat-plugins","9":"product_cat-wordpress-plugins","10":"product_tag-restirct-content","11":"member-discount","12":"discount-restricted","14":"first","15":"instock","16":"sale","17":"downloadable","18":"virtual","19":"sold-individually","20":"purchasable","21":"product-type-simple"},"_links":{"self":[{"href":"https:\/\/gpl-love.com\/es\/wp-json\/wp\/v2\/product\/110494","targetHints":{"allow":["GET"]}}],"collection":[{"href":"https:\/\/gpl-love.com\/es\/wp-json\/wp\/v2\/product"}],"about":[{"href":"https:\/\/gpl-love.com\/es\/wp-json\/wp\/v2\/types\/product"}],"replies":[{"embeddable":true,"href":"https:\/\/gpl-love.com\/es\/wp-json\/wp\/v2\/comments?post=110494"}],"wp:featuredmedia":[{"embeddable":true,"href":"https:\/\/gpl-love.com\/es\/wp-json\/wp\/v2\/media\/167358"}],"wp:attachment":[{"href":"https:\/\/gpl-love.com\/es\/wp-json\/wp\/v2\/media?parent=110494"}],"wp:term":[{"taxonomy":"product_brand","embeddable":true,"href":"https:\/\/gpl-love.com\/es\/wp-json\/wp\/v2\/product_brand?post=110494"},{"taxonomy":"product_cat","embeddable":true,"href":"https:\/\/gpl-love.com\/es\/wp-json\/wp\/v2\/product_cat?post=110494"},{"taxonomy":"product_tag","embeddable":true,"href":"https:\/\/gpl-love.com\/es\/wp-json\/wp\/v2\/product_tag?post=110494"}],"curies":[{"name":"wp","href":"https:\/\/api.w.org\/{rel}","templated":true}]}}