{"id":110492,"date":"2021-02-10T00:00:00","date_gmt":"2021-02-10T05:00:00","guid":{"rendered":"http:\/\/gpl-love.com\/es\/producto\/restrict-content-pro-help-scout\/"},"modified":"2026-04-10T11:23:17","modified_gmt":"2026-04-10T16:23:17","slug":"restrict-content-pro-help-scout","status":"publish","type":"product","link":"https:\/\/gpl-love.com\/es\/producto\/restrict-content-pro-help-scout\/","title":{"rendered":"Restrict Content Pro Help Scout 1.0.4"},"content":{"rendered":"<h3>Restrict Content Pro Help Scout Caracteristicas<\/h3>\n<p>El complemento Help Scout para restringir contenido profesional es una herramienta incre\u00edblemente robusta y efectiva que se integra perfectamente con el complemento de membres\u00eda de restricci\u00f3n de contenido popular. Este notable complemento permite a los clientes fusionar sin esfuerzo su sitio de membres\u00eda con Help Scout, que es ampliamente reconocido como un software de atenci\u00f3n al cliente de primer nivel. Al aprovechar esta integraci\u00f3n, los clientes pueden supervisar y administrar sin esfuerzo los boletos de atenci\u00f3n al cliente de su sitio de membres\u00eda directamente desde el tablero altamente intuitivo de Help Scout. Esta caracter\u00edstica invaluable funciona para optimizar y optimizar los procesos de atenci\u00f3n al cliente, lo que resulta en tiempos de respuesta significativamente mejorados que sin duda contribuyen a clientes mucho m\u00e1s felices y satisfechos. Adem\u00e1s, el complemento Restrict Content Pro Help Scout Scout ofrece el beneficio adicional de proporcionar informaci\u00f3n integral y detallada del cliente, as\u00ed como datos de compra, directamente dentro de la plataforma Help Scout. Esta capacidad invaluable permite a los equipos de apoyo obtener una comprensi\u00f3n m\u00e1s profunda de las necesidades \u00fanicas de sus clientes y resolver cualquier problema o inquietud de una manera m\u00e1s eficiente y efectiva. En general, no se puede negar que este complemento es una opci\u00f3n excepcional y muy ventajosa para los propietarios de sitios de membres\u00eda que buscan elevar y mejorar sus capacidades de atenci\u00f3n al cliente a niveles sin precedentes.<\/p>\n<ul>\n<li>Se integra a la perfecci\u00f3n con Help Scout para proporcionar atenci\u00f3n al cliente a simpat\u00edculo<\/li>\n<li>Le permite restringir el acceso a cierto contenido para diferentes tipos de usuarios<\/li>\n<li>Proporciona informes detallados sobre la actividad del usuario y las vistas de contenido<\/li>\n<li>Administra de forma segura los pagos y planes de suscripci\u00f3n para su contenido restringido<\/li>\n<li>Incluye notificaciones de correo electr\u00f3nico personalizables para mantener informados a los usuarios<\/li>\n<li>Se integra con otros complementos populares de WordPress, como los formularios de WooCommerce y Gravity<\/li>\n<li>Ofrece atenci\u00f3n al cliente superior y una base de conocimiento integral para problemas de soluci\u00f3n de problemas<\/li>\n<\/ul>\n","protected":false},"excerpt":{"rendered":"<p>La integraci\u00f3n de su sitio de membres\u00eda con la conocida plataforma de servicio al cliente, Help Scout, es posible a trav\u00e9s de la herramienta indispensable conocida como el complemento Restrict Content Pro Help Scout. Al incorporar este complemento en su sitio, est\u00e1 equipado con la capacidad de establecer sin esfuerzo un escritorio de soporte integral exclusivamente para sus valiosos miembros. La funcionalidad de este complemento le permite administrar y abordar de manera efectiva las solicitudes realizadas por sus miembros, asegurando que sus necesidades se cumplan r\u00e1pidamente con un soporte al cliente excepcional. Adem\u00e1s, el complemento proporciona la caracter\u00edstica invaluable de la restricci\u00f3n de acceso, lo que garantiza que solo los miembros que pagan se otorgan la entrada al mostrador de soporte. Adem\u00e1s, se proporciona documentaci\u00f3n integral, que ofrece instrucciones detalladas sobre c\u00f3mo configurar y utilizar esta herramienta excepcional. Al aprovechar el poder de restringir el contenido profesional junto con Help Scout, tiene la oportunidad de fomentar la retenci\u00f3n y la lealtad de los miembros, todo gracias a la provisi\u00f3n de atenci\u00f3n al cliente incomparable.<\/p>\n","protected":false},"featured_media":167357,"comment_status":"open","ping_status":"open","template":"","meta":[],"product_brand":[2548],"product_cat":[1325,1206,1211],"product_tag":[1513],"class_list":{"0":"post-110492","1":"product","2":"type-product","3":"status-publish","4":"has-post-thumbnail","6":"product_brand-restirct-content","7":"product_cat-afiliacion","8":"product_cat-plugins","9":"product_cat-wordpress-plugins","10":"product_tag-restirct-content","11":"member-discount","12":"discount-restricted","14":"first","15":"instock","16":"sale","17":"downloadable","18":"virtual","19":"sold-individually","20":"purchasable","21":"product-type-simple"},"_links":{"self":[{"href":"https:\/\/gpl-love.com\/es\/wp-json\/wp\/v2\/product\/110492","targetHints":{"allow":["GET"]}}],"collection":[{"href":"https:\/\/gpl-love.com\/es\/wp-json\/wp\/v2\/product"}],"about":[{"href":"https:\/\/gpl-love.com\/es\/wp-json\/wp\/v2\/types\/product"}],"replies":[{"embeddable":true,"href":"https:\/\/gpl-love.com\/es\/wp-json\/wp\/v2\/comments?post=110492"}],"wp:featuredmedia":[{"embeddable":true,"href":"https:\/\/gpl-love.com\/es\/wp-json\/wp\/v2\/media\/167357"}],"wp:attachment":[{"href":"https:\/\/gpl-love.com\/es\/wp-json\/wp\/v2\/media?parent=110492"}],"wp:term":[{"taxonomy":"product_brand","embeddable":true,"href":"https:\/\/gpl-love.com\/es\/wp-json\/wp\/v2\/product_brand?post=110492"},{"taxonomy":"product_cat","embeddable":true,"href":"https:\/\/gpl-love.com\/es\/wp-json\/wp\/v2\/product_cat?post=110492"},{"taxonomy":"product_tag","embeddable":true,"href":"https:\/\/gpl-love.com\/es\/wp-json\/wp\/v2\/product_tag?post=110492"}],"curies":[{"name":"wp","href":"https:\/\/api.w.org\/{rel}","templated":true}]}}