{"id":110490,"date":"2021-02-09T00:00:00","date_gmt":"2021-02-09T05:00:00","guid":{"rendered":"http:\/\/gpl-love.com\/es\/producto\/restrict-content-pro-hard-expiration-dates\/"},"modified":"2026-04-10T11:23:16","modified_gmt":"2026-04-10T16:23:16","slug":"restrict-content-pro-hard-expiration-dates","status":"publish","type":"product","link":"https:\/\/gpl-love.com\/es\/producto\/restrict-content-pro-hard-expiration-dates\/","title":{"rendered":"Restrict Content Pro Hard Expiration Dates 1.1.4"},"content":{"rendered":"<h3>Restrict Content Pro Hard Expiration Dates Caracteristicas<\/h3>\n<p>Restringir las fechas de vencimiento de contenido pro es un complemento excepcionalmente poderoso que otorga a los propietarios de sitios web la extraordinaria capacidad de establecer fechas de vencimiento s\u00f3lidas para su contenido invaluable. Al implementar este complemento notable, se puede imponer restricciones sin esfuerzo a contenido espec\u00edfico en su sitio web, meticulosamente basado en l\u00edmites de tiempo predeterminados. En consecuencia, esta caracter\u00edstica fenomenal lo hace particularmente ventajoso para las empresas que ofrecen suscripciones o servicios limitados por el tiempo. Adem\u00e1s, el complemento se integra perfectamente en su sitio web, facilitando un proceso de instalaci\u00f3n sin problemas. Cuenta con una interfaz de usuario altamente intuitiva, simplificando as\u00ed los procedimientos de configuraci\u00f3n y gesti\u00f3n para las personas menos expertas en tecnolog\u00eda. En particular, este complemento excepcional tambi\u00e9n presenta una gran cantidad de funcionalidades avanzadas, incluida la provisi\u00f3n de notificaciones por correo electr\u00f3nico, recordatorios y opciones de renovaci\u00f3n automatizadas. En consecuencia, es una opci\u00f3n superlativa para cualquier persona que se esfuerce por fortalecer la seguridad y elevar la experiencia del usuario en su sitio web. En resumen, Restrict Content Pro Hard Feats de vencimiento es un complemento indispensable, una necesidad absoluta para aquellos comprometidos a salvaguardar su contenido preciado y garantizar su accesibilidad exclusiva \u00fanicamente a los usuarios autorizados.<\/p>\n<ul>\n<li>Proporciona la capacidad de establecer fechas de vencimiento dif\u00edcil para el acceso a contenido<\/li>\n<li>Asegura que los usuarios con acceso caducado ya no podr\u00e1n ver contenido<\/li>\n<li>Ayuda a mantener la seguridad del contenido evitando el acceso no autorizado<\/li>\n<li>Ofrece flexibilidad para establecer fechas de vencimiento para diferentes tipos de contenido<\/li>\n<li>F\u00e1cil de usar e integrar con restringir el complemento de contenido Pro<\/li>\n<li>Proporciona una experiencia de usuario perfecta al notificar a los usuarios que se acercan a las fechas de vencimiento<\/li>\n<li>Configuraci\u00f3n de notificaci\u00f3n personalizable para comunicaci\u00f3n personalizada con los usuarios<\/li>\n<li>Compatible con una variedad de pasarelas de pago y niveles de membres\u00eda<\/li>\n<li>Ahorra tiempo y esfuerzo para administrar el acceso al contenido manualmente.<\/li>\n<\/ul>\n","protected":false},"excerpt":{"rendered":"<p>Con la implementaci\u00f3n del complemento Restrict Content Pro Hard Fechas de vencimiento, puede salvaguardar efectivamente su valioso contenido al imponer fechas de vencimiento de la empresa, restringiendo as\u00ed el acceso a \u00e9l solo dentro de un marco de tiempo espec\u00edfico. Esta notable herramienta ofrece mensajes personalizables y configuraciones vers\u00e1tiles, otorg\u00e1ndole un control sin esfuerzo sobre su contenido y asegurando su accesibilidad \u00fanicamente a aquellas personas que lo requieren. Ya sea que su objetivo se refiera a proteger su valioso contenido de las partes no autorizadas o simplemente afirmar la autoridad sobre su audiencia, la utilizaci\u00f3n del complemento de fechas de vencimiento de contenido de contenido restringido es indispensable para cualquier creador de contenido exigente.<\/p>\n","protected":false},"featured_media":167356,"comment_status":"open","ping_status":"open","template":"","meta":[],"product_brand":[2548],"product_cat":[1214,1206,1211],"product_tag":[1513],"class_list":{"0":"post-110490","1":"product","2":"type-product","3":"status-publish","4":"has-post-thumbnail","6":"product_brand-restirct-content","7":"product_cat-personalizacion","8":"product_cat-plugins","9":"product_cat-wordpress-plugins","10":"product_tag-restirct-content","11":"member-discount","12":"discount-restricted","14":"first","15":"instock","16":"sale","17":"downloadable","18":"virtual","19":"sold-individually","20":"purchasable","21":"product-type-simple"},"_links":{"self":[{"href":"https:\/\/gpl-love.com\/es\/wp-json\/wp\/v2\/product\/110490","targetHints":{"allow":["GET"]}}],"collection":[{"href":"https:\/\/gpl-love.com\/es\/wp-json\/wp\/v2\/product"}],"about":[{"href":"https:\/\/gpl-love.com\/es\/wp-json\/wp\/v2\/types\/product"}],"replies":[{"embeddable":true,"href":"https:\/\/gpl-love.com\/es\/wp-json\/wp\/v2\/comments?post=110490"}],"wp:featuredmedia":[{"embeddable":true,"href":"https:\/\/gpl-love.com\/es\/wp-json\/wp\/v2\/media\/167356"}],"wp:attachment":[{"href":"https:\/\/gpl-love.com\/es\/wp-json\/wp\/v2\/media?parent=110490"}],"wp:term":[{"taxonomy":"product_brand","embeddable":true,"href":"https:\/\/gpl-love.com\/es\/wp-json\/wp\/v2\/product_brand?post=110490"},{"taxonomy":"product_cat","embeddable":true,"href":"https:\/\/gpl-love.com\/es\/wp-json\/wp\/v2\/product_cat?post=110490"},{"taxonomy":"product_tag","embeddable":true,"href":"https:\/\/gpl-love.com\/es\/wp-json\/wp\/v2\/product_tag?post=110490"}],"curies":[{"name":"wp","href":"https:\/\/api.w.org\/{rel}","templated":true}]}}