{"id":110488,"date":"2024-02-07T00:00:00","date_gmt":"2024-02-07T05:00:00","guid":{"rendered":"http:\/\/gpl-love.com\/es\/producto\/restrict-content-pro-group-accounts\/"},"modified":"2026-04-10T11:23:15","modified_gmt":"2026-04-10T16:23:15","slug":"restrict-content-pro-group-accounts","status":"publish","type":"product","link":"https:\/\/gpl-love.com\/es\/producto\/restrict-content-pro-group-accounts\/","title":{"rendered":"Restrict Content Pro Group Accounts 2.2.3"},"content":{"rendered":"<h3>Restrict Content Pro Group Accounts Caracteristicas<\/h3>\n<p>Restringir Content Pro Group cuentas, un complemento premium de WordPress, presenta a los propietarios de sitios web la capacidad de establecer y manejar cuentas grupales para sus usuarios. Este complemento vers\u00e1til permite la f\u00e1cil configuraci\u00f3n de distintos niveles de acceso y restricci\u00f3n para varios grupos de usuarios, lo que lo hace altamente adecuado para sitios web de membres\u00eda o cualquier plataforma que necesite acceso regulado a los usuarios. Adem\u00e1s, el complemento cuenta con funcionalidades adicionales, como mensajes grupales y herramientas de gesti\u00f3n de miembros, proporcionando a los usuarios autoridad integral sobre su base de usuarios. Ya sea que est\u00e9 supervisando un n\u00famero limitado de usuarios o una comunidad en l\u00ednea en expansi\u00f3n, restringir las cuentas de contenido Pro Group sirve como un recurso invaluable, lo que le permite optimizar la gesti\u00f3n de usuarios y salvaguardar su contenido para que permanezca exclusivamente accesible para las personas autorizadas.<\/p>\n<ul>\n<li>Habilite la gesti\u00f3n de suscripci\u00f3n de grupo para su sitio Restringe Content Pro.<\/li>\n<li>Permitir a los usuarios crear y administrar sus propios grupos, incluida la adici\u00f3n y eliminaci\u00f3n de miembros.<\/li>\n<li>Personalizar la configuraci\u00f3n del grupo, como precios y restricciones de contenido.<\/li>\n<li>Genere informes sobre actividad grupal e ingresos.<\/li>\n<li>Integre perfectamente con otros complementos de contenido Pro y las pasarelas de pago.<\/li>\n<li>Proporcione una experiencia de usuario simplificada para los miembros de la cuenta grupal.<\/li>\n<li>Ofrezca atenci\u00f3n al cliente para cualquier pregunta o problema relacionado con cuentas grupales.<\/li>\n<li>Aumentar los ingresos a trav\u00e9s de suscripciones grupales y gesti\u00f3n de membres\u00eda.<\/li>\n<\/ul>\n","protected":false},"excerpt":{"rendered":"<p>El complemento conocido como restricci\u00f3n de cuentas de grupo de contenido pro posee capacidades formidables, lo que le permite generar y supervisar de manera efectiva las cuentas del grupo espec\u00edficamente adaptadas para su sitio de membres\u00eda. Mediante esta caracter\u00edstica notable, posee la capacidad de clasificar sin esfuerzo a sus miembros en grupos distintos, proporcion\u00e1ndoles acceso exclusivo a una mir\u00edada de contenido, mientras que conserva su autoridad sobre su nivel de acceso y permisos. Independientemente de si se encuentra supervisando una comunidad privada o una iniciativa educativa, este invaluable complemento sirve como un activo indispensable, garantizando el triunfo y la satisfacci\u00f3n de sus estimados miembros.<\/p>\n","protected":false},"featured_media":167355,"comment_status":"open","ping_status":"open","template":"","meta":[],"product_brand":[2548],"product_cat":[1325,1206,1211],"product_tag":[1513],"class_list":{"0":"post-110488","1":"product","2":"type-product","3":"status-publish","4":"has-post-thumbnail","6":"product_brand-restirct-content","7":"product_cat-afiliacion","8":"product_cat-plugins","9":"product_cat-wordpress-plugins","10":"product_tag-restirct-content","11":"member-discount","12":"discount-restricted","14":"first","15":"instock","16":"sale","17":"downloadable","18":"virtual","19":"sold-individually","20":"purchasable","21":"product-type-simple"},"_links":{"self":[{"href":"https:\/\/gpl-love.com\/es\/wp-json\/wp\/v2\/product\/110488","targetHints":{"allow":["GET"]}}],"collection":[{"href":"https:\/\/gpl-love.com\/es\/wp-json\/wp\/v2\/product"}],"about":[{"href":"https:\/\/gpl-love.com\/es\/wp-json\/wp\/v2\/types\/product"}],"replies":[{"embeddable":true,"href":"https:\/\/gpl-love.com\/es\/wp-json\/wp\/v2\/comments?post=110488"}],"wp:featuredmedia":[{"embeddable":true,"href":"https:\/\/gpl-love.com\/es\/wp-json\/wp\/v2\/media\/167355"}],"wp:attachment":[{"href":"https:\/\/gpl-love.com\/es\/wp-json\/wp\/v2\/media?parent=110488"}],"wp:term":[{"taxonomy":"product_brand","embeddable":true,"href":"https:\/\/gpl-love.com\/es\/wp-json\/wp\/v2\/product_brand?post=110488"},{"taxonomy":"product_cat","embeddable":true,"href":"https:\/\/gpl-love.com\/es\/wp-json\/wp\/v2\/product_cat?post=110488"},{"taxonomy":"product_tag","embeddable":true,"href":"https:\/\/gpl-love.com\/es\/wp-json\/wp\/v2\/product_tag?post=110488"}],"curies":[{"name":"wp","href":"https:\/\/api.w.org\/{rel}","templated":true}]}}