{"id":110486,"date":"2021-02-09T00:00:00","date_gmt":"2021-02-09T05:00:00","guid":{"rendered":"http:\/\/gpl-love.com\/es\/producto\/restrict-content-pro-drip-content\/"},"modified":"2026-04-10T11:23:14","modified_gmt":"2026-04-10T16:23:14","slug":"restrict-content-pro-drip-content","status":"publish","type":"product","link":"https:\/\/gpl-love.com\/es\/producto\/restrict-content-pro-drip-content\/","title":{"rendered":"Restrict Content Pro Drip Content 1.0.7"},"content":{"rendered":"<h3>Restrict Content Pro Drip Content Caracteristicas<\/h3>\n<p>Restringir contenido Pro Drip Content es una herramienta muy robusta y f\u00e1cil de usar que satisface las necesidades de los propietarios de sitios web que desean proporcionar a sus usuarios contenido excepcional y valioso. La ingeniosa caracter\u00edstica del contenido de goteo permite a los propietarios de sitios web divulgar gradualmente su contenido, dotando as\u00ed a su audiencia con una afluencia constante de material novedoso durante un per\u00edodo prolongado. Este atributo particular demuestra ser notablemente ventajoso, especialmente para plataformas que ofrecen cursos en l\u00ednea, sitios de membres\u00eda y otros sitios web basados \u200b\u200ben suscripci\u00f3n. Al aprovechar las capacidades de restringir el contenido de Content Pro Drip, puede dise\u00f1ar ingeniosamente los horarios personalizados para el lanzamiento de su contenido, asegurando as\u00ed un sentido perpetuo de anticipaci\u00f3n para su estimada audiencia. Adem\u00e1s, el complemento se integra perfectamente con otras caracter\u00edsticas notables de restricci\u00f3n de contenido profesional, como opciones de pago y administraci\u00f3n de usuarios. Ya sea que su objetivo principal es monetizar de manera efectiva su contenido o atender a una experiencia de usuario m\u00e1s personalizada, el contenido restrictivo Pro Drip Content, sin duda, se destaca como una herramienta indispensable para cualquier propietario de un sitio web exigente.<\/p>\n<ul>\n<li>Restringir de forma segura el acceso a contenido premium en su sitio web<\/li>\n<li>Gotear autom\u00e1ticamente el contenido de liberaci\u00f3n a intervalos espec\u00edficos<\/li>\n<li>Integraci\u00f3n perfecta con pasarelas de pago populares para el acceso a contenido basado en suscripci\u00f3n<\/li>\n<li>Opciones de gesti\u00f3n y suscripci\u00f3n de membres\u00eda flexible<\/li>\n<li>Informes detallados y an\u00e1lisis para rastrear la participaci\u00f3n y los ingresos del usuario<\/li>\n<li>Distribuci\u00f3n de contenido ecol\u00f3gico y sin papel<\/li>\n<li>Notificaciones de correo electr\u00f3nico personalizables para suscriptores<\/li>\n<li>API de desarrollador robusta para personalizaci\u00f3n e integraciones avanzadas<\/li>\n<li>Atenci\u00f3n al cliente confiable y documentaci\u00f3n disponible.<\/li>\n<\/ul>\n","protected":false},"excerpt":{"rendered":"<p>El contenido Restring Content Pro Drip ha surgido como una soluci\u00f3n ideal e impecable tanto para empresas como para las personas que aspiran a difundir su contenido a su p\u00fablico objetivo gradualmente y en un per\u00edodo de tiempo espec\u00edfico. Este complemento de vanguardia cuenta con una variedad de caracter\u00edsticas avanzadas de contenido de goteo que facilitan una programaci\u00f3n perfecta y sin problemas de acceso a contenido para sus estimados suscriptores, teniendo en cuenta factores cruciales como su nivel de membres\u00eda, per\u00edodo de suscripci\u00f3n y una variedad de otros Par\u00e1metros relevantes. Adem\u00e1s, este complemento excepcional ofrece una plataforma impregnable y bien protegida que frustra efectivamente cualquier intento no autorizado para acceder a su valioso contenido. Ya sea que est\u00e9 operando un curso en l\u00ednea, administrar un sitio de membres\u00eda premium o impartir contenido premium a su preciada audiencia, las capacidades inigualables del contenido restringido de contenido Pro Drip Content, sin duda, fortalecer\u00e1n su capacidad para difundir su contenido de manera eficiente y sin esfuerzo.<\/p>\n","protected":false},"featured_media":167354,"comment_status":"open","ping_status":"open","template":"","meta":[],"product_brand":[2548],"product_cat":[1232,1206,1211],"product_tag":[1513],"class_list":{"0":"post-110486","1":"product","2":"type-product","3":"status-publish","4":"has-post-thumbnail","6":"product_brand-restirct-content","7":"product_cat-marketing-wordpress-plugins","8":"product_cat-plugins","9":"product_cat-wordpress-plugins","10":"product_tag-restirct-content","11":"member-discount","12":"discount-restricted","14":"first","15":"instock","16":"sale","17":"downloadable","18":"virtual","19":"sold-individually","20":"purchasable","21":"product-type-simple"},"_links":{"self":[{"href":"https:\/\/gpl-love.com\/es\/wp-json\/wp\/v2\/product\/110486","targetHints":{"allow":["GET"]}}],"collection":[{"href":"https:\/\/gpl-love.com\/es\/wp-json\/wp\/v2\/product"}],"about":[{"href":"https:\/\/gpl-love.com\/es\/wp-json\/wp\/v2\/types\/product"}],"replies":[{"embeddable":true,"href":"https:\/\/gpl-love.com\/es\/wp-json\/wp\/v2\/comments?post=110486"}],"wp:featuredmedia":[{"embeddable":true,"href":"https:\/\/gpl-love.com\/es\/wp-json\/wp\/v2\/media\/167354"}],"wp:attachment":[{"href":"https:\/\/gpl-love.com\/es\/wp-json\/wp\/v2\/media?parent=110486"}],"wp:term":[{"taxonomy":"product_brand","embeddable":true,"href":"https:\/\/gpl-love.com\/es\/wp-json\/wp\/v2\/product_brand?post=110486"},{"taxonomy":"product_cat","embeddable":true,"href":"https:\/\/gpl-love.com\/es\/wp-json\/wp\/v2\/product_cat?post=110486"},{"taxonomy":"product_tag","embeddable":true,"href":"https:\/\/gpl-love.com\/es\/wp-json\/wp\/v2\/product_tag?post=110486"}],"curies":[{"name":"wp","href":"https:\/\/api.w.org\/{rel}","templated":true}]}}