{"id":110484,"date":"2025-12-15T00:00:00","date_gmt":"2025-12-15T05:00:00","guid":{"rendered":"http:\/\/gpl-love.com\/es\/producto\/restrict-content-pro-custom-redirects\/"},"modified":"2026-03-09T08:04:02","modified_gmt":"2026-03-09T13:04:02","slug":"restrict-content-pro-custom-redirects","status":"publish","type":"product","link":"https:\/\/gpl-love.com\/es\/producto\/restrict-content-pro-custom-redirects\/","title":{"rendered":"Restrict Content Pro Custom Redirects 1.0.8"},"content":{"rendered":"<h3>Restrict Content Pro Custom Redirects Caracteristicas<\/h3>\n<p>El complemento Restrict Content Pro Custom Redirects es una herramienta incre\u00edblemente robusta que cuenta con una impresionante variedad de caracter\u00edsticas, lo que permite a los usuarios establecer reglas de redirecci\u00f3n personalizadas para su sitio de membres\u00eda. Al aprovechar este complemento, las personas tienen la capacidad de redirigir a la perfecci\u00f3n a los usuarios a p\u00e1ginas o URL espec\u00edficas, todas dependiendo de su nivel \u00fanico de membres\u00eda, estado de inicio de sesi\u00f3n u otros criterios predeterminados. Esta funcionalidad particular es particularmente ventajosa ya que facilita la creaci\u00f3n de una experiencia del usuario ininterrumpida, asegurando que las personas se gu\u00eden sin esfuerzo hacia el contenido pertinente, las promociones notables o las ventajas atractivas. Adem\u00e1s, el complemento presenta a los usuarios una gran cantidad de opciones avanzadas que se pueden utilizar para ajustar y optimizar sus redireccionamientos. Estas opciones incluyen, pero ciertamente no se limitan a la capacidad de establecer un tiempo de retraso o vencimiento, la capacidad de rastrear fuentes de referencia y la oportunidad de personalizar los mensajes de error. En resumen, el complemento Restrict Content Pro Custom Redirects es un activo invaluable para cualquier sitio de membres\u00eda que est\u00e9 ansioso por mejorar su viaje de usuario y maximizar los niveles generales de participaci\u00f3n.<\/p>\n<ul>\n<li>Crear redireccionamientos personalizados para p\u00e1ginas de contenido dentro de Restrict Content Pro<\/li>\n<li>Redirigir f\u00e1cilmente a los usuarios seg\u00fan el nivel de membres\u00eda o el estado de suscripci\u00f3n<\/li>\n<li>Redirigir a los usuarios a p\u00e1ginas espec\u00edficas basadas en sus credenciales de inicio de sesi\u00f3n<\/li>\n<li>Mejorar la experiencia del usuario con redireccionamientos personalizados para los miembros<\/li>\n<li>Personalizar redireccionamientos seg\u00fan el comportamiento del usuario, como suscripciones vencidas o desactivaci\u00f3n de la cuenta<\/li>\n<li>Aumentar la retenci\u00f3n de miembros dirigi\u00e9ndolos al contenido u ofertas relevantes<\/li>\n<li>Proceso de configuraci\u00f3n simple e interfaz para crear redireccionamientos personalizados<\/li>\n<li>Capacidad para rastrear y medir la efectividad de las redirecciones con an\u00e1lisis de an\u00e1lisis e informes<\/li>\n<li>Compatible con WordPress y restringir el complemento Content Pro para una integraci\u00f3n perfecta.<\/li>\n<\/ul>\n","protected":false},"excerpt":{"rendered":"<p>La introducci\u00f3n de la notable y altamente eficiente Restringe Content Pro Custom Redirects, un complemento excepcional que le otorga la incre\u00edble capacidad de redirigir perfectamente a sus estimados miembros a una p\u00e1gina web meticulosamente personalizada posterior a su finalizaci\u00f3n triunfante del proceso de registro o registro. Desprovisto de una sombra de una duda, armado con esta extraordinaria herramienta, tendr\u00e1 poder para fabricar y fabricar h\u00e1bilmente una experiencia de usuario verdaderamente a medida y a medida que cautivar\u00e1 y cautivar\u00e1 inequ\u00edvocamente a sus miembros estimados al dirigirlos sin esfuerzo hacia un exquisito y seleccionado a mano y seleccionados exquisitamente a mano. P\u00e1gina meticulosamente seleccionada que podr\u00eda abarcar un mensaje c\u00e1lido y acogedor o incluso una selecci\u00f3n extraordinaria y \u00fanica de contenido exclusivo, superando as\u00ed la banalidad y la mundanidad del tablero de WordPress est\u00e1ndar y ortodoxo. Adem\u00e1s, est\u00e1 completamente dentro de su jurisdicci\u00f3n y alcance de optar decisivamente por dirigir a sus usuarios y miembros a una p\u00e1gina magn\u00edficamente divergente y distinta, todo dependiendo de su estimado nivel de membres\u00eda, lo que le confiere la autoridad absoluta y sin igual para regular meticulosamente y controlar su Los privilegios de acceso y su odisea general y expedici\u00f3n en su estimado sitio web. Adem\u00e1s, vale la pena mencionar que el complemento de redireccionamientos personalizados de restricci\u00f3n de contenido Pro est\u00e1 dotado de una interfaz sorprendentemente f\u00e1cil de usar, lo que hace que todo el proceso de configurar una brisa absoluta. Adem\u00e1s, es digno de destacar que este maravilloso complemento est\u00e1 acompa\u00f1ado de niveles de personalizaci\u00f3n incomparables e inigualables, lo que lo convierte en la panacea definitiva y definitiva para las empresas y organizaciones que buscan ardientemente adornar y aumentar su plataforma de membres\u00eda a la fenomenal y fenomenal imprecedentes y fenomenales. alturas.<\/p>\n","protected":false},"featured_media":167353,"comment_status":"open","ping_status":"open","template":"","meta":[],"product_brand":[2548],"product_cat":[1214,1206,1211],"product_tag":[1513],"class_list":{"0":"post-110484","1":"product","2":"type-product","3":"status-publish","4":"has-post-thumbnail","6":"product_brand-restirct-content","7":"product_cat-personalizacion","8":"product_cat-plugins","9":"product_cat-wordpress-plugins","10":"product_tag-restirct-content","11":"member-discount","12":"discount-restricted","14":"first","15":"instock","16":"sale","17":"downloadable","18":"virtual","19":"sold-individually","20":"purchasable","21":"product-type-simple"},"_links":{"self":[{"href":"https:\/\/gpl-love.com\/es\/wp-json\/wp\/v2\/product\/110484","targetHints":{"allow":["GET"]}}],"collection":[{"href":"https:\/\/gpl-love.com\/es\/wp-json\/wp\/v2\/product"}],"about":[{"href":"https:\/\/gpl-love.com\/es\/wp-json\/wp\/v2\/types\/product"}],"replies":[{"embeddable":true,"href":"https:\/\/gpl-love.com\/es\/wp-json\/wp\/v2\/comments?post=110484"}],"wp:featuredmedia":[{"embeddable":true,"href":"https:\/\/gpl-love.com\/es\/wp-json\/wp\/v2\/media\/167353"}],"wp:attachment":[{"href":"https:\/\/gpl-love.com\/es\/wp-json\/wp\/v2\/media?parent=110484"}],"wp:term":[{"taxonomy":"product_brand","embeddable":true,"href":"https:\/\/gpl-love.com\/es\/wp-json\/wp\/v2\/product_brand?post=110484"},{"taxonomy":"product_cat","embeddable":true,"href":"https:\/\/gpl-love.com\/es\/wp-json\/wp\/v2\/product_cat?post=110484"},{"taxonomy":"product_tag","embeddable":true,"href":"https:\/\/gpl-love.com\/es\/wp-json\/wp\/v2\/product_tag?post=110484"}],"curies":[{"name":"wp","href":"https:\/\/api.w.org\/{rel}","templated":true}]}}