{"id":110482,"date":"2021-02-10T00:00:00","date_gmt":"2021-02-10T05:00:00","guid":{"rendered":"http:\/\/gpl-love.com\/es\/producto\/restrict-content-pro-convertkit\/"},"modified":"2026-04-10T11:23:13","modified_gmt":"2026-04-10T16:23:13","slug":"restrict-content-pro-convertkit","status":"publish","type":"product","link":"https:\/\/gpl-love.com\/es\/producto\/restrict-content-pro-convertkit\/","title":{"rendered":"Restrict Content Pro ConvertKit 1.1.3"},"content":{"rendered":"<h3>Restrict Content Pro ConvertKit Caracteristicas<\/h3>\n<p>El complemento Restrict Content Pro Convertkit, una herramienta muy potente, ha sido meticulosamente dise\u00f1ada para ayudar a los propietarios de sitios web a mejorar sus esfuerzos de marketing por correo electr\u00f3nico. Este complemento faculta a los usuarios otorg\u00e1ndoles la capacidad de restringir selectivamente el acceso a contenido espec\u00edfico en su sitio web, lo que incit\u00f3 a los visitantes a divulgar sus direcciones de correo electr\u00f3nico para obtener la entrada. Sorprendentemente, el complemento se integra perfectamente con Convertkit, que ofrece a los usuarios la conveniencia de agregar autom\u00e1ticamente a los nuevos suscriptores a su lista de correo electr\u00f3nico y al mismo tiempo les permite difundir correos electr\u00f3nicos dirigidos a su audiencia exigente. Adem\u00e1s, este complemento ofrece una variedad diversa de opciones de personalizaci\u00f3n, que abarca la creaci\u00f3n de formularios de opci\u00f3n a medida y la personalizaci\u00f3n de los mensajes presentados a los visitantes. En esencia, el complemento Restrict Content Pro Convertkit representa un activo indispensable para las personas que anhelan reforzar su lista de correo electr\u00f3nico y aumentar las conversiones en su sitio web.<\/p>\n<ul>\n<li>Integraci\u00f3n perfecta entre restringir contenido pro y convertkit<\/li>\n<li>Permite a los usuarios administrar suscriptores Convertkit directamente desde el control de contenido de contenido Restringido<\/li>\n<li>Permite a los propietarios de sitios web crear y personalizar formularios Convertkit directamente dentro de Restrict Content Pro<\/li>\n<li>Proporciona opciones avanzadas de automatizaci\u00f3n y segmentaci\u00f3n de marketing por correo electr\u00f3nico utilizando Convertkit<\/li>\n<li>Permite la entrega de contenido personalizado basado en intereses y comportamientos de suscriptores<\/li>\n<li>Agiliza el proceso de creaci\u00f3n y administraci\u00f3n de campa\u00f1as de correo electr\u00f3nico espec\u00edficas para segmentos espec\u00edficos de su audiencia<\/li>\n<li>Ayuda a aumentar la capacidad de entrega del correo electr\u00f3nico y las tasas de participaci\u00f3n asegurando que los suscriptores solo reciban contenido relevante.<\/li>\n<\/ul>\n","protected":false},"excerpt":{"rendered":"<p>Restringir Content Pro Convertkit sirve como una herramienta muy conveniente y eficiente que optimiza de manera efectiva las complejidades involucradas en la creaci\u00f3n de campa\u00f1as de marketing por correo electr\u00f3nico, la gesti\u00f3n de listas de suscripci\u00f3n y el monitoreo de la participaci\u00f3n del usuario. Al implementar este complemento, puede integrar sin problemas su cuenta Convertkit con su sitio de membres\u00eda Restrict Content Pro,, posteriormente, agregando autom\u00e1ticamente suscriptores a su lista de correo electr\u00f3nico cada vez que un usuario novedoso se registra en su sitio. Como resultado, puede enviar correos electr\u00f3nicos dirigidos sin esfuerzo a suscriptores, cultivar clientes potenciales y aumentar las conversiones. Ya sea que se identifique como blogger, creador de cursos en l\u00ednea o propietario de un negocio, la inclusi\u00f3n de restringir el contenido Pro Convertkit es un instrumento indispensable para optimizar sus esfuerzos de marketing y ampliar su p\u00fablico objetivo.<\/p>\n","protected":false},"featured_media":167352,"comment_status":"open","ping_status":"open","template":"","meta":[],"product_brand":[2548],"product_cat":[1232,1206,1211],"product_tag":[1513],"class_list":{"0":"post-110482","1":"product","2":"type-product","3":"status-publish","4":"has-post-thumbnail","6":"product_brand-restirct-content","7":"product_cat-marketing-wordpress-plugins","8":"product_cat-plugins","9":"product_cat-wordpress-plugins","10":"product_tag-restirct-content","11":"member-discount","12":"discount-restricted","14":"first","15":"instock","16":"sale","17":"downloadable","18":"virtual","19":"sold-individually","20":"purchasable","21":"product-type-simple"},"_links":{"self":[{"href":"https:\/\/gpl-love.com\/es\/wp-json\/wp\/v2\/product\/110482","targetHints":{"allow":["GET"]}}],"collection":[{"href":"https:\/\/gpl-love.com\/es\/wp-json\/wp\/v2\/product"}],"about":[{"href":"https:\/\/gpl-love.com\/es\/wp-json\/wp\/v2\/types\/product"}],"replies":[{"embeddable":true,"href":"https:\/\/gpl-love.com\/es\/wp-json\/wp\/v2\/comments?post=110482"}],"wp:featuredmedia":[{"embeddable":true,"href":"https:\/\/gpl-love.com\/es\/wp-json\/wp\/v2\/media\/167352"}],"wp:attachment":[{"href":"https:\/\/gpl-love.com\/es\/wp-json\/wp\/v2\/media?parent=110482"}],"wp:term":[{"taxonomy":"product_brand","embeddable":true,"href":"https:\/\/gpl-love.com\/es\/wp-json\/wp\/v2\/product_brand?post=110482"},{"taxonomy":"product_cat","embeddable":true,"href":"https:\/\/gpl-love.com\/es\/wp-json\/wp\/v2\/product_cat?post=110482"},{"taxonomy":"product_tag","embeddable":true,"href":"https:\/\/gpl-love.com\/es\/wp-json\/wp\/v2\/product_tag?post=110482"}],"curies":[{"name":"wp","href":"https:\/\/api.w.org\/{rel}","templated":true}]}}