{"id":110480,"date":"2021-02-09T00:00:00","date_gmt":"2021-02-09T05:00:00","guid":{"rendered":"http:\/\/gpl-love.com\/es\/producto\/restrict-content-pro-aweber-pro\/"},"modified":"2026-04-10T11:23:12","modified_gmt":"2026-04-10T16:23:12","slug":"restrict-content-pro-aweber-pro","status":"publish","type":"product","link":"https:\/\/gpl-love.com\/es\/producto\/restrict-content-pro-aweber-pro\/","title":{"rendered":"Restrict Content Pro AWeber Pro 1.1.5"},"content":{"rendered":"<h3>Restrict Content Pro AWeber Pro Caracteristicas<\/h3>\n<p>Restringir Content Pro Aweber Pro es un complemento excepcional que le brinda la notable capacidad de integrar perfectamente sus esfuerzos de marketing por correo electr\u00f3nico con su sitio de membres\u00eda. Al utilizar este complemento, se le otorga la capacidad sin esfuerzo para crear sin esfuerzo y administrar efectivamente varios niveles de membres\u00eda, imponer restricciones a la accesibilidad del contenido en funci\u00f3n del estado de membres\u00eda espec\u00edfico y automatizar campa\u00f1as de marketing por correo electr\u00f3nico para involucrarse activamente con sus miembros estimados. La notable integraci\u00f3n con Aweber le permite sincronizar sin problemas su lista de membres\u00eda con su cuenta de Aweber, facilitando as\u00ed el proceso sin problemas de enviar correos electr\u00f3nicos dirigidos con precisi\u00f3n y rastrear meticulosamente la invaluable actividad de suscriptores. Sin lugar a dudas, este complemento es indudablemente ideal para que las personas que aspiran a monetizar efectivamente su contenido excepcional y construyan diligentemente una base de suscriptores dedicada. Independientemente de si usted es un blogger competente, un creador de cursos en l\u00ednea consumado o un vendedor digital experimentado, restringe el contenido pro aweber pro indudablemente representa una necesidad absoluta para ascender su sitio de membres\u00eda al pin\u00e1culo del \u00e9xito.<\/p>\n<ul>\n<li>Integraci\u00f3n perfecta entre restringir el contenido pro y Aweber Pro<\/li>\n<li>Agregue autom\u00e1ticamente nuevos miembros a las listas de Aweber Pro<\/li>\n<li>Eliminar autom\u00e1ticamente a los miembros de las listas de Aweber Pro cuando se cancela la membres\u00eda<\/li>\n<li>Casilla de verificaci\u00f3n Opti-in personalizable para Aweber Pro durante el proceso de registro<\/li>\n<li>Capacidad para sincronizar miembros existentes con listas de Aweber Pro<\/li>\n<li>Informes detallados sobre el crecimiento de la lista de Aweber Pro y la actividad de los miembros<\/li>\n<li>Acceso a caracter\u00edsticas y funcionalidad adicionales de Aweber Pro dentro de restricci\u00f3n de contenido Pro<\/li>\n<li>Gesti\u00f3n simplificada de listas y miembros de Aweber Pro dentro de la interfaz Restrict Content Pro<\/li>\n<li>Mayor eficiencia y automatizaci\u00f3n para los esfuerzos de marketing por correo electr\u00f3nico<\/li>\n<li>Experiencia general mejorada del usuario tanto para administradores y miembros del sitio.<\/li>\n<\/ul>\n","protected":false},"excerpt":{"rendered":"<p>Estamos encantados de presentarle el notable complemento de restricci\u00f3n de contenido Pro Aweber Pro, una soluci\u00f3n notable espec\u00edficamente dise\u00f1ada para integrar a la perfecci\u00f3n las campa\u00f1as de correo electr\u00f3nico AWEBER con su estimado sitio de membres\u00eda de restricci\u00f3n de contenido. Este complemento altamente influyente garantiza que todos y cada uno de sus miembros estimados se agregan sin esfuerzo y autom\u00e1ticamente a su lista de Aweber, lo que le permite administrar sin esfuerzo sus correos electr\u00f3nicos e interactuar de manera efectiva con su estimada audiencia. Con funcionalidades avanzadas, como la capacidad de mapear meticulosamente los campos personalizados y ofrecer un soporte inquebrantable para m\u00faltiples formularios de opci\u00f3n, este complemento surge indudablemente como un activo indispensable para cualquier vendedor en l\u00ednea exigente. Levante el estado de su estimado sitio de membres\u00eda y aumente sus esfuerzos de marketing por correo electr\u00f3nico adquiriendo el complemento de Formidable Restring Content Pro Aweber Pro.<\/p>\n","protected":false},"featured_media":167351,"comment_status":"open","ping_status":"open","template":"","meta":[],"product_brand":[2548],"product_cat":[1232,1206,1211],"product_tag":[1513],"class_list":{"0":"post-110480","1":"product","2":"type-product","3":"status-publish","4":"has-post-thumbnail","6":"product_brand-restirct-content","7":"product_cat-marketing-wordpress-plugins","8":"product_cat-plugins","9":"product_cat-wordpress-plugins","10":"product_tag-restirct-content","11":"member-discount","12":"discount-restricted","14":"first","15":"instock","16":"sale","17":"downloadable","18":"virtual","19":"sold-individually","20":"purchasable","21":"product-type-simple"},"_links":{"self":[{"href":"https:\/\/gpl-love.com\/es\/wp-json\/wp\/v2\/product\/110480","targetHints":{"allow":["GET"]}}],"collection":[{"href":"https:\/\/gpl-love.com\/es\/wp-json\/wp\/v2\/product"}],"about":[{"href":"https:\/\/gpl-love.com\/es\/wp-json\/wp\/v2\/types\/product"}],"replies":[{"embeddable":true,"href":"https:\/\/gpl-love.com\/es\/wp-json\/wp\/v2\/comments?post=110480"}],"wp:featuredmedia":[{"embeddable":true,"href":"https:\/\/gpl-love.com\/es\/wp-json\/wp\/v2\/media\/167351"}],"wp:attachment":[{"href":"https:\/\/gpl-love.com\/es\/wp-json\/wp\/v2\/media?parent=110480"}],"wp:term":[{"taxonomy":"product_brand","embeddable":true,"href":"https:\/\/gpl-love.com\/es\/wp-json\/wp\/v2\/product_brand?post=110480"},{"taxonomy":"product_cat","embeddable":true,"href":"https:\/\/gpl-love.com\/es\/wp-json\/wp\/v2\/product_cat?post=110480"},{"taxonomy":"product_tag","embeddable":true,"href":"https:\/\/gpl-love.com\/es\/wp-json\/wp\/v2\/product_tag?post=110480"}],"curies":[{"name":"wp","href":"https:\/\/api.w.org\/{rel}","templated":true}]}}