{"id":110478,"date":"2021-02-09T00:00:00","date_gmt":"2021-02-09T05:00:00","guid":{"rendered":"http:\/\/gpl-love.com\/es\/producto\/restrict-content-pro-activecampaign\/"},"modified":"2026-04-10T11:23:11","modified_gmt":"2026-04-10T16:23:11","slug":"restrict-content-pro-activecampaign","status":"publish","type":"product","link":"https:\/\/gpl-love.com\/es\/producto\/restrict-content-pro-activecampaign\/","title":{"rendered":"Restrict Content Pro ActiveCampaign 1.1.1"},"content":{"rendered":"<h3>Restrict Content Pro ActiveCampaign Caracteristicas<\/h3>\n<p>El complemento Restrict Content Pro ActiveCampaign se presenta como una herramienta formidable que ofrece la integraci\u00f3n perfecta de su sitio web de membres\u00eda con su cuenta de ActiveCampaign. Al capitalizar las funcionalidades de este complemento, puede generar sin esfuerzo niveles de membres\u00eda personalizados y supervisar eficientemente el acceso de sus miembros a su valioso contenido. Adem\u00e1s, la integraci\u00f3n de las automatizaciones de ActiveCampaign le permite enviar correos electr\u00f3nicos dirigidos con precisi\u00f3n a sus estimados miembros en funci\u00f3n de su nivel de membres\u00eda distinto y sus actividades correspondientes en su sitio web. En consecuencia, este complemento representa la soluci\u00f3n por excelencia para cualquier individuo que busque establecer un sitio web de membres\u00eda al tiempo que optimiza simult\u00e1neamente sus esfuerzos de marketing por correo electr\u00f3nico. Adoptar el conjunto integral de caracter\u00edsticas proporcionadas por Restrict Content Pro Activecampaign, sin duda, lo equipar\u00e1 con las herramientas necesarias para fomentar el crecimiento de su comunidad en l\u00ednea e involucrar perpetuamente su base de membres\u00eda.<\/p>\n<ul>\n<li>Integra sin problemas restringir el contenido pro y activecampaign para una mayor funcionalidad<\/li>\n<li>Automatizar la gesti\u00f3n de miembros agregando y eliminando a los usuarios en funci\u00f3n de las etiquetas en ActiveCampaign<\/li>\n<li>Crear campa\u00f1as de correo electr\u00f3nico espec\u00edficas para los miembros utilizando las s\u00f3lidas funciones de correo electr\u00f3nico de Activecampaign<\/li>\n<li>Rastrear la participaci\u00f3n de los miembros y el estado de la membres\u00eda de monitorear a trav\u00e9s de las herramientas de informes y an\u00e1lisis de ActiveCampaign<\/li>\n<li>Personalizar las preferencias de los usuarios con las opciones de contenido condicional y personalizaci\u00f3n de ActiveCampaign<\/li>\n<li>Agilice su proceso de gesti\u00f3n de membres\u00eda combinando restricciones de contenido pro y activecampaign en una plataforma.<\/li>\n<\/ul>\n","protected":false},"excerpt":{"rendered":"<p>La integraci\u00f3n Pro ActiveCampaign ofrecida por Restrict Content Pro es una herramienta excepcionalmente robusta que le permite utilizar sin problemas las funcionalidades de restringir el contenido PRO junto con ActiveCampaign. Al hacer uso de esta herramienta, tiene la capacidad de automatizar el proceso de generaci\u00f3n de cuentas Pro Restraded Content Pro Restrume cada vez que los usuarios optan por suscribirse a su lista de correo de Activecampaign. Esta notable integraci\u00f3n sirve como una salvaguardia, lo que garantiza que los miembros \u00fanicamente que poseen suscripciones activas tienen acceso a su contenido exclusivo. Adem\u00e1s, lo ayuda enormemente a garantizar la precisi\u00f3n y la moneda de sus listas de suscriptores, facilitando as\u00ed mejoras significativas en sus esfuerzos generales de marketing por correo electr\u00f3nico. Por lo tanto, si est\u00e1 buscando una manera conveniente y eficiente para administrar meticulosamente sus suscripciones y al mismo tiempo salvaguardar su contenido invaluable, es sin duda que esta herramienta es la opci\u00f3n perfecta para usted.<\/p>\n","protected":false},"featured_media":167350,"comment_status":"open","ping_status":"open","template":"","meta":[],"product_brand":[2548],"product_cat":[1232,1206,1211],"product_tag":[1513],"class_list":{"0":"post-110478","1":"product","2":"type-product","3":"status-publish","4":"has-post-thumbnail","6":"product_brand-restirct-content","7":"product_cat-marketing-wordpress-plugins","8":"product_cat-plugins","9":"product_cat-wordpress-plugins","10":"product_tag-restirct-content","11":"member-discount","12":"discount-restricted","14":"first","15":"instock","16":"sale","17":"downloadable","18":"virtual","19":"sold-individually","20":"purchasable","21":"product-type-simple"},"_links":{"self":[{"href":"https:\/\/gpl-love.com\/es\/wp-json\/wp\/v2\/product\/110478","targetHints":{"allow":["GET"]}}],"collection":[{"href":"https:\/\/gpl-love.com\/es\/wp-json\/wp\/v2\/product"}],"about":[{"href":"https:\/\/gpl-love.com\/es\/wp-json\/wp\/v2\/types\/product"}],"replies":[{"embeddable":true,"href":"https:\/\/gpl-love.com\/es\/wp-json\/wp\/v2\/comments?post=110478"}],"wp:featuredmedia":[{"embeddable":true,"href":"https:\/\/gpl-love.com\/es\/wp-json\/wp\/v2\/media\/167350"}],"wp:attachment":[{"href":"https:\/\/gpl-love.com\/es\/wp-json\/wp\/v2\/media?parent=110478"}],"wp:term":[{"taxonomy":"product_brand","embeddable":true,"href":"https:\/\/gpl-love.com\/es\/wp-json\/wp\/v2\/product_brand?post=110478"},{"taxonomy":"product_cat","embeddable":true,"href":"https:\/\/gpl-love.com\/es\/wp-json\/wp\/v2\/product_cat?post=110478"},{"taxonomy":"product_tag","embeddable":true,"href":"https:\/\/gpl-love.com\/es\/wp-json\/wp\/v2\/product_tag?post=110478"}],"curies":[{"name":"wp","href":"https:\/\/api.w.org\/{rel}","templated":true}]}}