{"id":110476,"date":"2022-04-17T00:00:00","date_gmt":"2022-04-17T05:00:00","guid":{"rendered":"http:\/\/gpl-love.com\/es\/producto\/reco-minimal-theme-for-freebies\/"},"modified":"2026-04-10T11:23:00","modified_gmt":"2026-04-10T16:23:00","slug":"reco-minimal-theme-for-freebies","status":"publish","type":"product","link":"https:\/\/gpl-love.com\/es\/producto\/reco-minimal-theme-for-freebies\/","title":{"rendered":"Reco Minimal Tema para Freebies 4.7.1"},"content":{"rendered":"<h3>Reco Minimal Tema para Freebies Caracteristicas<\/h3>\n<p>El tema m\u00ednimo de Reco para regalos es un tema de WordPress altamente sofisticado y meticulosamente elaborado, espec\u00edficamente adaptado para satisfacer las necesidades de los bloggers y empresas que tienen como objetivo proporcionar art\u00edculos de cortes\u00eda a su p\u00fablico objetivo. Este tema cuenta con un dise\u00f1o notablemente pr\u00edstino y simplificado, que no solo exuda elegancia, sino que tambi\u00e9n capta efectivamente la atenci\u00f3n de los usuarios potenciales. Adem\u00e1s, el tema ofrece una amplia gama de opciones de personalizaci\u00f3n, lo que permite a los usuarios modificar sin esfuerzo elementos de dise\u00f1o clave, como colores, fuentes y dise\u00f1o, asegurando as\u00ed que el producto final sea un reflejo aut\u00e9ntico de su identidad de marca. Adem\u00e1s, vale la pena se\u00f1alar que este tema est\u00e1 equipado con un dise\u00f1o receptivo, lo que garantiza que sus regalos se mostrar\u00e1n sin problemas en todos los dispositivos, independientemente del tama\u00f1o o resoluci\u00f3n de su pantalla. Ya sea que est\u00e9 distribuyendo libros electr\u00f3nicos, plantillas o cualquier otro producto digital, el tema m\u00ednimo de RECO para regalos, sin duda, surge como el ep\u00edtome de la excelencia, lo que le permite hacer alarde de manera efectiva sus ofertas y aumentar sustancialmente su base de suscriptores de correo electr\u00f3nico.<\/p>\n<ul>\n<li>Dise\u00f1o moderno y minimalista, perfecto para exhibir regalos<\/li>\n<li>Dise\u00f1o totalmente receptivo y amigable para m\u00f3viles para una visualizaci\u00f3n \u00f3ptima en todos los dispositivos<\/li>\n<li>Esquema de color personalizable para que coincida con su marca o preferencias personales<\/li>\n<li>Admite varios formatos de publicaci\u00f3n, que incluyen video, audio, galer\u00eda y cita<\/li>\n<li>Interfaz f\u00e1cil e intuitiva para una f\u00e1cil navegaci\u00f3n<\/li>\n<li>Velocidad de carga r\u00e1pida para una mejor experiencia de usuario y optimizaci\u00f3n de motores de b\u00fasqueda<\/li>\n<li>Widgets y c\u00f3digos cortos preconstruidos para una f\u00e1cil personalizaci\u00f3n y funcionalidad<\/li>\n<li>Integraci\u00f3n de redes sociales incorporadas para f\u00e1cil compartir y promoci\u00f3n<\/li>\n<li>Compatible con complementos populares como JetPack, WooCommerce y el Formulario de contacto 7<\/li>\n<li>Actualizaciones regulares y documentaci\u00f3n integral para el soporte y mantenimiento continuos.<\/li>\n<\/ul>\n","protected":false},"excerpt":{"rendered":"<p>El tema m\u00ednimo de Reco para los regalos es un tema de WordPress tremendamente de moda y actualizado que ha sido dise\u00f1ado por la intenci\u00f3n de atender las necesidades de los bloggers y los creadores de contenido en l\u00ednea que buscan mostrar su amplia gama de gratuitos y productos digitales. . Este tema cuenta con un dise\u00f1o minimalista junto con una interfaz intuitivamente f\u00e1cil de usar, por lo que es muy f\u00e1cil para usted difundir sus descargas y recursos m\u00e1s recientes a su audiencia cuidadosamente cultivada. Independientemente de si posee una gran experiencia en el \u00e1mbito de los blogs o si simplemente se est\u00e1 embarcando en su viaje como creador de contenido en l\u00ednea, el tema m\u00ednimo de RECO para los regalos sirve como la mejor selecci\u00f3n para las personas que est\u00e1n ansiosas por inventar un impecablemente pulido y cautivador. Persona en l\u00ednea.<\/p>\n","protected":false},"featured_media":167334,"comment_status":"open","ping_status":"open","template":"","meta":[],"product_brand":[2337],"product_cat":[1267,1237,1238],"product_tag":[1391],"class_list":{"0":"post-110476","1":"product","2":"type-product","3":"status-publish","4":"has-post-thumbnail","6":"product_brand-themeforest","7":"product_cat-creativo","8":"product_cat-temas","9":"product_cat-wordpress-temas","10":"product_tag-themeforest","11":"member-discount","12":"discount-restricted","14":"first","15":"instock","16":"sale","17":"downloadable","18":"virtual","19":"sold-individually","20":"purchasable","21":"product-type-simple"},"_links":{"self":[{"href":"https:\/\/gpl-love.com\/es\/wp-json\/wp\/v2\/product\/110476","targetHints":{"allow":["GET"]}}],"collection":[{"href":"https:\/\/gpl-love.com\/es\/wp-json\/wp\/v2\/product"}],"about":[{"href":"https:\/\/gpl-love.com\/es\/wp-json\/wp\/v2\/types\/product"}],"replies":[{"embeddable":true,"href":"https:\/\/gpl-love.com\/es\/wp-json\/wp\/v2\/comments?post=110476"}],"wp:featuredmedia":[{"embeddable":true,"href":"https:\/\/gpl-love.com\/es\/wp-json\/wp\/v2\/media\/167334"}],"wp:attachment":[{"href":"https:\/\/gpl-love.com\/es\/wp-json\/wp\/v2\/media?parent=110476"}],"wp:term":[{"taxonomy":"product_brand","embeddable":true,"href":"https:\/\/gpl-love.com\/es\/wp-json\/wp\/v2\/product_brand?post=110476"},{"taxonomy":"product_cat","embeddable":true,"href":"https:\/\/gpl-love.com\/es\/wp-json\/wp\/v2\/product_cat?post=110476"},{"taxonomy":"product_tag","embeddable":true,"href":"https:\/\/gpl-love.com\/es\/wp-json\/wp\/v2\/product_tag?post=110476"}],"curies":[{"name":"wp","href":"https:\/\/api.w.org\/{rel}","templated":true}]}}