{"id":110474,"date":"2023-06-18T00:00:00","date_gmt":"2023-06-18T05:00:00","guid":{"rendered":"http:\/\/gpl-love.com\/es\/producto\/qxygen-single-property-wordpress-theme\/"},"modified":"2026-04-10T11:22:46","modified_gmt":"2026-04-10T16:22:46","slug":"qxygen-single-property-wordpress-theme","status":"publish","type":"product","link":"https:\/\/gpl-love.com\/es\/producto\/qxygen-single-property-wordpress-theme\/","title":{"rendered":"Qxygen Single Property WordPress Theme 1.0.7"},"content":{"rendered":"<h3>Qxygen Single Property WordPress Theme Caracteristicas<\/h3>\n<p>El tema de WordPress de propiedad \u00fanica Qxygen surge como una opci\u00f3n altamente encomiable para las personas que buscan un tema de primer nivel y refinado para exhibir sus propiedades. Con un enfoque contempor\u00e1neo y subestimado, es ideal para agentes inmobiliarios, corredores y administradores de propiedades que buscan presentar sus propiedades de la manera m\u00e1s favorable posible. El tema abarca un tablero f\u00e1cil de usar que le otorga la flexibilidad para personalizar el atractivo visual y la funcionalidad de su sitio. Adem\u00e1s, incorpora una gran cantidad de herramientas y caracter\u00edsticas valiosas, incluidos los listados de propiedades, una funci\u00f3n de b\u00fasqueda de propiedades y un formulario de contacto, facilitando as\u00ed la facilidad con la que los visitantes pueden descubrir y preguntar sobre sus propiedades. El tema cuenta con plena capacidad de respuesta, asegurando que sobresale en la apariencia en todos los dispositivos, y se ha optimizado para mejorar las clasificaciones de motores de b\u00fasqueda, garantizando que su sitio alcance una posici\u00f3n favorable en los resultados de b\u00fasqueda. En resumen, el tema de WordPress de Propiedad \u00fanica QXYGEN se demuestra como una opci\u00f3n excepcional para aquellos que buscan un sitio web de bienes ra\u00edces profesional y eficiente.<\/p>\n<ul>\n<li>Tema de WordPress dise\u00f1ado profesionalmente espec\u00edficamente para sitios web de propiedades individuales<\/li>\n<li>El dise\u00f1o totalmente receptivo garantiza que su sitio web se vea muy bien en cualquier tama\u00f1o de pantalla o dispositivo<\/li>\n<li>Opciones de personalizaci\u00f3n f\u00e1ciles le permiten personalizar su sitio web para que coincida con su marca<\/li>\n<li>Integraci\u00f3n con complementos populares de WordPress como el Formulario de contacto 7 y WPForms para una f\u00e1cil comunicaci\u00f3n con compradores o inquilinos potenciales<\/li>\n<li>Incluye p\u00e1ginas predise\u00f1adas para mostrar detalles de la propiedad, galer\u00edas de fotos y mapas de ubicaci\u00f3n<\/li>\n<li>Soporte para m\u00faltiples idiomas, lo que lo hace perfecto para mostrar propiedades a una audiencia global<\/li>\n<li>La funcionalidad de b\u00fasqueda incorporada permite a los visitantes encontrar r\u00e1pidamente la propiedad que buscan<\/li>\n<li>Tiempos de carga r\u00e1pida Aseg\u00farese de que su sitio web se cargue r\u00e1pidamente para una experiencia de usuario \u00f3ptima<\/li>\n<li>Documentaci\u00f3n extensa y atenci\u00f3n al cliente proporcionada para ayudarlo a configurar y mantener su sitio web.<\/li>\n<\/ul>\n","protected":false},"excerpt":{"rendered":"<p>El tema de WordPress de propiedad \u00fanica de ox\u00edgeno, con su multitud de caracter\u00edsticas impresionantes y dise\u00f1o elegante, se presenta como la soluci\u00f3n definitiva e incomparable para las personas que buscan mostrar sus propiedades de la manera m\u00e1s profesional y elegante posible. Con una variedad de dise\u00f1os de dise\u00f1o personalizables, capacidades de b\u00fasqueda avanzadas y galer\u00edas de im\u00e1genes cautivadoras visualmente, este tema es, sin duda, la opci\u00f3n perfecta para aquellos dentro de la industria de bienes ra\u00edces, incluidos agentes estimados, administradores de propiedades meticulosos y orgullosos propietarios de viviendas. Su est\u00e9tica moderna y refinada asegura que pueda organizar y exhibir sin esfuerzo cada detalle intrincado relacionados con la propiedad, que abarca aspectos vitales como ubicaci\u00f3n, comodidades, precios y disponibilidad. Independientemente de si su objetivo es comercializar efectivamente una propiedad \u00fanica o listados m\u00faltiples, el tema de WordPress de Oxygen Single WordPress indudablemente se erige como la soluci\u00f3n primordial que exceder\u00e1 sus expectativas.<\/p>\n","protected":false},"featured_media":167307,"comment_status":"open","ping_status":"open","template":"","meta":[],"product_brand":[2337],"product_cat":[1381,1237,1238],"product_tag":[1391],"class_list":{"0":"post-110474","1":"product","2":"type-product","3":"status-publish","4":"has-post-thumbnail","6":"product_brand-themeforest","7":"product_cat-bienes-raices","8":"product_cat-temas","9":"product_cat-wordpress-temas","10":"product_tag-themeforest","11":"member-discount","12":"discount-restricted","14":"first","15":"instock","16":"sale","17":"downloadable","18":"virtual","19":"sold-individually","20":"purchasable","21":"product-type-simple"},"_links":{"self":[{"href":"https:\/\/gpl-love.com\/es\/wp-json\/wp\/v2\/product\/110474","targetHints":{"allow":["GET"]}}],"collection":[{"href":"https:\/\/gpl-love.com\/es\/wp-json\/wp\/v2\/product"}],"about":[{"href":"https:\/\/gpl-love.com\/es\/wp-json\/wp\/v2\/types\/product"}],"replies":[{"embeddable":true,"href":"https:\/\/gpl-love.com\/es\/wp-json\/wp\/v2\/comments?post=110474"}],"wp:featuredmedia":[{"embeddable":true,"href":"https:\/\/gpl-love.com\/es\/wp-json\/wp\/v2\/media\/167307"}],"wp:attachment":[{"href":"https:\/\/gpl-love.com\/es\/wp-json\/wp\/v2\/media?parent=110474"}],"wp:term":[{"taxonomy":"product_brand","embeddable":true,"href":"https:\/\/gpl-love.com\/es\/wp-json\/wp\/v2\/product_brand?post=110474"},{"taxonomy":"product_cat","embeddable":true,"href":"https:\/\/gpl-love.com\/es\/wp-json\/wp\/v2\/product_cat?post=110474"},{"taxonomy":"product_tag","embeddable":true,"href":"https:\/\/gpl-love.com\/es\/wp-json\/wp\/v2\/product_tag?post=110474"}],"curies":[{"name":"wp","href":"https:\/\/api.w.org\/{rel}","templated":true}]}}