{"id":110471,"date":"2026-03-13T00:00:00","date_gmt":"2026-03-13T05:00:00","guid":{"rendered":"http:\/\/gpl-love.com\/es\/producto\/permalink-manager-pro\/"},"modified":"2026-04-10T11:21:26","modified_gmt":"2026-04-10T16:21:26","slug":"permalink-manager-pro","status":"publish","type":"product","link":"https:\/\/gpl-love.com\/es\/producto\/permalink-manager-pro\/","title":{"rendered":"Permalink Manager Pro 2.5.3.2"},"content":{"rendered":"<h3>Permalink Manager Pro Caracteristicas<\/h3>\n<p>Permalink Manager Pro, una herramienta robusta y potente, ofrece a los propietarios de sitios web una forma perfecta de personalizar y administrar efectivamente sus enlaces permanentes. Al utilizar este producto excepcional, los usuarios est\u00e1n facultados para modificar, actualizar y optimizar sin esfuerzo las URL de sus sitios web, mejorando as\u00ed tanto el rendimiento de SEO como la experiencia del usuario. La gama integral de caracter\u00edsticas proporcionadas por Permalink Manager Pro abarca opciones de redirecci\u00f3n avanzadas, URL can\u00f3nicas autom\u00e1ticas, as\u00ed como soporte para tipos de publicaci\u00f3n personalizados y taxonom\u00edas. Adem\u00e1s, esta notable herramienta tambi\u00e9n presenta a los usuarios anal\u00edticos detallados y capacidades de seguimiento, lo que les permite monitorear vigilantemente el tr\u00e1fico del sitio web y evaluar efectivamente el \u00e9xito de sus esfuerzos de SEO. En resumen, el gerente de Permalink Pro innegablemente se destaca como un activo indispensable para cualquier propietario del sitio web exigente que busque aumentar la visibilidad y el rendimiento general de su sitio web.<\/p>\n<ul>\n<li>Personalizaci\u00f3n avanzada de enlace permanente para WordPress<\/li>\n<li>Editar, optimizar y administrar f\u00e1cilmente enlaces permanentes en su sitio<\/li>\n<li>Reescribir URL sin perder tr\u00e1fico o da\u00f1ar el SEO<\/li>\n<li>Importar\/exportar sus enlaces permanentes para una f\u00e1cil migraci\u00f3n o copia de seguridad<\/li>\n<li>Redirige los enlaces rotos y las URL viejas a las nuevas autom\u00e1ticamente<\/li>\n<li>Pasee los clics y obtenga an\u00e1lisis detallados en sus enlaces permanentes<\/li>\n<li>Personalizar enlaces permanentes seg\u00fan el tipo de publicaci\u00f3n, la taxonom\u00eda y otras variables<\/li>\n<li>Compatible con los principales constructores y complementos de la p\u00e1gina de WordPress<\/li>\n<li>Actualizaciones regulares y correcciones de errores para garantizar la compatibilidad y el rendimiento<\/li>\n<li>Equipo de apoyo receptivo para ayudar con cualquier pregunta o problema<\/li>\n<\/ul>\n","protected":false},"excerpt":{"rendered":"<p>Permalink Manager Pro, un complemento de WordPress incre\u00edblemente robusto, cuenta con la notable capacidad de adaptar sin esfuerzo los enlaces permanentes de su sitio web, enriqueciendo as\u00ed su SEO y mejora sustancialmente la experiencia del usuario. En virtud de su amplia gama de funcionalidades avanzadas y alternativas personalizables, esta herramienta prodigiosa le facilita la fabricaci\u00f3n de enlaces permanentes, erradicar caracteres indeseables y ejercer un dominio completo sobre las redirecciones. Con su alcance que lo abarca todo, este instrumento altamente completo orquesta sin problemas la gesti\u00f3n de sus enlaces permanentes, lo que hace que el proceso de optimizaci\u00f3n de las URL de su sitio sea expeditante y sin urgencia. Independientemente de si se identifica como blogger, emprendedor o desarrollador web, el Permalink Manager PRO PERMALINK INDUALIBLE representa una adici\u00f3n indispensable a cualquier sitio de WordPress.<\/p>\n","protected":false},"featured_media":167203,"comment_status":"open","ping_status":"open","template":"","meta":[],"product_brand":[2527],"product_cat":[1212,1206,1211],"product_tag":[1592],"class_list":{"0":"post-110471","1":"product","2":"type-product","3":"status-publish","4":"has-post-thumbnail","6":"product_brand-permalink-manager","7":"product_cat-administracion-wordpress-plugins","8":"product_cat-plugins","9":"product_cat-wordpress-plugins","10":"product_tag-permalink-manager","11":"member-discount","12":"discount-restricted","14":"first","15":"instock","16":"sale","17":"downloadable","18":"virtual","19":"sold-individually","20":"purchasable","21":"product-type-simple"},"_links":{"self":[{"href":"https:\/\/gpl-love.com\/es\/wp-json\/wp\/v2\/product\/110471","targetHints":{"allow":["GET"]}}],"collection":[{"href":"https:\/\/gpl-love.com\/es\/wp-json\/wp\/v2\/product"}],"about":[{"href":"https:\/\/gpl-love.com\/es\/wp-json\/wp\/v2\/types\/product"}],"replies":[{"embeddable":true,"href":"https:\/\/gpl-love.com\/es\/wp-json\/wp\/v2\/comments?post=110471"}],"wp:featuredmedia":[{"embeddable":true,"href":"https:\/\/gpl-love.com\/es\/wp-json\/wp\/v2\/media\/167203"}],"wp:attachment":[{"href":"https:\/\/gpl-love.com\/es\/wp-json\/wp\/v2\/media?parent=110471"}],"wp:term":[{"taxonomy":"product_brand","embeddable":true,"href":"https:\/\/gpl-love.com\/es\/wp-json\/wp\/v2\/product_brand?post=110471"},{"taxonomy":"product_cat","embeddable":true,"href":"https:\/\/gpl-love.com\/es\/wp-json\/wp\/v2\/product_cat?post=110471"},{"taxonomy":"product_tag","embeddable":true,"href":"https:\/\/gpl-love.com\/es\/wp-json\/wp\/v2\/product_tag?post=110471"}],"curies":[{"name":"wp","href":"https:\/\/api.w.org\/{rel}","templated":true}]}}