{"id":110469,"date":"2023-05-19T00:00:00","date_gmt":"2023-05-19T05:00:00","guid":{"rendered":"http:\/\/gpl-love.com\/es\/producto\/nokri-job-board-wordpress-theme\/"},"modified":"2026-04-10T11:19:47","modified_gmt":"2026-04-10T16:19:47","slug":"nokri-job-board-wordpress-theme","status":"publish","type":"product","link":"https:\/\/gpl-love.com\/es\/producto\/nokri-job-board-wordpress-theme\/","title":{"rendered":"Nokri Job Board WordPress Theme 1.5.3"},"content":{"rendered":"<h3>Nokri Job Board WordPress Theme Caracteristicas<\/h3>\n<p>El tema de WordPress de la Junta de Job Nokri, reconocido por su naturaleza rica en energ\u00eda y caracter\u00edsticas, surge como una soluci\u00f3n incre\u00edblemente eficiente adaptada espec\u00edficamente para portales de trabajo, agencias de reclutamiento y sitios web de la junta de trabajo por igual. Este tema trasciende las expectativas al proporcionar una experiencia de usuario perfecta y encantadora a trav\u00e9s de su dise\u00f1o receptivo e interfaz f\u00e1cil de usar, lo que permite a los empleadores publicar sin esfuerzo las vacantes de empleo al tiempo que permite a los solicitantes de empleo explorar f\u00e1cilmente diversas oportunidades profesionales. Adem\u00e1s, el tema de WordPress de la Junta de Job Nokri ofrece una impresionante variedad de caracter\u00edsticas personalizables, lo que le permite personalizar su sitio para alinearse perfectamente con sus preferencias \u00fanicas. En particular, el tablero intuitivo facilita la gesti\u00f3n eficiente de los listados de trabajo, los curr\u00edculums y las aplicaciones, todo con la mayor facilidad. Adem\u00e1s, este tema excepcional cuenta con soporte para m\u00faltiples pasarelas de pago, lo que garantiza la m\u00e1xima conveniencia para los empleadores cuando se trata de realizar pagos por sus estimados listados de trabajo. Sin duda, el tema de WordPress de la Junta de Job Nokri realmente brilla como una soluci\u00f3n confiable y eficiente que sobresale en la creaci\u00f3n y gesti\u00f3n de los portales de trabajo. Adoptar su soporte excepcional y actualizaciones regulares, puede estar seguro de que su empresa de portal de trabajo se mantendr\u00e1 en terrenos firmes.<\/p>\n<ul>\n<li>Tema de WordPress dise\u00f1ado profesionalmente para tableros de trabajo<\/li>\n<li>Totalmente receptivo y compatible con todos los dispositivos<\/li>\n<li>Integraci\u00f3n con los principales motores de b\u00fasqueda de empleo<\/li>\n<li>P\u00e1ginas de inicio personalizables con widgets preconstruidos<\/li>\n<li>Opciones de b\u00fasqueda avanzadas para solicitantes de empleo<\/li>\n<li>Dashboard del empleador para publicaciones y gesti\u00f3n f\u00e1ciles de trabajo<\/li>\n<li>Reanudar constructor para solicitantes de empleo<\/li>\n<li>Opciones de pasarela de pago m\u00faltiples para tarifas de publicaci\u00f3n de trabajo<\/li>\n<li>Soporte para m\u00faltiples idiomas y monedas<\/li>\n<li>Dise\u00f1o amigable para el SEO para aumentar la visibilidad y el tr\u00e1fico<\/li>\n<li>Atenci\u00f3n al cliente dedicada.<\/li>\n<\/ul>\n","protected":false},"excerpt":{"rendered":"<p>El tema de WordPress de la Junta de Job Nokri es una soluci\u00f3n \u00f3ptima e ideal para las personas en busca de oportunidades de empleo y reclutadores en busca de posibles candidatos. Este tema excepcional abarca una gran cantidad de caracter\u00edsticas meticulosamente dise\u00f1adas para optimizar el proceso de b\u00fasqueda de trabajos y publicar aberturas de trabajo. Adem\u00e1s, su dise\u00f1o elegante y profesional exuda un aire de sofisticaci\u00f3n que seguramente cautivar\u00e1 y atraer\u00e1 el talento de primer nivel a su tablero de trabajo. Equipados con funcionalidades s\u00f3lidas de b\u00fasqueda y filtrado, los solicitantes de empleo pueden identificar r\u00e1pidamente y sin esfuerzo el trabajo de sus sue\u00f1os, mientras que los reclutadores pueden administrar sin problemas sus listados de trabajo y explorar para personas calificadas. Adem\u00e1s, el tema de WordPress de la Junta de Job Nokri es muy receptivo y se puede personalizar para adaptar sus requisitos \u00fanicos, asegurando as\u00ed la creaci\u00f3n de una placa de trabajo incomparable que est\u00e9 perfectamente alineada con su visi\u00f3n. Ya sea que su ambici\u00f3n sea establecer una junta de trabajo especializada o una vasta plataforma de empleo global, tenga la seguridad de que Nokri posee todas las herramientas indispensables necesarias para los esfuerzos triunfantes en su esfuerzo.<\/p>\n","protected":false},"featured_media":167057,"comment_status":"open","ping_status":"open","template":"","meta":[],"product_brand":[2337],"product_cat":[1307,1237,1238],"product_tag":[1391],"class_list":{"0":"post-110469","1":"product","2":"type-product","3":"status-publish","4":"has-post-thumbnail","6":"product_brand-themeforest","7":"product_cat-negocio-wordpress-temas","8":"product_cat-temas","9":"product_cat-wordpress-temas","10":"product_tag-themeforest","11":"member-discount","12":"discount-restricted","14":"first","15":"instock","16":"sale","17":"downloadable","18":"virtual","19":"sold-individually","20":"purchasable","21":"product-type-simple"},"_links":{"self":[{"href":"https:\/\/gpl-love.com\/es\/wp-json\/wp\/v2\/product\/110469","targetHints":{"allow":["GET"]}}],"collection":[{"href":"https:\/\/gpl-love.com\/es\/wp-json\/wp\/v2\/product"}],"about":[{"href":"https:\/\/gpl-love.com\/es\/wp-json\/wp\/v2\/types\/product"}],"replies":[{"embeddable":true,"href":"https:\/\/gpl-love.com\/es\/wp-json\/wp\/v2\/comments?post=110469"}],"wp:featuredmedia":[{"embeddable":true,"href":"https:\/\/gpl-love.com\/es\/wp-json\/wp\/v2\/media\/167057"}],"wp:attachment":[{"href":"https:\/\/gpl-love.com\/es\/wp-json\/wp\/v2\/media?parent=110469"}],"wp:term":[{"taxonomy":"product_brand","embeddable":true,"href":"https:\/\/gpl-love.com\/es\/wp-json\/wp\/v2\/product_brand?post=110469"},{"taxonomy":"product_cat","embeddable":true,"href":"https:\/\/gpl-love.com\/es\/wp-json\/wp\/v2\/product_cat?post=110469"},{"taxonomy":"product_tag","embeddable":true,"href":"https:\/\/gpl-love.com\/es\/wp-json\/wp\/v2\/product_tag?post=110469"}],"curies":[{"name":"wp","href":"https:\/\/api.w.org\/{rel}","templated":true}]}}