{"id":110467,"date":"2026-04-18T00:00:00","date_gmt":"2026-04-18T05:00:00","guid":{"rendered":"http:\/\/gpl-love.com\/es\/producto\/ninja-tables-pro-the-fastest-and-most-diverse-wp-datatables-plugin\/"},"modified":"2026-04-18T17:16:04","modified_gmt":"2026-04-18T22:16:04","slug":"ninja-tables-pro-the-fastest-and-most-diverse-wp-datatables-plugin","status":"publish","type":"product","link":"https:\/\/gpl-love.com\/es\/producto\/ninja-tables-pro-the-fastest-and-most-diverse-wp-datatables-plugin\/","title":{"rendered":"Ninja Tables Pro 5.2.8"},"content":{"rendered":"<h3>Ninja Tables Pro Caracteristicas<\/h3>\n<p>Ninja Tables Pro, un complemento incre\u00edblemente robusto, ofrece a los usuarios un medio sin costuras y sin problemas para generar y supervisar tablas en su sitio web de WordPress. Repleto de una amplia gama de alternativas de personalizaci\u00f3n, Ninja Tables Pro permite a los usuarios a las tablas de moda que no solo son visualmente cautivadoras sino que tambi\u00e9n est\u00e1n completamente operativas. El complemento cuenta con un constructor de mesa de arrastrar y soltar f\u00e1cilmente de uso de usuarios, lo que hace que la adici\u00f3n y eliminaci\u00f3n de columnas, filas y celdas sea muy f\u00e1cil. Adem\u00e1s, incorpora una gran cantidad de caracter\u00edsticas impresionantes como clasificaci\u00f3n, filtrado y paginaci\u00f3n. Lo que distingue a Ninja Tables Pro es su capacidad para importar y exportar datos sin esfuerzo en m\u00faltiples formatos, as\u00ed como integrar sin problemas en las estimadas herramientas de terceros como Google Sheets y WooCommerce. Independientemente de si est\u00e1 construyendo gr\u00e1ficos de comparaci\u00f3n de productos, tablas de precios o cualquier otra variante de la tabla, Ninja Tables Pro es el ep\u00edtome de una soluci\u00f3n eficiente y simplificada, facilitando la finalizaci\u00f3n r\u00e1pida y competente de su tarea en cuesti\u00f3n.<\/p>\n<ul>\n<li>Crear tablas din\u00e1micas con facilidad<\/li>\n<li>Personalizar los estilos de mesa para que se ajusten a su sitio web<\/li>\n<li>Importar datos de fuentes externas<\/li>\n<li>Organizar y filtrar datos<\/li>\n<li>Agregar funcionalidad de clasificaci\u00f3n a sus tablas<\/li>\n<li>Integrarse con complementos y temas populares<\/li>\n<li>Dise\u00f1o receptivo para la compatibilidad m\u00f3vil<\/li>\n<li>Acceso a caracter\u00edsticas avanzadas como formateo condicional y columnas calculadas<\/li>\n<li>Tablas de exportaci\u00f3n a varios formatos, incluidos CSV y PDF<\/li>\n<li>Ideal para mostrar caracter\u00edsticas del producto, listas de precios y m\u00e1s<\/li>\n<\/ul>\n","protected":false},"excerpt":{"rendered":"<p>Ninja Tables Pro, un complemento de tabla de WordPress indispensable, es muy recomendable para personas en los campos de dise\u00f1o, marketing y creaci\u00f3n de contenido. Su interfaz intuitiva de arrastrar y soltar permite a los usuarios construir tablas cautivadoras y adaptables, incluso en ausencia de experiencia en codificaci\u00f3n. Este poderoso complemento cuenta con una gran cantidad de plantillas personalizables y opciones de estilo, al tiempo que ofrece funcionalidades avanzadas como paginaci\u00f3n, clasificaci\u00f3n y filtrado, mejorando as\u00ed el dinamismo y la eficiencia de sus tablas. Adem\u00e1s, Ninja Tables Pro ha sido meticulosamente optimizado para SEO, garantizando tiempos de carga r\u00e1pidos y garantizando que su valioso contenido sea f\u00e1cilmente accesible y descubierta por su p\u00fablico objetivo.<\/p>\n","protected":false},"featured_media":167051,"comment_status":"open","ping_status":"open","template":"","meta":[],"product_brand":[2510],"product_cat":[1214,1206,1211],"product_tag":[1589],"class_list":{"0":"post-110467","1":"product","2":"type-product","3":"status-publish","4":"has-post-thumbnail","6":"product_brand-manage-ninja","7":"product_cat-personalizacion","8":"product_cat-plugins","9":"product_cat-wordpress-plugins","10":"product_tag-manage-ninja","11":"member-discount","12":"discount-restricted","14":"first","15":"instock","16":"sale","17":"downloadable","18":"virtual","19":"sold-individually","20":"purchasable","21":"product-type-simple"},"_links":{"self":[{"href":"https:\/\/gpl-love.com\/es\/wp-json\/wp\/v2\/product\/110467","targetHints":{"allow":["GET"]}}],"collection":[{"href":"https:\/\/gpl-love.com\/es\/wp-json\/wp\/v2\/product"}],"about":[{"href":"https:\/\/gpl-love.com\/es\/wp-json\/wp\/v2\/types\/product"}],"replies":[{"embeddable":true,"href":"https:\/\/gpl-love.com\/es\/wp-json\/wp\/v2\/comments?post=110467"}],"wp:featuredmedia":[{"embeddable":true,"href":"https:\/\/gpl-love.com\/es\/wp-json\/wp\/v2\/media\/167051"}],"wp:attachment":[{"href":"https:\/\/gpl-love.com\/es\/wp-json\/wp\/v2\/media?parent=110467"}],"wp:term":[{"taxonomy":"product_brand","embeddable":true,"href":"https:\/\/gpl-love.com\/es\/wp-json\/wp\/v2\/product_brand?post=110467"},{"taxonomy":"product_cat","embeddable":true,"href":"https:\/\/gpl-love.com\/es\/wp-json\/wp\/v2\/product_cat?post=110467"},{"taxonomy":"product_tag","embeddable":true,"href":"https:\/\/gpl-love.com\/es\/wp-json\/wp\/v2\/product_tag?post=110467"}],"curies":[{"name":"wp","href":"https:\/\/api.w.org\/{rel}","templated":true}]}}