{"id":110465,"date":"2026-03-25T00:00:00","date_gmt":"2026-03-25T05:00:00","guid":{"rendered":"http:\/\/gpl-love.com\/es\/producto\/maxcoach-online-courses-education-wp-theme\/"},"modified":"2026-03-25T17:15:58","modified_gmt":"2026-03-25T22:15:58","slug":"maxcoach-online-courses-education-wp-theme","status":"publish","type":"product","link":"https:\/\/gpl-love.com\/es\/producto\/maxcoach-online-courses-education-wp-theme\/","title":{"rendered":"MaxCoach Online Courses y Education WP Theme 3.3.2"},"content":{"rendered":"<h3>MaxCoach Online Courses y Education WP Theme Caracteristicas<\/h3>\n<p>El tema de WP de WP de MaxCoach Online y Education WP es un tema de WordPress incre\u00edblemente vers\u00e1til y flexible desarrollado espec\u00edficamente con el fin de facilitar plataformas de aprendizaje en l\u00ednea, empresas educativas y otros sitios web relacionados. Este tema cuenta con una amplia gama de opciones de personalizaci\u00f3n que le brindan la oportunidad de elaborar un sitio web verdaderamente distintivo y profesional, lo que le permite mostrar de manera efectiva sus cursos y servicios al mundo. Adem\u00e1s, el tema incluye una multitud de plantillas y dise\u00f1os predise\u00f1ados, una de las cuales es una p\u00e1gina de inicio que muestra un control deslizante cautivador, botones de llamada a acci\u00f3n estrat\u00e9gicamente colocados y secciones personalizables designadas para testimonios, caracter\u00edsticas y precios. Con el tema MaxCoach a su disposici\u00f3n, la creaci\u00f3n y administraci\u00f3n sin esfuerzo de cursos en l\u00ednea, proporcionando materiales integrales del curso, monitoreando eficientemente el progreso de los estudiantes y comunicarse de manera efectiva con sus alumnos se puede lograr dentro de los l\u00edmites de una interfaz intuitivamente dise\u00f1ada y f\u00e1cil de usar. Cuando todo est\u00e1 dicho y hecho, est\u00e1 muy claro que este tema es una opci\u00f3n verdaderamente excepcional para cualquier negocio educativo que busca establecer una presencia prominente en l\u00ednea y ofrecer experiencias de aprendizaje electr\u00f3nico incomparables a sus estimados estudiantes.<\/p>\n<ul>\n<li>MaxCoach es un poderoso tema de WordPress dise\u00f1ado para la educaci\u00f3n en l\u00ednea y la creaci\u00f3n de cursos.<\/li>\n<li>Cuenta con una interfaz f\u00e1cil de usar que facilita la creaci\u00f3n y administraci\u00f3n de cursos, lecciones y cuestionarios.<\/li>\n<li>MaxCoach incluye una gama de caracter\u00edsticas incorporadas que le permite crear experiencias de aprendizaje en l\u00ednea interactivas y atractivas.<\/li>\n<li>Puede personalizar el aspecto de sus cursos con una variedad de esquemas de color, dise\u00f1os y opciones de tipograf\u00eda.<\/li>\n<li>MaxCoach viene con p\u00e1ginas y m\u00f3dulos preconstruidos para caracter\u00edsticas comunes como cat\u00e1logos de cursos, descripciones de cursos y perfiles de instructor.<\/li>\n<li>El tema es totalmente receptivo y optimizado para dispositivos m\u00f3viles, por lo que sus cursos se ver\u00e1n muy bien en cualquier pantalla.<\/li>\n<li>MaxCoach se integra con herramientas populares de aprendizaje electr\u00f3nico como LearnPress y WooCommerce, para que pueda monetizar f\u00e1cilmente sus cursos y rastrear el progreso de los estudiantes.<\/li>\n<li>El tema est\u00e1 dise\u00f1ado con SEO en mente, por lo que puede asegurarse de que sus cursos se encuentren bien en los motores de b\u00fasqueda y atraigan a m\u00e1s estudiantes.<\/li>\n<li>MaxCoach viene con documentaci\u00f3n integral y soporte dedicado, para que pueda ponerse en funcionamiento de manera r\u00e1pida y f\u00e1cil.<\/li>\n<\/ul>\n","protected":false},"excerpt":{"rendered":"<p>Los cursos y educaci\u00f3n en l\u00ednea de MaxCoach y el tema WP es una herramienta notablemente funcional e intuitiva que sirve como un activo valioso para la creaci\u00f3n de sitios web profesionales y cautivadores orientados a la educaci\u00f3n en l\u00ednea y las empresas de provisiones de cursos. Este notable tema cuenta con un dise\u00f1o altamente receptivo y personalizable, completo con una gran cantidad de demostraciones predise\u00f1adas, plantillas preparadas y complementos potentes, todos los cuales contribuyen a la creaci\u00f3n perfecta de dise\u00f1os y dise\u00f1os personalizados. Al incorporar caracter\u00edsticas sofisticadas como registro de cursos en l\u00ednea, pasarelas de pago, sistemas de gesti\u00f3n de aprendizaje y contenido de cursos interactivos, MaxCoach simplifica enormemente el proceso de iniciar un negocio de cursos en l\u00ednea o mejorar uno existente. Adem\u00e1s, este tema tiene la capacidad de captar la atenci\u00f3n de los estudiantes potenciales y promover la accesibilidad a la educaci\u00f3n en virtud de sus capacidades extraordinarias.<\/p>\n","protected":false},"featured_media":166708,"comment_status":"open","ping_status":"open","template":"","meta":[],"product_brand":[2337],"product_cat":[1307,1237,1238],"product_tag":[1391],"class_list":{"0":"post-110465","1":"product","2":"type-product","3":"status-publish","4":"has-post-thumbnail","6":"product_brand-themeforest","7":"product_cat-negocio-wordpress-temas","8":"product_cat-temas","9":"product_cat-wordpress-temas","10":"product_tag-themeforest","11":"member-discount","12":"discount-restricted","14":"first","15":"instock","16":"sale","17":"downloadable","18":"virtual","19":"sold-individually","20":"purchasable","21":"product-type-simple"},"_links":{"self":[{"href":"https:\/\/gpl-love.com\/es\/wp-json\/wp\/v2\/product\/110465","targetHints":{"allow":["GET"]}}],"collection":[{"href":"https:\/\/gpl-love.com\/es\/wp-json\/wp\/v2\/product"}],"about":[{"href":"https:\/\/gpl-love.com\/es\/wp-json\/wp\/v2\/types\/product"}],"replies":[{"embeddable":true,"href":"https:\/\/gpl-love.com\/es\/wp-json\/wp\/v2\/comments?post=110465"}],"wp:featuredmedia":[{"embeddable":true,"href":"https:\/\/gpl-love.com\/es\/wp-json\/wp\/v2\/media\/166708"}],"wp:attachment":[{"href":"https:\/\/gpl-love.com\/es\/wp-json\/wp\/v2\/media?parent=110465"}],"wp:term":[{"taxonomy":"product_brand","embeddable":true,"href":"https:\/\/gpl-love.com\/es\/wp-json\/wp\/v2\/product_brand?post=110465"},{"taxonomy":"product_cat","embeddable":true,"href":"https:\/\/gpl-love.com\/es\/wp-json\/wp\/v2\/product_cat?post=110465"},{"taxonomy":"product_tag","embeddable":true,"href":"https:\/\/gpl-love.com\/es\/wp-json\/wp\/v2\/product_tag?post=110465"}],"curies":[{"name":"wp","href":"https:\/\/api.w.org\/{rel}","templated":true}]}}