{"id":110463,"date":"2021-02-09T00:00:00","date_gmt":"2021-02-09T05:00:00","guid":{"rendered":"http:\/\/gpl-love.com\/es\/producto\/maganizer-modern-magazine-wordpress-theme\/"},"modified":"2026-03-13T17:23:55","modified_gmt":"2026-03-13T22:23:55","slug":"maganizer-modern-magazine-wordpress-theme","status":"publish","type":"product","link":"https:\/\/gpl-love.com\/es\/producto\/maganizer-modern-magazine-wordpress-theme\/","title":{"rendered":"Maganizer Modern Magazine WordPress Theme 1.1.7"},"content":{"rendered":"<h3>Maganizer Modern Magazine WordPress Theme Caracteristicas<\/h3>\n<p>El tema de WordPress de la revista Maganizer Modern se presenta como la soluci\u00f3n definitiva para las personas que se aventuran en el Reino de Blogging o Magazine en l\u00ednea, ya que ofrece una est\u00e9tica elegante y profesional para su sitio web. Empaquetado con una amplia gama de caracter\u00edsticas, este tema facilita la personalizaci\u00f3n f\u00e1cil de su sitio web, con m\u00faltiples dise\u00f1os de p\u00e1gina de inicio, widgets personalizados y un constructor de p\u00e1ginas de arrastrar y soltar f\u00e1cilmente con usuarios. Adem\u00e1s, la capacidad de respuesta completa del tema garantiza un atractivo visual \u00f3ptimo en todos los dispositivos. Adem\u00e1s, Maganizer est\u00e1 equipado con opciones de intercambio social incorporadas, lo que permite el intercambio de contenidos sin esfuerzo en varias plataformas de redes sociales. Independientemente de su nivel de experiencia en el mundo de los blogs, ya sea un veterano experimentado o un principiante entusiasta, Maganizer se erige como la mejor herramienta para impulsar su revista en l\u00ednea hacia el \u00e9xito.<\/p>\n<ul>\n<li>Maganizer es un tema moderno y elegante de WordPress dise\u00f1ado para sitios web de revistas.<\/li>\n<li>El tema presenta un dise\u00f1o limpio y elegante que permite que su contenido brille.<\/li>\n<li>Con varios dise\u00f1os de publicaci\u00f3n y p\u00e1gina, Maganizer le brinda la libertad de crear contenido \u00fanico y cautivador.<\/li>\n<li>El tema es totalmente receptivo, asegurando que sus lectores puedan acceder a su contenido en cualquier dispositivo.<\/li>\n<li>Maganizer est\u00e1 construido con la optimizaci\u00f3n de SEO en mente, lo que ayuda a su contenido a clasificar m\u00e1s alto en los resultados de b\u00fasqueda.<\/li>\n<li>El tema incluye varios widgets personalizados, lo que facilita agregar elementos interactivos a su sitio, como perfiles de redes sociales y formularios de suscripci\u00f3n.<\/li>\n<li>Maganizer est\u00e1 listo para la traducci\u00f3n, lo que le permite llegar a una audiencia global.<\/li>\n<li>El tema es totalmente compatible con complementos populares, incluidos WooCommerce y Formulario de contacto &#8211;<\/li>\n<li>Maganizer viene con documentaci\u00f3n detallada y soporte dedicado, lo que facilita la configuraci\u00f3n y personalizaci\u00f3n.<\/li>\n<\/ul>\n","protected":false},"excerpt":{"rendered":"<p>Nos complace presentarle el notable revista Maganizer Modern WordPress, que sirve como una opci\u00f3n ideal para bloggers y editores de revistas que buscan un dise\u00f1o de sitio web sofisticado y pulido. Ofreciendo un dise\u00f1o pr\u00edstino y adaptable, este tema le permite exhibir su contenido convincente de una manera visualmente cautivadora. Adem\u00e1s, ofrece una gran cantidad de dise\u00f1os predise\u00f1ados, diversas selecciones de fuentes y una amplia gama de opciones de color, lo que le permite crear un sitio web distintivo y de marca. Adem\u00e1s, debido a su dise\u00f1o receptivo, su sitio web exudar\u00e1 excelencia y atractivo en varios dispositivos. \u00a1Eleve su presencia en l\u00ednea hoy adoptando el cautivador tema de WordPress de WordPress de la revista Maganizer Modern!<\/p>\n","protected":false},"featured_media":166645,"comment_status":"open","ping_status":"open","template":"","meta":[],"product_brand":[2337],"product_cat":[1245,1237,1238],"product_tag":[1391],"class_list":{"0":"post-110463","1":"product","2":"type-product","3":"status-publish","4":"has-post-thumbnail","6":"product_brand-themeforest","7":"product_cat-blog-revista","8":"product_cat-temas","9":"product_cat-wordpress-temas","10":"product_tag-themeforest","11":"member-discount","12":"discount-restricted","14":"first","15":"instock","16":"sale","17":"downloadable","18":"virtual","19":"sold-individually","20":"purchasable","21":"product-type-simple"},"_links":{"self":[{"href":"https:\/\/gpl-love.com\/es\/wp-json\/wp\/v2\/product\/110463","targetHints":{"allow":["GET"]}}],"collection":[{"href":"https:\/\/gpl-love.com\/es\/wp-json\/wp\/v2\/product"}],"about":[{"href":"https:\/\/gpl-love.com\/es\/wp-json\/wp\/v2\/types\/product"}],"replies":[{"embeddable":true,"href":"https:\/\/gpl-love.com\/es\/wp-json\/wp\/v2\/comments?post=110463"}],"wp:featuredmedia":[{"embeddable":true,"href":"https:\/\/gpl-love.com\/es\/wp-json\/wp\/v2\/media\/166645"}],"wp:attachment":[{"href":"https:\/\/gpl-love.com\/es\/wp-json\/wp\/v2\/media?parent=110463"}],"wp:term":[{"taxonomy":"product_brand","embeddable":true,"href":"https:\/\/gpl-love.com\/es\/wp-json\/wp\/v2\/product_brand?post=110463"},{"taxonomy":"product_cat","embeddable":true,"href":"https:\/\/gpl-love.com\/es\/wp-json\/wp\/v2\/product_cat?post=110463"},{"taxonomy":"product_tag","embeddable":true,"href":"https:\/\/gpl-love.com\/es\/wp-json\/wp\/v2\/product_tag?post=110463"}],"curies":[{"name":"wp","href":"https:\/\/api.w.org\/{rel}","templated":true}]}}