{"id":110461,"date":"2024-02-12T00:00:00","date_gmt":"2024-02-12T05:00:00","guid":{"rendered":"http:\/\/gpl-love.com\/es\/producto\/listdo-directory-listing-wordpress-theme\/"},"modified":"2026-03-13T17:23:40","modified_gmt":"2026-03-13T22:23:40","slug":"listdo-directory-listing-wordpress-theme","status":"publish","type":"product","link":"https:\/\/gpl-love.com\/es\/producto\/listdo-directory-listing-wordpress-theme\/","title":{"rendered":"Listdo Directory Listing WordPress Theme 1.0.27"},"content":{"rendered":"<h3>Listdo Directory Listing WordPress Theme Caracteristicas<\/h3>\n<p>Listdo Directory Listado WordPress El tema ofrece una soluci\u00f3n \u00f3ptima para las personas que buscan establecer un sitio web integral de directorio. Este tema cuenta con funcionalidad y caracter\u00edsticas avanzadas que simplifican el proceso de creaci\u00f3n y gesti\u00f3n de listados, revisiones y calificaciones. Adem\u00e1s, su dise\u00f1o elegante y discreto permite a los usuarios centrar su atenci\u00f3n en el contenido en s\u00ed, mientras que la interfaz f\u00e1cil de usar garantiza la navegaci\u00f3n sin esfuerzo. Adem\u00e1s, este tema es totalmente receptivo y personalizable, lo que brinda a los usuarios la oportunidad de dise\u00f1ar un sitio web de directorio \u00fanico y personalizado. Con el directorio Listdo que enumera el tema de WordPress a su disposici\u00f3n, los usuarios pueden construir un sitio web de directorio que sea intuitivo y f\u00e1cil de usar, que atiende a una variedad de fines, como directorios comerciales, juntas de trabajo o listados de bienes ra\u00edces.<\/p>\n<ul>\n<li>Un tema de WordPress moderno visualmente impresionante y moderno dise\u00f1ado para listados de directorio<\/li>\n<li>Totalmente personalizable con un poderoso panel de opciones de tema<\/li>\n<li>Funcionalidad de b\u00fasqueda incorporada para facilitar que los visitantes encuentren exactamente lo que est\u00e1n buscando<\/li>\n<li>Integraci\u00f3n con Google Maps para mostrar ubicaciones e instrucciones<\/li>\n<li>M\u00faltiples formas de mostrar listados, incluida la vista de la lista, la vista de la red y la vista de mapa<\/li>\n<li>Un sistema de revisi\u00f3n y calificaci\u00f3n incorporado para que los usuarios califiquen y revisen las empresas.<\/li>\n<li>SEO optimizado para mejorar la clasificaci\u00f3n del motor de b\u00fasqueda<\/li>\n<li>Dise\u00f1o de respuesta m\u00f3vil para garantizar una visualizaci\u00f3n \u00f3ptima en todos los dispositivos<\/li>\n<li>Integraci\u00f3n con complementos populares como WooCommerce y el Formulario de contacto 7<\/li>\n<li>Construido con c\u00f3digo limpio y organizado para tiempos de carga r\u00e1pidas y un rendimiento \u00f3ptimo.<\/li>\n<\/ul>\n","protected":false},"excerpt":{"rendered":"<p>El tema de WordPress del directorio Listdo es una soluci\u00f3n extremadamente completa que satisface las necesidades de las personas que buscan elaborar un sitio web de directorio robusto y cautivador. A trav\u00e9s de sus caracter\u00edsticas f\u00e1ciles de usar y su dise\u00f1o intuitivo, este tema garantiza que el proceso de crear y supervisar los listados para varias entidades, incluidas las empresas y los eventos, se convierta en un esfuerzo sin problemas. Compuesto con los \u00faltimos avances en tecnolog\u00edas web, Listdo muestra una est\u00e9tica visualmente llamativa y una funcionalidad incomparable, lo que permite que su sitio web eclipse sin esfuerzo a sus competidores. Independientemente de si posee una experiencia profunda en el desarrollo web o se est\u00e1 embarcando en este viaje como novato, el tema Listdo surge inequ\u00edvocamente como la elecci\u00f3n por excelencia para construir un sitio web de directorio sofisticado y profesional.<\/p>\n","protected":false},"featured_media":166620,"comment_status":"open","ping_status":"open","template":"","meta":[],"product_brand":[2337],"product_cat":[1307,1237,1238],"product_tag":[1391],"class_list":{"0":"post-110461","1":"product","2":"type-product","3":"status-publish","4":"has-post-thumbnail","6":"product_brand-themeforest","7":"product_cat-negocio-wordpress-temas","8":"product_cat-temas","9":"product_cat-wordpress-temas","10":"product_tag-themeforest","11":"member-discount","12":"discount-restricted","14":"first","15":"instock","16":"sale","17":"downloadable","18":"virtual","19":"sold-individually","20":"purchasable","21":"product-type-simple"},"_links":{"self":[{"href":"https:\/\/gpl-love.com\/es\/wp-json\/wp\/v2\/product\/110461","targetHints":{"allow":["GET"]}}],"collection":[{"href":"https:\/\/gpl-love.com\/es\/wp-json\/wp\/v2\/product"}],"about":[{"href":"https:\/\/gpl-love.com\/es\/wp-json\/wp\/v2\/types\/product"}],"replies":[{"embeddable":true,"href":"https:\/\/gpl-love.com\/es\/wp-json\/wp\/v2\/comments?post=110461"}],"wp:featuredmedia":[{"embeddable":true,"href":"https:\/\/gpl-love.com\/es\/wp-json\/wp\/v2\/media\/166620"}],"wp:attachment":[{"href":"https:\/\/gpl-love.com\/es\/wp-json\/wp\/v2\/media?parent=110461"}],"wp:term":[{"taxonomy":"product_brand","embeddable":true,"href":"https:\/\/gpl-love.com\/es\/wp-json\/wp\/v2\/product_brand?post=110461"},{"taxonomy":"product_cat","embeddable":true,"href":"https:\/\/gpl-love.com\/es\/wp-json\/wp\/v2\/product_cat?post=110461"},{"taxonomy":"product_tag","embeddable":true,"href":"https:\/\/gpl-love.com\/es\/wp-json\/wp\/v2\/product_tag?post=110461"}],"curies":[{"name":"wp","href":"https:\/\/api.w.org\/{rel}","templated":true}]}}