{"id":110459,"date":"2025-12-12T00:00:00","date_gmt":"2025-12-12T05:00:00","guid":{"rendered":"http:\/\/gpl-love.com\/es\/producto\/gravity-forms-stripe-addon\/"},"modified":"2026-03-09T07:40:18","modified_gmt":"2026-03-09T12:40:18","slug":"gravity-forms-stripe-addon","status":"publish","type":"product","link":"https:\/\/gpl-love.com\/es\/producto\/gravity-forms-stripe-addon\/","title":{"rendered":"Gravity Forms Stripe Addon 6.0.2"},"content":{"rendered":"<h3>Gravity Forms Stripe Addon Caracteristicas<\/h3>\n<p>La gravedad forma Stripe Addon, una herramienta excepcional por derecho propio, ofrece a los usuarios la oportunidad perfecta de incorporar sin problemas la plataforma de procesamiento de pago muy buscada, Stripe, en sus formularios en l\u00ednea. Este complemento avanzado no solo ofrece una metodolog\u00eda directa y fortificada para que las empresas compilen con precisi\u00f3n pagos, donaciones y transacciones fiscales de manera directa a trav\u00e9s de sus formularios, sino que tambi\u00e9n ofrece a los usuarios la capacidad incomparable para personalizar sus formularios y preferencias de pago para efectivamente alinearse con sus requisitos precisos. En consecuencia, con la funcionalidad incomparable otorgada a las empresas por el complemento de rayas de Gravity Forms, no solo pueden aumentar sus fuentes de ingresos, sino que tambi\u00e9n pueden optimizar sus procedimientos de pago, todo sin ning\u00fan estr\u00e9s o inconveniente indebido.<\/p>\n<ul>\n<li>Integra el sistema de pago de rayas sin problemas con los formularios de gravedad de WordPress<\/li>\n<li>Hace que los pagos en l\u00ednea sean f\u00e1ciles y seguros para los clientes<\/li>\n<li>Admite m\u00faltiples tipos de pago, incluidas tarjetas de cr\u00e9dito y Apple Pay<\/li>\n<li>Los usuarios pueden configurar pagos y suscripciones recurrentes<\/li>\n<li>Ofrece formularios de pago adaptativos para dispositivos m\u00f3viles<\/li>\n<li>Proporciona una interfaz intuitiva de arrastrar y soltar para una f\u00e1cil personalizaci\u00f3n de los formularios de pago<\/li>\n<li>Ofrece medidas de prevenci\u00f3n de seguridad y fraude robustas<\/li>\n<li>Documentaci\u00f3n y apoyo integrales disponibles<\/li>\n<li>Actualizaciones y mejoras regulares para garantizar la compatibilidad y el rendimiento<\/li>\n<li>Opciones de precios asequibles para satisfacer varias necesidades comerciales<\/li>\n<\/ul>\n","protected":false},"excerpt":{"rendered":"<p>La gravedad Forms Stripe Addon sirve como una herramienta de integraci\u00f3n altamente eficiente que vincula impecablemente su complemento de formularios de gravedad a su pasarela de pago de rayas, lo que le permite reunir y manejar sin esfuerzo los pagos de sus estimados visitantes o clientes. Este ingenioso complemento optimiza el procedimiento intrincado para aceptar pagos en l\u00ednea al proporcionar una experiencia de pago f\u00e1cil e infalible de un usuario, repleta con la capacidad de adoptar todas las tarjetas y monedas de cr\u00e9dito prominentes. Gracias a las notables capacidades otorgadas por el complemento Stripe Forms Forms, puede supervisar y monitorear sin esfuerzo cada transacci\u00f3n, venta e ingresos generados, todos convenientemente accesibles desde los confines de su tablero de WordPress.<\/p>\n","protected":false},"featured_media":166331,"comment_status":"open","ping_status":"open","template":"","meta":[],"product_brand":[2469],"product_cat":[1278,1206,1211],"product_tag":[1300],"class_list":{"0":"post-110459","1":"product","2":"type-product","3":"status-publish","4":"has-post-thumbnail","6":"product_brand-gravityforms","7":"product_cat-pago","8":"product_cat-plugins","9":"product_cat-wordpress-plugins","10":"product_tag-gravityforms","11":"member-discount","12":"discount-restricted","14":"first","15":"instock","16":"sale","17":"downloadable","18":"virtual","19":"sold-individually","20":"purchasable","21":"product-type-simple"},"_links":{"self":[{"href":"https:\/\/gpl-love.com\/es\/wp-json\/wp\/v2\/product\/110459","targetHints":{"allow":["GET"]}}],"collection":[{"href":"https:\/\/gpl-love.com\/es\/wp-json\/wp\/v2\/product"}],"about":[{"href":"https:\/\/gpl-love.com\/es\/wp-json\/wp\/v2\/types\/product"}],"replies":[{"embeddable":true,"href":"https:\/\/gpl-love.com\/es\/wp-json\/wp\/v2\/comments?post=110459"}],"wp:featuredmedia":[{"embeddable":true,"href":"https:\/\/gpl-love.com\/es\/wp-json\/wp\/v2\/media\/166331"}],"wp:attachment":[{"href":"https:\/\/gpl-love.com\/es\/wp-json\/wp\/v2\/media?parent=110459"}],"wp:term":[{"taxonomy":"product_brand","embeddable":true,"href":"https:\/\/gpl-love.com\/es\/wp-json\/wp\/v2\/product_brand?post=110459"},{"taxonomy":"product_cat","embeddable":true,"href":"https:\/\/gpl-love.com\/es\/wp-json\/wp\/v2\/product_cat?post=110459"},{"taxonomy":"product_tag","embeddable":true,"href":"https:\/\/gpl-love.com\/es\/wp-json\/wp\/v2\/product_tag?post=110459"}],"curies":[{"name":"wp","href":"https:\/\/api.w.org\/{rel}","templated":true}]}}