{"id":110457,"date":"2026-04-18T00:00:00","date_gmt":"2026-04-18T05:00:00","guid":{"rendered":"http:\/\/gpl-love.com\/es\/producto\/gravity-forms-coupons-addon\/"},"modified":"2026-04-18T17:15:44","modified_gmt":"2026-04-18T22:15:44","slug":"gravity-forms-coupons-addon","status":"publish","type":"product","link":"https:\/\/gpl-love.com\/es\/producto\/gravity-forms-coupons-addon\/","title":{"rendered":"Gravity Forms Coupons Addon 3.5.0.1"},"content":{"rendered":"<h3>Gravity Forms Coupons Addon Caracteristicas<\/h3>\n<p>La gravedad forma cupones Addon, una herramienta incre\u00edblemente potente, le facilita la moda y supervisa los cupones en su sitio web que funciona con formularios de gravedad. Al aprovechar este complemento, puede extender f\u00e1cilmente descuentos y promociones a su estimada clientela, estimulando as\u00ed las ventas y fomentando la lealtad inquebrantable del cliente. Repleto de una mir\u00edada de funcionalidades, este complemento lo equipa con la capacidad de establecer fechas de vencimiento, regular la utilizaci\u00f3n de cupones y monitorear meticulosamente el uso de cupones. Adem\u00e1s, posee la libertad de personalizar la apariencia de sus cupones de una manera que se alinea impecablemente con la esencia de su marca al tiempo que los incorpora sin problemas con otros complementos de gravedad para forjar formas que exudan una potencia inmensa y cautivan la atenci\u00f3n de su audiencia. Ya sea que est\u00e9 operando un Emporio de comercio electr\u00f3nico, una plataforma basada en membres\u00eda o ejecutando una campa\u00f1a para generar clientes potenciales, el complemento de cupones de gravedad de los formularios es realmente un recurso indispensable para cualquier sitio web m\u00e1s exigente que anule para mejorar sus cifras de ventas y aumentar sus tasas de conversi\u00f3n. .<\/p>\n<ul>\n<li>Crear y administrar f\u00e1cilmente cupones para env\u00edos de formularios de gravedad<\/li>\n<li>Aplicar descuentos para formular env\u00edos basados \u200b\u200ben el uso de cupones<\/li>\n<li>Personalizar c\u00f3digos de cup\u00f3n y fechas de vencimiento<\/li>\n<li>Limite el uso de cup\u00f3n a formularios o campos de formulario<\/li>\n<li>Rastrear estad\u00edsticas de uso de cupones para informar estrategias de marketing<\/li>\n<li>Aumentar las ventas y la lealtad del cliente ofreciendo descuentos y promociones<\/li>\n<li>Integraci\u00f3n perfecta con formularios de gravedad para una experiencia f\u00e1cil de usar.<\/li>\n<\/ul>\n","protected":false},"excerpt":{"rendered":"<p>El complemento de los cupones de Gravity Forms se presenta como una soluci\u00f3n impecable dise\u00f1ada espec\u00edficamente para personas que buscan ejecutar promociones y descuentos en sus formularios. Su capacidad inigualable permite a los usuarios incorporar sin esfuerzo c\u00f3digos de cup\u00f3n en sus formularios de gravedad, lo que facilita a los clientes para canjearlos durante el proceso de pago. Al aprovechar el complemento de cupones, las empresas pueden ejecutar sin esfuerzo campa\u00f1as de marketing altamente espec\u00edficas, fomentando as\u00ed un aumento exponencial en las ventas y solidificar la lealtad del cliente. Adem\u00e1s, la integraci\u00f3n perfecta de este complemento asimila a la perfecci\u00f3n en cualquier sitio web o tienda en l\u00ednea, lo que lo convierte en una herramienta indispensable para propietarios y vendedores de peque\u00f1as empresas que buscan elevar sus campa\u00f1as a alturas sin precedentes.<\/p>\n","protected":false},"featured_media":166302,"comment_status":"open","ping_status":"open","template":"","meta":[],"product_brand":[2469],"product_cat":[1232,1206,1211],"product_tag":[1300],"class_list":{"0":"post-110457","1":"product","2":"type-product","3":"status-publish","4":"has-post-thumbnail","6":"product_brand-gravityforms","7":"product_cat-marketing-wordpress-plugins","8":"product_cat-plugins","9":"product_cat-wordpress-plugins","10":"product_tag-gravityforms","11":"member-discount","12":"discount-restricted","14":"first","15":"instock","16":"sale","17":"downloadable","18":"virtual","19":"sold-individually","20":"purchasable","21":"product-type-simple"},"_links":{"self":[{"href":"https:\/\/gpl-love.com\/es\/wp-json\/wp\/v2\/product\/110457","targetHints":{"allow":["GET"]}}],"collection":[{"href":"https:\/\/gpl-love.com\/es\/wp-json\/wp\/v2\/product"}],"about":[{"href":"https:\/\/gpl-love.com\/es\/wp-json\/wp\/v2\/types\/product"}],"replies":[{"embeddable":true,"href":"https:\/\/gpl-love.com\/es\/wp-json\/wp\/v2\/comments?post=110457"}],"wp:featuredmedia":[{"embeddable":true,"href":"https:\/\/gpl-love.com\/es\/wp-json\/wp\/v2\/media\/166302"}],"wp:attachment":[{"href":"https:\/\/gpl-love.com\/es\/wp-json\/wp\/v2\/media?parent=110457"}],"wp:term":[{"taxonomy":"product_brand","embeddable":true,"href":"https:\/\/gpl-love.com\/es\/wp-json\/wp\/v2\/product_brand?post=110457"},{"taxonomy":"product_cat","embeddable":true,"href":"https:\/\/gpl-love.com\/es\/wp-json\/wp\/v2\/product_cat?post=110457"},{"taxonomy":"product_tag","embeddable":true,"href":"https:\/\/gpl-love.com\/es\/wp-json\/wp\/v2\/product_tag?post=110457"}],"curies":[{"name":"wp","href":"https:\/\/api.w.org\/{rel}","templated":true}]}}