{"id":110455,"date":"2021-06-17T00:00:00","date_gmt":"2021-06-17T05:00:00","guid":{"rendered":"http:\/\/gpl-love.com\/es\/producto\/filebase-wordpress-media-library-folders\/"},"modified":"2026-03-09T07:34:54","modified_gmt":"2026-03-09T12:34:54","slug":"filebase-wordpress-media-library-folders","status":"publish","type":"product","link":"https:\/\/gpl-love.com\/es\/producto\/filebase-wordpress-media-library-folders\/","title":{"rendered":"FileBase WordPress Media Library Folders 2.0.5"},"content":{"rendered":"<h3>FileBase WordPress Media Library Folders Caracteristicas<\/h3>\n<p>FileBase, un complemento de WordPress, proporciona a los usuarios la capacidad de mejorar la funcionalidad de su biblioteca de medios a trav\u00e9s de la organizaci\u00f3n de archivos en carpetas. Este complemento permite la creaci\u00f3n de un n\u00famero ilimitado de carpetas y subcarpetas, lo que simplifica enormemente la administraci\u00f3n y la recuperaci\u00f3n de los archivos multimedia. En particular, FileBase cuenta con una interfaz f\u00e1cil de usar que es intuitiva y f\u00e1cil de navegar. Adem\u00e1s, es importante resaltar que este complemento es compatible con una amplia gama de formatos de archivo, que abarca im\u00e1genes, videos y archivos de audio. Adem\u00e1s, los usuarios tambi\u00e9n pueden aprovechar las capacidades de FileBase para cargar, eliminar y editar archivos directamente dentro de las carpetas, lo que consolidan a\u00fan m\u00e1s su estado como una herramienta invaluable para creadores de contenido y administradores del sitio. Adem\u00e1s, el proceso de instalaci\u00f3n para este complemento es sin problemas, y ofrece numerosas opciones de personalizaci\u00f3n para satisfacer las diversas necesidades y preferencias de los usuarios de WordPress que buscan optimizar sus flujos de trabajo de administraci\u00f3n de medios.<\/p>\n<ul>\n<li>Organice su biblioteca de medios de WordPress con facilidad utilizando carpetas de biblioteca de medios<\/li>\n<li>Cree carpetas y subcarpetas ilimitados para clasificar mejor sus archivos multimedia<\/li>\n<li>Archivos de carga a granel directamente en carpetas designadas<\/li>\n<li>Cambiar f\u00e1cilmente el nombre, mover o eliminar archivos dentro de sus carpetas<\/li>\n<li>Busque r\u00e1pidamente archivos por nombre o ubicaci\u00f3n de carpeta<\/li>\n<li>Proteja su biblioteca de medios estableciendo permisos de carpeta para grupos de usuarios espec\u00edficos<\/li>\n<li>Compatible con los temas y constructores de p\u00e1ginas m\u00e1s populares de WordPress<\/li>\n<li>Reduzca el desorden y mejore el flujo de trabajo al racionalizar el proceso de su organizaci\u00f3n de medios<\/li>\n<li>Creaci\u00f3n de carpeta autom\u00e1tica para cada publicaci\u00f3n y p\u00e1gina que cree<\/li>\n<li>Disfrute de una experiencia m\u00e1s f\u00e1cil de usar priorizando la administraci\u00f3n de contenido de los medios.<\/li>\n<\/ul>\n","protected":false},"excerpt":{"rendered":"<p>FileBase, un complemento de WordPress altamente funcional y f\u00e1cil de usar, sirve para amplificar las capacidades de la biblioteca de medios a trav\u00e9s de la facilitaci\u00f3n de la organizaci\u00f3n de archivos en carpetas cohesivas. Esta herramienta innovadora optimiza significativamente y optimiza el proceso de gesti\u00f3n de medios de comunicaci\u00f3n para los usuarios para los usuarios, lo que resulta en una navegaci\u00f3n y utilizaci\u00f3n sin problemas y sin esfuerzo de sus valiosos activos de medios. En virtud de su interfaz intuitiva dise\u00f1ada, FileBase simplifica de manera efectiva las intrincadas tareas de carga, organizaci\u00f3n y muestra de medios dentro del marco de los sitios web de WordPress. Se despiden de la naturaleza ca\u00f3tica y desordenada de las bibliotecas de los medios y adopta la extraordinaria eficiencia y efectividad de la gesti\u00f3n de contenido que FileBase tiene para ofrecer.<\/p>\n","protected":false},"featured_media":166102,"comment_status":"open","ping_status":"open","template":"","meta":[],"product_brand":[2339],"product_cat":[1212,1206,1211],"product_tag":[1256],"class_list":{"0":"post-110455","1":"product","2":"type-product","3":"status-publish","4":"has-post-thumbnail","6":"product_brand-codecanyon","7":"product_cat-administracion-wordpress-plugins","8":"product_cat-plugins","9":"product_cat-wordpress-plugins","10":"product_tag-codecanyon","11":"member-discount","12":"discount-restricted","14":"first","15":"instock","16":"sale","17":"downloadable","18":"virtual","19":"sold-individually","20":"purchasable","21":"product-type-simple"},"_links":{"self":[{"href":"https:\/\/gpl-love.com\/es\/wp-json\/wp\/v2\/product\/110455","targetHints":{"allow":["GET"]}}],"collection":[{"href":"https:\/\/gpl-love.com\/es\/wp-json\/wp\/v2\/product"}],"about":[{"href":"https:\/\/gpl-love.com\/es\/wp-json\/wp\/v2\/types\/product"}],"replies":[{"embeddable":true,"href":"https:\/\/gpl-love.com\/es\/wp-json\/wp\/v2\/comments?post=110455"}],"wp:featuredmedia":[{"embeddable":true,"href":"https:\/\/gpl-love.com\/es\/wp-json\/wp\/v2\/media\/166102"}],"wp:attachment":[{"href":"https:\/\/gpl-love.com\/es\/wp-json\/wp\/v2\/media?parent=110455"}],"wp:term":[{"taxonomy":"product_brand","embeddable":true,"href":"https:\/\/gpl-love.com\/es\/wp-json\/wp\/v2\/product_brand?post=110455"},{"taxonomy":"product_cat","embeddable":true,"href":"https:\/\/gpl-love.com\/es\/wp-json\/wp\/v2\/product_cat?post=110455"},{"taxonomy":"product_tag","embeddable":true,"href":"https:\/\/gpl-love.com\/es\/wp-json\/wp\/v2\/product_tag?post=110455"}],"curies":[{"name":"wp","href":"https:\/\/api.w.org\/{rel}","templated":true}]}}