{"id":110453,"date":"2025-11-06T00:00:00","date_gmt":"2025-11-06T05:00:00","guid":{"rendered":"http:\/\/gpl-love.com\/es\/producto\/elite-video-player-wordpress-plugin\/"},"modified":"2026-03-09T07:31:06","modified_gmt":"2026-03-09T12:31:06","slug":"elite-video-player-wordpress-plugin","status":"publish","type":"product","link":"https:\/\/gpl-love.com\/es\/producto\/elite-video-player-wordpress-plugin\/","title":{"rendered":"Elite Video Player WordPress Plugin 11.0.1"},"content":{"rendered":"<h3>Elite Video Player WordPress Plugin Caracteristicas<\/h3>\n<p>El complemento de WordPress de Elite Video Player cuenta con una variedad de caracter\u00edsticas potentes, por lo que es una herramienta invaluable para aquellos que buscan elevar su sitio web con contenido de video de primer nivel. Este complemento excepcional va m\u00e1s all\u00e1 de lo b\u00e1sico, ofreciendo una amplia selecci\u00f3n de m\u00e1scaras personalizables, listas de reproducci\u00f3n y opciones de dise\u00f1o receptivas, lo que permite a los usuarios crear sin esfuerzo un reproductor de video visualmente impresionante que se integra perfectamente con la est\u00e9tica de su sitio web. Adem\u00e1s, su compatibilidad con m\u00faltiples formatos de video garantiza que se pueda acceder a una amplia gama de dispositivos y plataformas, maximizando su alcance e impacto. Adem\u00e1s, el reproductor de video Elite no se detiene solo en proporcionar una interfaz visualmente atractiva; Tambi\u00e9n ofrece an\u00e1lisis avanzados y capacidades de seguimiento, empoderando a los usuarios con informaci\u00f3n valiosa sobre el rendimiento de su video. Al aprovechar este enfoque basado en datos, los usuarios pueden tomar decisiones informadas para mejorar el compromiso y las conversiones. En general, con su interfaz f\u00e1cil de usar y su funcionalidad robusta, el complemento de WordPress de Elite Video Player surge como la mejor opci\u00f3n para aquellos que tienen como objetivo llevar su contenido de video a nuevas alturas y cautivar a su audiencia como nunca antes.<\/p>\n<ul>\n<li>Reproducci\u00f3n de video de alta calidad con caracter\u00edsticas avanzadas del reproductor de video.<\/li>\n<li>Admite todos los formatos de archivo de video populares y se integra perfectamente con su sitio de WordPress.<\/li>\n<li>Pieles y dise\u00f1os personalizables para que coincidan con su marca y tema del sitio web.<\/li>\n<li>El modo de pantalla completa, la reproducci\u00f3n autom\u00e1tica y m\u00faltiples opciones de velocidad de reproducci\u00f3n para una experiencia de usuario perfecta.<\/li>\n<li>Galer\u00eda de video y opciones de lista de reproducci\u00f3n para una f\u00e1cil organizaci\u00f3n y gesti\u00f3n de sus videos.<\/li>\n<li>Dise\u00f1o receptivo que funciona en todos los tama\u00f1os de dispositivos para una experiencia verdaderamente amigable para m\u00f3viles.<\/li>\n<li>F\u00e1cil de instalar y configurar sin necesidad de codificaci\u00f3n.<\/li>\n<li>An\u00e1lisis avanzado y opciones de seguimiento para monitorear el rendimiento y la participaci\u00f3n del video.<\/li>\n<li>Seguro y confiable con actualizaciones regulares y soporte dedicado.<\/li>\n<\/ul>\n","protected":false},"excerpt":{"rendered":"<p>El reproductor de video Elite, un complemento de WordPress incre\u00edblemente robusto, presenta una variedad de capacidades incomparables relacionadas con el rendimiento de reproducci\u00f3n de video y una interfaz de usuario flexible. Equipado con funcionalidades de vanguardia, como cambio de calidad de video, ajuste de velocidad de reproducci\u00f3n y soporte de subt\u00edtulos cerrados, este complemento posee la capacidad de atender sin esfuerzo los requisitos de video m\u00e1s rigurosos. Adem\u00e1s, su interfaz navegable sin esfuerzo facilita la personalizaci\u00f3n perfecta del dise\u00f1o y la funcionalidad del jugador, lo que lo convierte en una opci\u00f3n ideal para empresas, blogueros y creadores de contenido por igual. Si el objetivo en cuesti\u00f3n implica aumentar el contenido de video que aparece en su sitio web o refinar su experiencia general del usuario, seleccionar el complemento de reproductor de video Elite sin duda demostrar\u00eda ser una decisi\u00f3n astuta.<\/p>\n","protected":false},"featured_media":165950,"comment_status":"open","ping_status":"open","template":"","meta":[],"product_brand":[2339],"product_cat":[1214,1206,1211],"product_tag":[1256],"class_list":{"0":"post-110453","1":"product","2":"type-product","3":"status-publish","4":"has-post-thumbnail","6":"product_brand-codecanyon","7":"product_cat-personalizacion","8":"product_cat-plugins","9":"product_cat-wordpress-plugins","10":"product_tag-codecanyon","11":"member-discount","12":"discount-restricted","14":"first","15":"instock","16":"sale","17":"downloadable","18":"virtual","19":"sold-individually","20":"purchasable","21":"product-type-simple"},"_links":{"self":[{"href":"https:\/\/gpl-love.com\/es\/wp-json\/wp\/v2\/product\/110453","targetHints":{"allow":["GET"]}}],"collection":[{"href":"https:\/\/gpl-love.com\/es\/wp-json\/wp\/v2\/product"}],"about":[{"href":"https:\/\/gpl-love.com\/es\/wp-json\/wp\/v2\/types\/product"}],"replies":[{"embeddable":true,"href":"https:\/\/gpl-love.com\/es\/wp-json\/wp\/v2\/comments?post=110453"}],"wp:featuredmedia":[{"embeddable":true,"href":"https:\/\/gpl-love.com\/es\/wp-json\/wp\/v2\/media\/165950"}],"wp:attachment":[{"href":"https:\/\/gpl-love.com\/es\/wp-json\/wp\/v2\/media?parent=110453"}],"wp:term":[{"taxonomy":"product_brand","embeddable":true,"href":"https:\/\/gpl-love.com\/es\/wp-json\/wp\/v2\/product_brand?post=110453"},{"taxonomy":"product_cat","embeddable":true,"href":"https:\/\/gpl-love.com\/es\/wp-json\/wp\/v2\/product_cat?post=110453"},{"taxonomy":"product_tag","embeddable":true,"href":"https:\/\/gpl-love.com\/es\/wp-json\/wp\/v2\/product_tag?post=110453"}],"curies":[{"name":"wp","href":"https:\/\/api.w.org\/{rel}","templated":true}]}}