{"id":110451,"date":"2024-06-29T00:00:00","date_gmt":"2024-06-29T05:00:00","guid":{"rendered":"http:\/\/gpl-love.com\/es\/producto\/edumy-lms-online-education-course-wordpress-theme\/"},"modified":"2026-03-13T17:19:50","modified_gmt":"2026-03-13T22:19:50","slug":"edumy-lms-online-education-course-wordpress-theme","status":"publish","type":"product","link":"https:\/\/gpl-love.com\/es\/producto\/edumy-lms-online-education-course-wordpress-theme\/","title":{"rendered":"Edumy Education Course Theme 1.2.23"},"content":{"rendered":"<h3>Edumy Education Course Theme Caracteristicas<\/h3>\n<p>El tema del curso de educaci\u00f3n edumy es un tema extremadamente eficiente y f\u00e1cil de usar que ha sido dise\u00f1ado espec\u00edficamente para sitios web educativos que atienden a estudiantes, maestros e instituciones educativas. Con su dise\u00f1o elegante y contempor\u00e1ne. . Adem\u00e1s de esto, el tema es totalmente receptivo y meticulosamente optimizado para los motores de b\u00fasqueda, asegurando as\u00ed una experiencia de usuario perfecta y cautivadora en todo tipo de dispositivos. Adem\u00e1s, el tema cuenta con un panel de administraci\u00f3n robusto y flexible que permite a los usuarios ejercer un control completo sobre la personalizaci\u00f3n y la gesti\u00f3n de su sitio web, lo que lo convierte en una opci\u00f3n ideal no solo para principiantes sino tambi\u00e9n desarrolladores experimentados. Tomando todo en consideraci\u00f3n, es evidente que el tema del curso de educaci\u00f3n edumy sirve como una soluci\u00f3n integral para la creaci\u00f3n de sitios web de educaci\u00f3n din\u00e1micos y cautivadores que satisfacen las necesidades de los estudiantes contempor\u00e1neos.<\/p>\n<ul>\n<li>Un tema de curso educativo f\u00e1cil de usar profesionalmente para sitios web y plataformas en l\u00ednea<\/li>\n<li>Altamente personalizable para satisfacer las necesidades espec\u00edficas y la marca de usuarios individuales<\/li>\n<li>Incluye plantillas predise\u00f1adas para varios tipos de contenido educativo, como p\u00e1ginas de cursos, perfiles de instructor y horarios de clase.<\/li>\n<li>Construido con un dise\u00f1o receptivo, asegurando una visualizaci\u00f3n \u00f3ptima en todos los dispositivos, incluidas las computadoras de escritorio, las tabletas y los tel\u00e9fonos inteligentes.<\/li>\n<li>Integrado con sistemas populares de gesti\u00f3n de aprendizaje para una f\u00e1cil creaci\u00f3n y gesti\u00f3n de cursos<\/li>\n<li>Presenta elementos interactivos como cuestionarios, evaluaciones y foros de discusi\u00f3n para involucrar y motivar a los alumnos<\/li>\n<li>Incluye herramientas incorporadas para el procesamiento de pagos, la inscripci\u00f3n de los estudiantes y el seguimiento del curso<\/li>\n<li>Optimizado para los motores de b\u00fasqueda para aumentar la visibilidad y atraer nuevos estudiantes<\/li>\n<li>Actualizado regularmente con nuevas caracter\u00edsticas y funcionalidad para garantizar la relevancia y el rendimiento.<\/li>\n<li>Soporte t\u00e9cnico 24\/7 y servicio al cliente para todos los usuarios.<\/li>\n<\/ul>\n","protected":false},"excerpt":{"rendered":"<p>El tema del curso de educaci\u00f3n edumy es una soluci\u00f3n altamente efectiva y eficiente que satisface las necesidades de las instituciones educativas y los proveedores de cursos en l\u00ednea. Su dise\u00f1o meticulosamente elaborado y su interfaz f\u00e1cil de usar hacen que sea excepcionalmente f\u00e1cil crear cursos cautivadores y din\u00e1micos que seguramente cautiven e involucren a los estudiantes. Este tema ha sido cuidadosamente desarrollado e incorpora todos los elementos esenciales necesarios para mejorar la experiencia docente. Estos incluyen una conveniente inscripci\u00f3n en el curso en l\u00ednea, un registro de estudiantes sin interrupciones, un dise\u00f1o receptivo adaptable y la capacidad de personalizar el contenido del curso para adaptarse a los requisitos individuales. Ya sea que se est\u00e9 embarcando en el emocionante viaje de lanzar una plataforma de aprendizaje en l\u00ednea o que busque mejorar su sitio web educativo existente, el tema del curso de educaci\u00f3n edumy se encuentra en la cabeza y los hombros por encima del resto como la opci\u00f3n \u00f3ptima para la educaci\u00f3n contempor\u00e1nea.<\/p>\n","protected":false},"featured_media":165919,"comment_status":"open","ping_status":"open","template":"","meta":[],"product_brand":[2337],"product_cat":[1307,1237,1238],"product_tag":[1391],"class_list":{"0":"post-110451","1":"product","2":"type-product","3":"status-publish","4":"has-post-thumbnail","6":"product_brand-themeforest","7":"product_cat-negocio-wordpress-temas","8":"product_cat-temas","9":"product_cat-wordpress-temas","10":"product_tag-themeforest","11":"member-discount","12":"discount-restricted","14":"first","15":"instock","16":"sale","17":"downloadable","18":"virtual","19":"sold-individually","20":"purchasable","21":"product-type-simple"},"_links":{"self":[{"href":"https:\/\/gpl-love.com\/es\/wp-json\/wp\/v2\/product\/110451","targetHints":{"allow":["GET"]}}],"collection":[{"href":"https:\/\/gpl-love.com\/es\/wp-json\/wp\/v2\/product"}],"about":[{"href":"https:\/\/gpl-love.com\/es\/wp-json\/wp\/v2\/types\/product"}],"replies":[{"embeddable":true,"href":"https:\/\/gpl-love.com\/es\/wp-json\/wp\/v2\/comments?post=110451"}],"wp:featuredmedia":[{"embeddable":true,"href":"https:\/\/gpl-love.com\/es\/wp-json\/wp\/v2\/media\/165919"}],"wp:attachment":[{"href":"https:\/\/gpl-love.com\/es\/wp-json\/wp\/v2\/media?parent=110451"}],"wp:term":[{"taxonomy":"product_brand","embeddable":true,"href":"https:\/\/gpl-love.com\/es\/wp-json\/wp\/v2\/product_brand?post=110451"},{"taxonomy":"product_cat","embeddable":true,"href":"https:\/\/gpl-love.com\/es\/wp-json\/wp\/v2\/product_cat?post=110451"},{"taxonomy":"product_tag","embeddable":true,"href":"https:\/\/gpl-love.com\/es\/wp-json\/wp\/v2\/product_tag?post=110451"}],"curies":[{"name":"wp","href":"https:\/\/api.w.org\/{rel}","templated":true}]}}