{"id":110449,"date":"2021-09-26T00:00:00","date_gmt":"2021-09-26T05:00:00","guid":{"rendered":"http:\/\/gpl-love.com\/es\/producto\/coinflip-casino-affiliate-gambling-wordpress-theme\/"},"modified":"2026-03-13T17:17:54","modified_gmt":"2026-03-13T22:17:54","slug":"coinflip-casino-affiliate-gambling-wordpress-theme","status":"publish","type":"product","link":"https:\/\/gpl-love.com\/es\/producto\/coinflip-casino-affiliate-gambling-wordpress-theme\/","title":{"rendered":"Coinflip Casino Affiliate y Gambling WordPress Theme 2.1"},"content":{"rendered":"<h3>Coinflip Casino Affiliate y Gambling WordPress Theme Caracteristicas<\/h3>\n<p>Si est\u00e1 en busca de una soluci\u00f3n ideal para iniciar su casino en l\u00ednea o sitio web de juego, no busque m\u00e1s que el notable tema de WordPress de WordPress de Coinflip Casino. Con un dise\u00f1o elegante y moderno, este tema posee la capacidad de cautivar a los visitantes y garantizar su compromiso. Adem\u00e1s de su est\u00e9tica visualmente atractiva, este tema tambi\u00e9n est\u00e1 equipado con una mir\u00edada de caracter\u00edsticas de vanguardia, que incluye una p\u00e1gina de inicio totalmente personalizable, una variedad de p\u00e1ginas preconstruidas y un dise\u00f1o sin problemas. Adem\u00e1s, Coinflip ofrece una amplia gama de opciones de personalizaci\u00f3n, lo que le permite adaptar su sitio web con precisi\u00f3n a su gusto. Gracias a su interfaz f\u00e1cil e intuitiva, este tema es igualmente adecuado para desarrolladores experimentados y novatos por igual. Independientemente de si est\u00e1 tratando de establecer un sitio web para su casino o empresa de juegos de azar, el tema de WordPress de Afiliado de Casino Coinflip surge como la opci\u00f3n indiscutible para usted.<\/p>\n<ul>\n<li>Tema de WordPress de alta calidad y dise\u00f1ado profesionalmente para sitios web de afiliados y juegos de azar de casino<\/li>\n<li>Proporciona una p\u00e1gina de inicio personalizable con una variedad de diferentes dise\u00f1os y opciones<\/li>\n<li>Incluye un logotipo \u00fanico y llamativo para fines de marca<\/li>\n<li>Ofrece soporte incorporado para constructores de p\u00e1ginas populares como Elementor y Wpbakery<\/li>\n<li>Presenta una gama de widgets personalizados dise\u00f1ados espec\u00edficamente para sitios de juego, incluidas revisiones de casinos, tablas de clasificaci\u00f3n y m\u00e1s<\/li>\n<li>Incluye un panel de opciones de tema potentes y f\u00e1ciles de usar para una f\u00e1cil personalizaci\u00f3n<\/li>\n<li>Viene con p\u00e1ginas preconstruidas para aspectos importantes de un sitio web de juego como sobre nosotros, cont\u00e1ctenos y t\u00e9rminos y condiciones<\/li>\n<li>Ofrece compatibilidad con complementos de juego populares como WooCommerce, Betpress y m\u00e1s<\/li>\n<li>Proporciona un dise\u00f1o receptivo que se ve muy bien en todos los dispositivos, asegurando la m\u00e1xima accesibilidad para los usuarios<\/li>\n<li>Ofrece documentaci\u00f3n integral y actualizaciones frecuentes para el soporte y mantenimiento continuos.<\/li>\n<\/ul>\n","protected":false},"excerpt":{"rendered":"<p>Revele el mundo de las apuestas en l\u00ednea con Coinflip, un tema de WordPress de Afiliado de Casino y de Juego de Juego dise\u00f1ado para los entusiastas de los juegos de azar. Coinflip es una herramienta poderosa para crear su propio sitio web de afiliados de casino, que ofrece una multitud de caracter\u00edsticas para aumentar su presencia en l\u00ednea. Con este tema, los usuarios pueden promover sin esfuerzo afiliados de casinos, sitios de apuestas deportivas, p\u00f3ker y m\u00e1s. El tema est\u00e1 construido con SEO en mente, asegurando la mejor visibilidad de su sitio en los resultados de b\u00fasqueda.<\/p>\n<p>Coinflip viene con widgets y c\u00f3digos cortos dise\u00f1ados espec\u00edficamente para la industria del juego, lo que le permite crear un dise\u00f1o \u00fanico y atractivo. Tambi\u00e9n cuenta con un dise\u00f1o totalmente receptivo, lo que significa que su sitio web se ver\u00e1 perfecto en cualquier dispositivo, desde escritorio hasta dispositivos m\u00f3viles.<\/p>\n<p>El tema es f\u00e1cil de personalizar, lo que le permite cambiar colores, fuentes y dise\u00f1os para adaptarse a su estilo. Tambi\u00e9n incluye contenido de demostraci\u00f3n para una configuraci\u00f3n r\u00e1pida y una interfaz f\u00e1cil de usar que hace que la administraci\u00f3n de su sitio web sea muy f\u00e1cil. Adem\u00e1s, Coinflip es compatible con la \u00faltima versi\u00f3n de WordPress y optimizada para la velocidad<\/p>\n","protected":false},"featured_media":165642,"comment_status":"open","ping_status":"open","template":"","meta":[],"product_brand":[2337],"product_cat":[1267,1237,1238],"product_tag":[1391],"class_list":{"0":"post-110449","1":"product","2":"type-product","3":"status-publish","4":"has-post-thumbnail","6":"product_brand-themeforest","7":"product_cat-creativo","8":"product_cat-temas","9":"product_cat-wordpress-temas","10":"product_tag-themeforest","11":"member-discount","12":"discount-restricted","14":"first","15":"instock","16":"sale","17":"downloadable","18":"virtual","19":"sold-individually","20":"purchasable","21":"product-type-simple"},"_links":{"self":[{"href":"https:\/\/gpl-love.com\/es\/wp-json\/wp\/v2\/product\/110449","targetHints":{"allow":["GET"]}}],"collection":[{"href":"https:\/\/gpl-love.com\/es\/wp-json\/wp\/v2\/product"}],"about":[{"href":"https:\/\/gpl-love.com\/es\/wp-json\/wp\/v2\/types\/product"}],"replies":[{"embeddable":true,"href":"https:\/\/gpl-love.com\/es\/wp-json\/wp\/v2\/comments?post=110449"}],"wp:featuredmedia":[{"embeddable":true,"href":"https:\/\/gpl-love.com\/es\/wp-json\/wp\/v2\/media\/165642"}],"wp:attachment":[{"href":"https:\/\/gpl-love.com\/es\/wp-json\/wp\/v2\/media?parent=110449"}],"wp:term":[{"taxonomy":"product_brand","embeddable":true,"href":"https:\/\/gpl-love.com\/es\/wp-json\/wp\/v2\/product_brand?post=110449"},{"taxonomy":"product_cat","embeddable":true,"href":"https:\/\/gpl-love.com\/es\/wp-json\/wp\/v2\/product_cat?post=110449"},{"taxonomy":"product_tag","embeddable":true,"href":"https:\/\/gpl-love.com\/es\/wp-json\/wp\/v2\/product_tag?post=110449"}],"curies":[{"name":"wp","href":"https:\/\/api.w.org\/{rel}","templated":true}]}}