{"id":110448,"date":"2025-08-11T00:00:00","date_gmt":"2025-08-11T05:00:00","guid":{"rendered":"http:\/\/gpl-love.com\/es\/producto\/adsanity-weighted-ads\/"},"modified":"2026-03-09T07:16:10","modified_gmt":"2026-03-09T12:16:10","slug":"adsanity-weighted-ads","status":"publish","type":"product","link":"https:\/\/gpl-love.com\/es\/producto\/adsanity-weighted-ads\/","title":{"rendered":"AdSanity Weighted Ads 1.2"},"content":{"rendered":"<h3>AdSanity Weighted Ads Caracteristicas<\/h3>\n<p>Los anuncios ponderados por Adsanity son una herramienta publicitaria excepcionalmente robusta que le otorga la capacidad de apuntar y cautivar de manera eficiente a su audiencia a trav\u00e9s de un enfoque distintivo. Aprovechando un sistema ponderado sofisticado, esta plataforma dispensa anuncios pertinentes que se adaptan a los comportamientos individuales del usuario, asegurando as\u00ed un nivel incomparable de impacto y tasas de conversi\u00f3n. Con las notables capacidades de los anuncios ponderados por Adsanity, puede dise\u00f1ar y administrar campa\u00f1as publicitarias en una amplia gama de canales, que abarca plataformas prominentes como las redes sociales, la publicidad de exhibici\u00f3n, el correo electr\u00f3nico y m\u00e1s all\u00e1. La interfaz f\u00e1cil de usar facilita sin problemas el monitoreo de las m\u00e9tricas de rendimiento, lo que le permite optimizar sus campa\u00f1as con facilidad, lo que finalmente conduce a resultados triunfantes. Independientemente de si usted es un pr\u00f3spero propietario de una peque\u00f1a empresa o una empresa sustancial, los anuncios ponderados por la adsanidad est\u00e1n dotados de la m\u00e1xima flexibilidad y escalabilidad, lo que lo permite conquistar sus objetivos publicitarios con una eficacia incomparable.<\/p>\n<ul>\n<li>Adsanity Pondered AD es una herramienta de publicidad avanzada dise\u00f1ada para ayudar a los editores y vendedores a aumentar sus ingresos publicitarios y su participaci\u00f3n de la audiencia.<\/li>\n<li>Este potente complemento para el complemento de Adsanity le permite crear y manejar anuncios ponderados, lo que significa que puede mostrar m\u00faltiples anuncios en el mismo espacio de anuncios y darle a cada anuncio un peso porcentual de la frecuencia con la que aparecer\u00e1.<\/li>\n<li>Con los anuncios ponderados por Adsanity, puede rotar sus anuncios de manera uniforme, o puede dar m\u00e1s exposici\u00f3n a sus anuncios de mayor rendimiento asign\u00e1ndoles un peso m\u00e1s alto.<\/li>\n<li>Esta caracter\u00edstica es especialmente \u00fatil para las pruebas A\/B y la optimizaci\u00f3n de su estrategia de anuncios, ya que puede comparar f\u00e1cilmente el rendimiento de diferentes anuncios y ajustar sus pesos en consecuencia.<\/li>\n<li>Los anuncios ponderados por Adsanity tambi\u00e9n son totalmente personalizables, lo que le permite elegir la cantidad de anuncios para mostrar, el tama\u00f1o y el estilo de la unidad de anuncios, y m\u00e1s.<\/li>\n<li>Funciona a la perfecci\u00f3n con las herramientas de informes y an\u00e1lisis de Adsanity, lo que le brinda datos en tiempo real sobre c\u00f3mo funcionan sus anuncios para que pueda tomar decisiones informadas.<\/li>\n<li>Los anuncios ponderados por Adsanity son f\u00e1ciles de configurar y usar, incluso para aquellos que no tienen antecedentes t\u00e9cnicos. Es una soluci\u00f3n rentable y eficiente para impulsar sus ingresos publicitarios y mejorar su experiencia de usuario.<\/li>\n<\/ul>\n","protected":false},"excerpt":{"rendered":"<p>Aproveche los anuncios ponderados por adsanidad para aprovechar el inmenso potencial de la publicidad. Esta sofisticada herramienta de publicidad, equipada con algoritmos publicitarios avanzados, proporciona una combinaci\u00f3n \u00fanica de dispersi\u00f3n de publicidad inteligente para la m\u00e1xima visibilidad. El uso de Adsanity le ofrece una destreza publicitaria de vanguardia, lo que permite estrategias publicitarias efectivas dirigidas a la orientaci\u00f3n demogr\u00e1fica interactiva.<\/p>\n<p>Los beneficios de los anuncios ponderados por adsanidad van m\u00e1s all\u00e1 de la visibilidad. Proporciona m\u00e9tricas de publicidad instant\u00e1nea y par\u00e1metros de publicidad ajustable que le permiten tomar el control y impulsar sus objetivos de marketing. Este viaje de publicidad transformadora est\u00e1 dise\u00f1ado para tener un impacto significativo en sus esfuerzos publicitarios.<\/p>\n<p>Por lo tanto, utilice estas herramientas de publicidad de m\u00e1xima visibilidad hoy en d\u00eda y experimente el poder transformador de las sofisticadas herramientas publicitarias. Con los anuncios ponderados por Adsanity, no solo se anuncia, sino que tambi\u00e9n se est\u00e1 embarcando en un viaje que garantiza resultados impactantes.<\/p>\n","protected":false},"featured_media":165285,"comment_status":"open","ping_status":"open","template":"","meta":[],"product_brand":[2349],"product_cat":[1232,1206,1211],"product_tag":[1578],"class_list":{"0":"post-110448","1":"product","2":"type-product","3":"status-publish","4":"has-post-thumbnail","6":"product_brand-adsanity","7":"product_cat-marketing-wordpress-plugins","8":"product_cat-plugins","9":"product_cat-wordpress-plugins","10":"product_tag-adsanity","11":"member-discount","12":"discount-restricted","14":"first","15":"instock","16":"sale","17":"downloadable","18":"virtual","19":"sold-individually","20":"purchasable","21":"product-type-simple"},"_links":{"self":[{"href":"https:\/\/gpl-love.com\/es\/wp-json\/wp\/v2\/product\/110448","targetHints":{"allow":["GET"]}}],"collection":[{"href":"https:\/\/gpl-love.com\/es\/wp-json\/wp\/v2\/product"}],"about":[{"href":"https:\/\/gpl-love.com\/es\/wp-json\/wp\/v2\/types\/product"}],"replies":[{"embeddable":true,"href":"https:\/\/gpl-love.com\/es\/wp-json\/wp\/v2\/comments?post=110448"}],"wp:featuredmedia":[{"embeddable":true,"href":"https:\/\/gpl-love.com\/es\/wp-json\/wp\/v2\/media\/165285"}],"wp:attachment":[{"href":"https:\/\/gpl-love.com\/es\/wp-json\/wp\/v2\/media?parent=110448"}],"wp:term":[{"taxonomy":"product_brand","embeddable":true,"href":"https:\/\/gpl-love.com\/es\/wp-json\/wp\/v2\/product_brand?post=110448"},{"taxonomy":"product_cat","embeddable":true,"href":"https:\/\/gpl-love.com\/es\/wp-json\/wp\/v2\/product_cat?post=110448"},{"taxonomy":"product_tag","embeddable":true,"href":"https:\/\/gpl-love.com\/es\/wp-json\/wp\/v2\/product_tag?post=110448"}],"curies":[{"name":"wp","href":"https:\/\/api.w.org\/{rel}","templated":true}]}}