{"id":110447,"date":"2021-02-09T00:00:00","date_gmt":"2021-02-09T05:00:00","guid":{"rendered":"http:\/\/gpl-love.com\/es\/producto\/adsanity-user-role-ad\/"},"modified":"2026-03-09T07:16:09","modified_gmt":"2026-03-09T12:16:09","slug":"adsanity-user-role-ad","status":"publish","type":"product","link":"https:\/\/gpl-love.com\/es\/producto\/adsanity-user-role-ad\/","title":{"rendered":"AdSanity User Role Ad 1.1"},"content":{"rendered":"<h3>AdSanity User Role Ad Caracteristicas<\/h3>\n<p>Adsanity User Role AD es una herramienta publicitaria excepcionalmente eficiente y altamente efectiva que otorga a los usuarios el poder invaluable para confiscar perfectamente el comando sobre sus campa\u00f1as publicitarias. Este producto extraordinario presenta a los usuarios una capacidad incomparable para administrar sin esfuerzo anuncios y roles, asegurando as\u00ed que sus campa\u00f1as publicitarias est\u00e9n apuntadas astutamente a la audiencia m\u00e1s apropiada. La interfaz notablemente f\u00e1cil de usar simplifica notablemente las tareas de otra manera de elaboraci\u00f3n, administraci\u00f3n y monitoreo meticulosamente de campa\u00f1as, mientras que las opciones de orientaci\u00f3n notablemente sofisticadas permiten a los usuarios a perfeccionar impecablemente sus esfuerzos publicitarios. Con una fusi\u00f3n inigualable de caracter\u00edsticas de vanguardia y dise\u00f1o centrado en el usuario, ADSanity User Role AD surge como la soluci\u00f3n inequ\u00edvoca para las empresas y las personas que buscan impulsar sus campa\u00f1as publicitarias a alturas sin precedentes. Al aprovechar las capacidades fenomenales de este notable producto, los usuarios pueden navegar sin esfuerzo el intrincado panorama de la gesti\u00f3n de anuncios, evaluar astutamente las m\u00e9tricas de rendimiento y optimizar h\u00e1bilmente las campa\u00f1as, desatando as\u00ed una avalancha incomparable de un \u00e9xito resolvente.<\/p>\n<ul>\n<li>Otorgar roles de usuario personalizados para usuarios de Adsanity<\/li>\n<li>Asignar permisos espec\u00edficos a roles de usuario personalizados<\/li>\n<li>Mejorar la seguridad de su sistema de gesti\u00f3n de contenido limitando el acceso a ciertas funciones<\/li>\n<li>Controlar qui\u00e9n puede ver, editar y publicar anuncios en su sitio web<\/li>\n<li>Cree un flujo de trabajo m\u00e1s eficiente personalizando los roles de usuario para que coincida con las responsabilidades de los miembros del equipo<\/li>\n<li>Administrar los permisos de usuario con facilidad utilizando Adsanity User Rol AD<\/li>\n<li>Agilizar el proceso de creaci\u00f3n y publicaci\u00f3n de anuncios en su sitio web<\/li>\n<\/ul>\n","protected":false},"excerpt":{"rendered":"<p>El anuncio de rol de usuario de Adsanity es una herramienta de publicidad influyente dise\u00f1ada para optimizar las campa\u00f1as publicitarias de manera efectiva. Esta herramienta de gesti\u00f3n de anuncios permite la regulaci\u00f3n sin esfuerzo de los roles de los usuarios en la publicidad, lo que permite a los propietarios de sitios web restringir el acceso de anuncios seg\u00fan los permisos de los usuarios. Esta poderosa herramienta empodera a los propietarios de sitios web brind\u00e1ndoles autoridad sobre la colocaci\u00f3n de anuncios, asegurando as\u00ed la exhibici\u00f3n de anuncios pertinentes para sus visitantes.<\/p>\n<p>La f\u00e1cil instalaci\u00f3n del anuncio de rol de usuario de Adsanity, junto con su interfaz publicitaria f\u00e1cil de usar, permite a los propietarios de sitios web administrar los anuncios de manera efectiva. Esto fomenta una sinergia armoniosa entre los anuncios y el sitio web, creando un entorno lucrativo para los visitantes.<\/p>\n<p>Al incorporar el anuncio de rol de usuario de Adsanity en sus sitios web, los propietarios pueden impulsar los ingresos del sitio web y maximizar la efectividad publicitaria. La herramienta ayuda a mejorar la experiencia del usuario con anuncios dirigidos y puede aumentar significativamente el tr\u00e1fico del sitio web. El anuncio de rol de usuario de Adsanity es la herramienta perfecta para mejorar la estrategia publicitaria general y la rentabilidad de su sitio web.<\/p>\n","protected":false},"featured_media":165284,"comment_status":"open","ping_status":"open","template":"","meta":[],"product_brand":[2349],"product_cat":[1232,1206,1211],"product_tag":[1578],"class_list":{"0":"post-110447","1":"product","2":"type-product","3":"status-publish","4":"has-post-thumbnail","6":"product_brand-adsanity","7":"product_cat-marketing-wordpress-plugins","8":"product_cat-plugins","9":"product_cat-wordpress-plugins","10":"product_tag-adsanity","11":"member-discount","12":"discount-restricted","14":"first","15":"instock","16":"sale","17":"downloadable","18":"virtual","19":"sold-individually","20":"purchasable","21":"product-type-simple"},"_links":{"self":[{"href":"https:\/\/gpl-love.com\/es\/wp-json\/wp\/v2\/product\/110447","targetHints":{"allow":["GET"]}}],"collection":[{"href":"https:\/\/gpl-love.com\/es\/wp-json\/wp\/v2\/product"}],"about":[{"href":"https:\/\/gpl-love.com\/es\/wp-json\/wp\/v2\/types\/product"}],"replies":[{"embeddable":true,"href":"https:\/\/gpl-love.com\/es\/wp-json\/wp\/v2\/comments?post=110447"}],"wp:featuredmedia":[{"embeddable":true,"href":"https:\/\/gpl-love.com\/es\/wp-json\/wp\/v2\/media\/165284"}],"wp:attachment":[{"href":"https:\/\/gpl-love.com\/es\/wp-json\/wp\/v2\/media?parent=110447"}],"wp:term":[{"taxonomy":"product_brand","embeddable":true,"href":"https:\/\/gpl-love.com\/es\/wp-json\/wp\/v2\/product_brand?post=110447"},{"taxonomy":"product_cat","embeddable":true,"href":"https:\/\/gpl-love.com\/es\/wp-json\/wp\/v2\/product_cat?post=110447"},{"taxonomy":"product_tag","embeddable":true,"href":"https:\/\/gpl-love.com\/es\/wp-json\/wp\/v2\/product_tag?post=110447"}],"curies":[{"name":"wp","href":"https:\/\/api.w.org\/{rel}","templated":true}]}}