{"id":110445,"date":"2025-08-11T00:00:00","date_gmt":"2025-08-11T05:00:00","guid":{"rendered":"http:\/\/gpl-love.com\/es\/producto\/adsanity-rotating-ad-widget\/"},"modified":"2026-03-09T07:16:06","modified_gmt":"2026-03-09T12:16:06","slug":"adsanity-rotating-ad-widget","status":"publish","type":"product","link":"https:\/\/gpl-love.com\/es\/producto\/adsanity-rotating-ad-widget\/","title":{"rendered":"AdSanity Rotating Ad Widget 1.6.4"},"content":{"rendered":"<h3>AdSanity Rotating Ad Widget Caracteristicas<\/h3>\n<p>El widget de anuncios rotativo de Adsanity, que cuenta con una eficiencia y versatilidad impresionantes, sirve como una herramienta notable que otorga a los usuarios la capacidad de exhibir m\u00faltiples anuncios dentro de un espacio singular en sus respectivos sitios web. Al emplear este widget, los propietarios de sitios web pueden recorrer sin esfuerzo en varios anuncios, asegurando as\u00ed una exposici\u00f3n \u00f3ptima para cada anuncio individual. Adem\u00e1s, este widget es altamente personalizable, lo que brinda a los usuarios la libertad de seleccionar el tama\u00f1o, la duraci\u00f3n y la frecuencia de los anuncios que se muestran. Adem\u00e1s, el proceso de instalaci\u00f3n y utilizaci\u00f3n de este widget es incre\u00edblemente f\u00e1cil de usar, lo que lo convierte en una soluci\u00f3n ideal para aquellos que buscan aumentar sus ingresos publicitarios y mejorar su presencia en l\u00ednea. Al adoptar el widget de anuncios rotativo de la adsanidad, los propietarios de sitios web pueden trascender los \u00e1mbitos de los esfuerzos publicitarios convencionales, impuls\u00e1ndose hacia niveles de logro sin precedentes y capitalizando su potencial sin explotar para el \u00e9xito.<\/p>\n<ul>\n<li>F\u00e1cil configuraci\u00f3n e integraci\u00f3n en su sitio web<\/li>\n<li>Permite que se muestren m\u00faltiples anuncios en un widget, aumentando el potencial de ingresos publicitarios<\/li>\n<li>La funci\u00f3n giratoria mantiene su sitio web luciendo fresco y din\u00e1mico<\/li>\n<li>Opciones de visualizaci\u00f3n personalizables, incluido el tama\u00f1o y la posici\u00f3n en la p\u00e1gina<\/li>\n<li>Proporciona an\u00e1lisis detallados sobre el rendimiento de los anuncios<\/li>\n<li>Compatible con las principales redes publicitarias, incluidas Google Adsense y Amazon Affiliates<\/li>\n<li>Administra y programan eficientemente las pantallas de anuncios, ahorrando tiempo y esfuerzo para los propietarios de sitios web<\/li>\n<li>El dise\u00f1o receptivo asegura que el widget se vea muy bien en todos los dispositivos<\/li>\n<li>Actualizaciones constantes y soporte para un rendimiento \u00f3ptimo y experiencia de usuario<\/li>\n<\/ul>\n","protected":false},"excerpt":{"rendered":"<p>\u00bfBusca una forma de mejorar los ingresos publicitarios y cautivar a su audiencia utilizando el widget de anuncios rotativo de Adsanity? Esta fant\u00e1stica herramienta le permite exhibir numerosos anuncios en un solo lugar en su sitio web, presentando la novedad con adsanidad rotando anuncios en el sitio web autom\u00e1ticamente.<\/p>\n<p>El widget de anuncios f\u00e1cil de usar ofrece configuraciones personalizables, lo que lo convierte en un instrumento ideal para los propietarios de sitios web que tienen como objetivo monetizar el tr\u00e1fico del sitio web y optimizar el espacio de anuncios con Adsanity. Es una excelente manera de mejorar el rendimiento publicitario y aumentar las ganancias del sitio web a trav\u00e9s de la rotaci\u00f3n automatizada de anuncios al tiempo que aumenta la participaci\u00f3n de la audiencia con la adsanidad.<\/p>\n<p>Con la adsanidad para la monetizaci\u00f3n publicitaria, puede maximizar la utilidad del espacio publicitario y presenciar resultados tan esperados con la adsanidad. No esperes m\u00e1s; Pruebe la adsanidad hoy para la optimizaci\u00f3n de anuncios y comience a cosechar los resultados que ha esperado. El widget de adsanidad para la optimizaci\u00f3n de Ad es una forma segura de hacer que su espacio de anuncios funcione m\u00e1s y m\u00e1s inteligente para usted.<\/p>\n","protected":false},"featured_media":165282,"comment_status":"open","ping_status":"open","template":"","meta":[],"product_brand":[2349],"product_cat":[1232,1206,1211],"product_tag":[1578],"class_list":{"0":"post-110445","1":"product","2":"type-product","3":"status-publish","4":"has-post-thumbnail","6":"product_brand-adsanity","7":"product_cat-marketing-wordpress-plugins","8":"product_cat-plugins","9":"product_cat-wordpress-plugins","10":"product_tag-adsanity","11":"member-discount","12":"discount-restricted","14":"first","15":"instock","16":"sale","17":"downloadable","18":"virtual","19":"sold-individually","20":"purchasable","21":"product-type-simple"},"_links":{"self":[{"href":"https:\/\/gpl-love.com\/es\/wp-json\/wp\/v2\/product\/110445","targetHints":{"allow":["GET"]}}],"collection":[{"href":"https:\/\/gpl-love.com\/es\/wp-json\/wp\/v2\/product"}],"about":[{"href":"https:\/\/gpl-love.com\/es\/wp-json\/wp\/v2\/types\/product"}],"replies":[{"embeddable":true,"href":"https:\/\/gpl-love.com\/es\/wp-json\/wp\/v2\/comments?post=110445"}],"wp:featuredmedia":[{"embeddable":true,"href":"https:\/\/gpl-love.com\/es\/wp-json\/wp\/v2\/media\/165282"}],"wp:attachment":[{"href":"https:\/\/gpl-love.com\/es\/wp-json\/wp\/v2\/media?parent=110445"}],"wp:term":[{"taxonomy":"product_brand","embeddable":true,"href":"https:\/\/gpl-love.com\/es\/wp-json\/wp\/v2\/product_brand?post=110445"},{"taxonomy":"product_cat","embeddable":true,"href":"https:\/\/gpl-love.com\/es\/wp-json\/wp\/v2\/product_cat?post=110445"},{"taxonomy":"product_tag","embeddable":true,"href":"https:\/\/gpl-love.com\/es\/wp-json\/wp\/v2\/product_tag?post=110445"}],"curies":[{"name":"wp","href":"https:\/\/api.w.org\/{rel}","templated":true}]}}