{"id":110441,"date":"2025-08-11T00:00:00","date_gmt":"2025-08-11T05:00:00","guid":{"rendered":"http:\/\/gpl-love.com\/es\/producto\/adsanity-advertiser-reporting\/"},"modified":"2026-03-09T07:16:01","modified_gmt":"2026-03-09T12:16:01","slug":"adsanity-advertiser-reporting","status":"publish","type":"product","link":"https:\/\/gpl-love.com\/es\/producto\/adsanity-advertiser-reporting\/","title":{"rendered":"AdSanity Advertiser Reporting 1.4.2"},"content":{"rendered":"<h3>AdSanity Advertiser Reporting Caracteristicas<\/h3>\n<p>La herramienta de informes de anunciantes de Adsanity ofrece una soluci\u00f3n integral que permite a los anunciantes rastrear y analizar efectivamente el rendimiento de sus campa\u00f1as publicitarias. Esta herramienta permite a los anunciantes monitorear de cerca varios aspectos de sus campa\u00f1as publicitarias, incluido el rendimiento publicitario, los costos de la campa\u00f1a y los ingresos generados a partir de sus anuncios. Al proporcionar un tablero f\u00e1cil de usar que presenta m\u00e9tricas clave y ideas valiosas, la herramienta facilita la toma de decisiones r\u00e1pida y la optimizaci\u00f3n de la campa\u00f1a. Adem\u00e1s, los informes de anunciantes de Adsanity tambi\u00e9n ofrecen opciones de informes personalizables, lo que permite a los anunciantes crear informes adaptados a sus requisitos espec\u00edficos. En \u00faltima instancia, esta herramienta equipa a los anunciantes con los datos esenciales y las ideas que necesitan para mejorar la efectividad de sus campa\u00f1as publicitarias, lo que les permite lograr los m\u00e1ximos resultados.<\/p>\n<ul>\n<li>Estad\u00edsticas integrales sobre el rendimiento publicitario<\/li>\n<li>Seguimiento en tiempo real de impresiones publicitarias, clics y conversiones<\/li>\n<li>Visualizaci\u00f3n gr\u00e1fica de m\u00e9tricas publicitarias para un an\u00e1lisis f\u00e1cil<\/li>\n<li>Informes personalizables con rangos y filtros de m\u00faltiples fechas<\/li>\n<li>Integraci\u00f3n con Google Analytics para ideas m\u00e1s profundas<\/li>\n<li>Informes autom\u00e1ticos por correo electr\u00f3nico para actualizaciones peri\u00f3dicas sobre el rendimiento de la campa\u00f1a<\/li>\n<li>Exportar opciones para compartir datos con otros miembros del equipo o clientes<\/li>\n<li>Interfaz f\u00e1cil de usar con navegaci\u00f3n intuitiva y filtrado de datos f\u00e1cil<\/li>\n<li>Gesti\u00f3n de datos segura con estricta privacidad y cumplimiento de GDPR<\/li>\n<li>Atenci\u00f3n al cliente receptiva y documentaci\u00f3n para una incorporaci\u00f3n suave.<\/li>\n<\/ul>\n","protected":false},"excerpt":{"rendered":"<p>La herramienta de informes de anunciantes de Adsanity, una soluci\u00f3n potente para los anunciantes, est\u00e1 meticulosamente dise\u00f1ada para proporcionar capacidades integrales de seguimiento de anuncios. Ya sea que sea un profesional de marketing experimentado o un emprendedor de una empresa modesta, esta herramienta es esencial para el monitoreo de la campa\u00f1a publicitaria inmaculada.<\/p>\n<p>Ofrece informes de campa\u00f1a publicitaria en tiempo real que no solo son visualmente atractivos sino que tambi\u00e9n son comprensibles sin esfuerzo. Estos informes ilustran el seguimiento de las m\u00e9tricas de rendimiento, que incluye datos cruciales como clics y conversiones.<\/p>\n<p>Lo que distingue a la adsanidad es su flexibilidad, lo que permite a los usuarios crear informes de campa\u00f1a publicitarios personalizados, poniendo \u00e9nfasis en la importancia de los datos en los informes de anuncios. Esta adaptabilidad facilita a los usuarios centrarse en la informaci\u00f3n m\u00e1s relevante para su negocio.<\/p>\n<p>La adsanidad para empresas modestas garantiza una optimizaci\u00f3n eficiente de la campa\u00f1a publicitaria, lo que la convierte en una herramienta indispensable para empresarios. Las capacidades de la plataforma se extienden m\u00e1s all\u00e1 del mero monitoreo de anuncios, ofreciendo una soluci\u00f3n integral para profesionales de marketing experimentados. En general, los informes de anunciantes de Adsanity es una herramienta muy potente para los anunciantes, lo que hace que la gesti\u00f3n de la campa\u00f1a publicitaria sea un<\/p>\n","protected":false},"featured_media":165278,"comment_status":"open","ping_status":"open","template":"","meta":[],"product_brand":[2349],"product_cat":[1232,1206,1211],"product_tag":[1578],"class_list":{"0":"post-110441","1":"product","2":"type-product","3":"status-publish","4":"has-post-thumbnail","6":"product_brand-adsanity","7":"product_cat-marketing-wordpress-plugins","8":"product_cat-plugins","9":"product_cat-wordpress-plugins","10":"product_tag-adsanity","11":"member-discount","12":"discount-restricted","14":"first","15":"instock","16":"sale","17":"downloadable","18":"virtual","19":"sold-individually","20":"purchasable","21":"product-type-simple"},"_links":{"self":[{"href":"https:\/\/gpl-love.com\/es\/wp-json\/wp\/v2\/product\/110441","targetHints":{"allow":["GET"]}}],"collection":[{"href":"https:\/\/gpl-love.com\/es\/wp-json\/wp\/v2\/product"}],"about":[{"href":"https:\/\/gpl-love.com\/es\/wp-json\/wp\/v2\/types\/product"}],"replies":[{"embeddable":true,"href":"https:\/\/gpl-love.com\/es\/wp-json\/wp\/v2\/comments?post=110441"}],"wp:featuredmedia":[{"embeddable":true,"href":"https:\/\/gpl-love.com\/es\/wp-json\/wp\/v2\/media\/165278"}],"wp:attachment":[{"href":"https:\/\/gpl-love.com\/es\/wp-json\/wp\/v2\/media?parent=110441"}],"wp:term":[{"taxonomy":"product_brand","embeddable":true,"href":"https:\/\/gpl-love.com\/es\/wp-json\/wp\/v2\/product_brand?post=110441"},{"taxonomy":"product_cat","embeddable":true,"href":"https:\/\/gpl-love.com\/es\/wp-json\/wp\/v2\/product_cat?post=110441"},{"taxonomy":"product_tag","embeddable":true,"href":"https:\/\/gpl-love.com\/es\/wp-json\/wp\/v2\/product_tag?post=110441"}],"curies":[{"name":"wp","href":"https:\/\/api.w.org\/{rel}","templated":true}]}}